{"id":9532,"date":"2017-01-26T20:02:36","date_gmt":"2017-01-26T19:02:36","guid":{"rendered":"https:\/\/ghentaggregates2019.dazzle-qa.be\/product\/cavalho\/"},"modified":"2020-08-13T21:55:15","modified_gmt":"2020-08-13T19:55:15","slug":"cavalho","status":"publish","type":"product","link":"https:\/\/ghentaggregates.be\/fr\/produits\/construction-routiere\/cavalho\/","title":{"rendered":"Cavalho"},"content":{"rendered":"<table>\n<tbody>\n<tr>\n<td>Nom produit:<\/td>\n<td>CAVALHO<\/td>\n<\/tr>\n<tr>\n<td>Connu comme :<\/td>\n<td>Granite jaune<\/td>\n<\/tr>\n<tr>\n<td>Origine :<\/td>\n<td>Granite<\/td>\n<\/tr>\n<tr>\n<td>LA :<\/td>\n<td>20<\/td>\n<\/tr>\n<tr>\n<td>Granulom\u00e9trie :<\/td>\n<td>0\/4, 4\/6, 6\/1, 10\/14<\/td>\n<\/tr>\n<\/tbody>\n<\/table>\n<p><strong>Remarques:\u00a0<\/strong>Utilisable dans le routier, zone traffic lourd exclus, dans le paysagisme parc et jardin et b\u00e9tons d\u00e9coratifs. Granite jaune claire et ocre m\u00e9lange naturel avec un brillant noir.<\/p>\n<p>Ce granite jaune-orang\u00e9 reste exceptionnel de par sa composition et nature. Appliqu\u00e9 dans votre projet granito et terrazzo il donne un effet classe et chique, et est parfaitement composable avec d&rsquo;autres couleurs. Contactez-nous pour toutes options.<\/p>\n<p>Pour raisons \u00e9conomiques commandes minimals 10-12 tonnes.<\/p>\n","protected":false},"excerpt":{"rendered":"<p>Nom produit: CAVALHO Connu comme : Granite jaune Origine : Granite LA : 20 Granulom\u00e9trie : 0\/4, 4\/6, 6\/1, 10\/14 Remarques:\u00a0Utilisable dans le routier, zone traffic lourd exclus, dans le paysagisme parc et jardin et b\u00e9tons d\u00e9coratifs. Granite jaune claire et ocre m\u00e9lange naturel avec un brillant noir. Ce granite jaune-orang\u00e9 reste exceptionnel de par [&hellip;]<\/p>\n","protected":false},"featured_media":9530,"comment_status":"open","ping_status":"closed","template":"","meta":[],"class_list":["post-9532","product","type-product","status-publish","has-post-thumbnail","hentry","product_cat-construction-routiere","product_cat-betons","product_cat-paysagisme","product_tag-crushed-fr","product_tag-yellow-fr","pa_color-jaune","pa_grain_type-concasse"],"yoast_head":"<!-- This site is optimized with the Yoast SEO plugin v15.9.2 - https:\/\/yoast.com\/wordpress\/plugins\/seo\/ -->\n<title>Cavalho - Ghent Aggregates<\/title>\n<link rel=\"canonical\" href=\"https:\/\/ghentaggregates.be\/fr\/produits\/construction-routiere\/cavalho\/\" \/>\n<meta property=\"og:locale\" content=\"fr_FR\" \/>\n<meta property=\"og:type\" content=\"article\" \/>\n<meta property=\"og:title\" content=\"Cavalho - Ghent Aggregates\" \/>\n<meta property=\"og:description\" content=\"Nom produit: CAVALHO Connu comme : Granite jaune Origine : Granite LA : 20 Granulom\u00e9trie : 0\/4, 4\/6, 6\/1, 10\/14 Remarques:\u00a0Utilisable dans le routier, zone traffic lourd exclus, dans le paysagisme parc et jardin et b\u00e9tons d\u00e9coratifs. Granite jaune claire et ocre m\u00e9lange naturel avec un brillant noir. Ce granite jaune-orang\u00e9 reste exceptionnel de par [&hellip;]\" \/>\n<meta property=\"og:url\" content=\"https:\/\/ghentaggregates.be\/fr\/produits\/construction-routiere\/cavalho\/\" \/>\n<meta property=\"og:site_name\" content=\"Ghent Aggregates\" \/>\n<meta property=\"article:modified_time\" content=\"2020-08-13T19:55:15+00:00\" \/>\n<meta property=\"og:image\" content=\"https:\/\/ghentaggregates.be\/wp-content\/uploads\/2017\/01\/ghent-aggregates-cavalho-6-10-1.jpg\" \/>\n\t<meta property=\"og:image:width\" content=\"1152\" \/>\n\t<meta property=\"og:image:height\" content=\"768\" \/>\n<meta name=\"twitter:card\" content=\"summary_large_image\" \/>\n<script type=\"application\/ld+json\" class=\"yoast-schema-graph\">{\"@context\":\"https:\/\/schema.org\",\"@graph\":[{\"@type\":\"WebSite\",\"@id\":\"https:\/\/ghentaggregates.be\/#website\",\"url\":\"https:\/\/ghentaggregates.be\/\",\"name\":\"Ghent Aggregates\",\"description\":\"Votre partenaire pour tout granulats d\\u00e9co et techniques\",\"potentialAction\":[{\"@type\":\"SearchAction\",\"target\":\"https:\/\/ghentaggregates.be\/?s={search_term_string}\",\"query-input\":\"required name=search_term_string\"}],\"inLanguage\":\"fr-BE\"},{\"@type\":\"ImageObject\",\"@id\":\"https:\/\/ghentaggregates.be\/fr\/produits\/construction-routiere\/cavalho\/#primaryimage\",\"inLanguage\":\"fr-BE\",\"url\":\"https:\/\/ghentaggregates.be\/wp-content\/uploads\/2017\/01\/ghent-aggregates-cavalho-6-10-1.jpg\",\"width\":1152,\"height\":768},{\"@type\":\"WebPage\",\"@id\":\"https:\/\/ghentaggregates.be\/fr\/produits\/construction-routiere\/cavalho\/#webpage\",\"url\":\"https:\/\/ghentaggregates.be\/fr\/produits\/construction-routiere\/cavalho\/\",\"name\":\"Cavalho - Ghent Aggregates\",\"isPartOf\":{\"@id\":\"https:\/\/ghentaggregates.be\/#website\"},\"primaryImageOfPage\":{\"@id\":\"https:\/\/ghentaggregates.be\/fr\/produits\/construction-routiere\/cavalho\/#primaryimage\"},\"datePublished\":\"2017-01-26T19:02:36+00:00\",\"dateModified\":\"2020-08-13T19:55:15+00:00\",\"breadcrumb\":{\"@id\":\"https:\/\/ghentaggregates.be\/fr\/produits\/construction-routiere\/cavalho\/#breadcrumb\"},\"inLanguage\":\"fr-BE\",\"potentialAction\":[{\"@type\":\"ReadAction\",\"target\":[\"https:\/\/ghentaggregates.be\/fr\/produits\/construction-routiere\/cavalho\/\"]}]},{\"@type\":\"BreadcrumbList\",\"@id\":\"https:\/\/ghentaggregates.be\/fr\/produits\/construction-routiere\/cavalho\/#breadcrumb\",\"itemListElement\":[{\"@type\":\"ListItem\",\"position\":1,\"item\":{\"@type\":\"WebPage\",\"@id\":\"https:\/\/ghentaggregates.be\/fr\/\",\"url\":\"https:\/\/ghentaggregates.be\/fr\/\",\"name\":\"Home\"}},{\"@type\":\"ListItem\",\"position\":2,\"item\":{\"@type\":\"WebPage\",\"@id\":\"https:\/\/ghentaggregates.be\/fr\/produits\/construction-routiere\/\",\"url\":\"https:\/\/ghentaggregates.be\/fr\/produits\/construction-routiere\/\",\"name\":\"Construction routi\\u00e8re\"}},{\"@type\":\"ListItem\",\"position\":3,\"item\":{\"@type\":\"WebPage\",\"@id\":\"https:\/\/ghentaggregates.be\/fr\/produits\/construction-routiere\/cavalho\/\",\"url\":\"https:\/\/ghentaggregates.be\/fr\/produits\/construction-routiere\/cavalho\/\",\"name\":\"Cavalho\"}}]}]}<\/script>\n<!-- \/ Yoast SEO plugin. -->","_links":{"self":[{"href":"https:\/\/ghentaggregates.be\/fr\/wp-json\/wp\/v2\/product\/9532"}],"collection":[{"href":"https:\/\/ghentaggregates.be\/fr\/wp-json\/wp\/v2\/product"}],"about":[{"href":"https:\/\/ghentaggregates.be\/fr\/wp-json\/wp\/v2\/types\/product"}],"replies":[{"embeddable":true,"href":"https:\/\/ghentaggregates.be\/fr\/wp-json\/wp\/v2\/comments?post=9532"}],"version-history":[{"count":0,"href":"https:\/\/ghentaggregates.be\/fr\/wp-json\/wp\/v2\/product\/9532\/revisions"}],"wp:featuredmedia":[{"embeddable":true,"href":"https:\/\/ghentaggregates.be\/fr\/wp-json\/wp\/v2\/media\/9530"}],"wp:attachment":[{"href":"https:\/\/ghentaggregates.be\/fr\/wp-json\/wp\/v2\/media?parent=9532"}],"curies":[{"name":"wp","href":"https:\/\/api.w.org\/{rel}","templated":true}]}}