{"id":9548,"date":"2017-01-26T20:21:39","date_gmt":"2017-01-26T19:21:39","guid":{"rendered":"https:\/\/ghentaggregates2019.dazzle-qa.be\/product\/comblanchien\/"},"modified":"2020-08-12T23:02:55","modified_gmt":"2020-08-12T21:02:55","slug":"bourgogne-blanc","status":"publish","type":"product","link":"https:\/\/ghentaggregates.be\/fr\/produits\/construction-routiere\/bourgogne-blanc\/","title":{"rendered":"Carnac"},"content":{"rendered":"<table>\n<tbody>\n<tr>\n<td>Nom produit:<\/td>\n<td>Carnac<\/td>\n<\/tr>\n<tr>\n<td>Origine :<\/td>\n<td>Calcaire<\/td>\n<\/tr>\n<tr>\n<td>LA :<\/td>\n<td>25<\/td>\n<\/tr>\n<tr>\n<td>Granulom\u00e9trie :<\/td>\n<td>0\/4<br \/>\n2\/6<br \/>\n4\/6<br \/>\n6\/10<br \/>\n6\/14<br \/>\n14\/20<br \/>\n40\/80<\/td>\n<\/tr>\n<\/tbody>\n<\/table>\n<p><strong>Remarques: <\/strong>utilisable dans le routier, zone traffic lourd exclus. Parfait pour emploi dans le paysagisme, entr\u00e9e de garage, d\u00e9coration, b\u00e9ton d\u00e9coratif, etc. Le seul BLANC DE BOURGOGNE.<\/p>\n<p>Un des calcaires de couleur ivoire exclusif et de haute qualit\u00e9. Peut contenir de t\u00e2ches de rouilles d&rsquo;oxidation, localement. De couleur stable et durable. Toutes granulom\u00e9tries sur demande, aussi pour gabions.<\/p>\n","protected":false},"excerpt":{"rendered":"<p>Nom produit: Carnac Origine : Calcaire LA : 25 Granulom\u00e9trie : 0\/4 2\/6 4\/6 6\/10 6\/14 14\/20 40\/80 Remarques: utilisable dans le routier, zone traffic lourd exclus. Parfait pour emploi dans le paysagisme, entr\u00e9e de garage, d\u00e9coration, b\u00e9ton d\u00e9coratif, etc. Le seul BLANC DE BOURGOGNE. Un des calcaires de couleur ivoire exclusif et de haute [&hellip;]<\/p>\n","protected":false},"featured_media":9546,"comment_status":"open","ping_status":"closed","template":"","meta":[],"class_list":["post-9548","product","type-product","status-publish","has-post-thumbnail","hentry","product_cat-construction-routiere","product_cat-betons","product_cat-paysagisme","product_tag-crushed-fr","product_tag-white-fr","pa_color-blanc","pa_grain_type-concasse"],"yoast_head":"<!-- This site is optimized with the Yoast SEO plugin v15.9.2 - https:\/\/yoast.com\/wordpress\/plugins\/seo\/ -->\n<title>Carnac - Ghent Aggregates<\/title>\n<link rel=\"canonical\" href=\"https:\/\/ghentaggregates.be\/fr\/produits\/construction-routiere\/bourgogne-blanc\/\" \/>\n<meta property=\"og:locale\" content=\"fr_FR\" \/>\n<meta property=\"og:type\" content=\"article\" \/>\n<meta property=\"og:title\" content=\"Carnac - Ghent Aggregates\" \/>\n<meta property=\"og:description\" content=\"Nom produit: Carnac Origine : Calcaire LA : 25 Granulom\u00e9trie : 0\/4 2\/6 4\/6 6\/10 6\/14 14\/20 40\/80 Remarques: utilisable dans le routier, zone traffic lourd exclus. Parfait pour emploi dans le paysagisme, entr\u00e9e de garage, d\u00e9coration, b\u00e9ton d\u00e9coratif, etc. Le seul BLANC DE BOURGOGNE. Un des calcaires de couleur ivoire exclusif et de haute [&hellip;]\" \/>\n<meta property=\"og:url\" content=\"https:\/\/ghentaggregates.be\/fr\/produits\/construction-routiere\/bourgogne-blanc\/\" \/>\n<meta property=\"og:site_name\" content=\"Ghent Aggregates\" \/>\n<meta property=\"article:modified_time\" content=\"2020-08-12T21:02:55+00:00\" \/>\n<meta property=\"og:image\" content=\"https:\/\/ghentaggregates.be\/wp-content\/uploads\/2017\/01\/ghent-aggregates-comblanchien-6-10.jpg\" \/>\n\t<meta property=\"og:image:width\" content=\"1152\" \/>\n\t<meta property=\"og:image:height\" content=\"768\" \/>\n<meta name=\"twitter:card\" content=\"summary_large_image\" \/>\n<script type=\"application\/ld+json\" class=\"yoast-schema-graph\">{\"@context\":\"https:\/\/schema.org\",\"@graph\":[{\"@type\":\"WebSite\",\"@id\":\"https:\/\/ghentaggregates.be\/#website\",\"url\":\"https:\/\/ghentaggregates.be\/\",\"name\":\"Ghent Aggregates\",\"description\":\"Votre partenaire pour tout granulats d\\u00e9co et techniques\",\"potentialAction\":[{\"@type\":\"SearchAction\",\"target\":\"https:\/\/ghentaggregates.be\/?s={search_term_string}\",\"query-input\":\"required name=search_term_string\"}],\"inLanguage\":\"fr-BE\"},{\"@type\":\"ImageObject\",\"@id\":\"https:\/\/ghentaggregates.be\/fr\/produits\/construction-routiere\/bourgogne-blanc\/#primaryimage\",\"inLanguage\":\"fr-BE\",\"url\":\"https:\/\/ghentaggregates.be\/wp-content\/uploads\/2017\/01\/ghent-aggregates-comblanchien-6-10.jpg\",\"width\":1152,\"height\":768},{\"@type\":\"WebPage\",\"@id\":\"https:\/\/ghentaggregates.be\/fr\/produits\/construction-routiere\/bourgogne-blanc\/#webpage\",\"url\":\"https:\/\/ghentaggregates.be\/fr\/produits\/construction-routiere\/bourgogne-blanc\/\",\"name\":\"Carnac - Ghent Aggregates\",\"isPartOf\":{\"@id\":\"https:\/\/ghentaggregates.be\/#website\"},\"primaryImageOfPage\":{\"@id\":\"https:\/\/ghentaggregates.be\/fr\/produits\/construction-routiere\/bourgogne-blanc\/#primaryimage\"},\"datePublished\":\"2017-01-26T19:21:39+00:00\",\"dateModified\":\"2020-08-12T21:02:55+00:00\",\"breadcrumb\":{\"@id\":\"https:\/\/ghentaggregates.be\/fr\/produits\/construction-routiere\/bourgogne-blanc\/#breadcrumb\"},\"inLanguage\":\"fr-BE\",\"potentialAction\":[{\"@type\":\"ReadAction\",\"target\":[\"https:\/\/ghentaggregates.be\/fr\/produits\/construction-routiere\/bourgogne-blanc\/\"]}]},{\"@type\":\"BreadcrumbList\",\"@id\":\"https:\/\/ghentaggregates.be\/fr\/produits\/construction-routiere\/bourgogne-blanc\/#breadcrumb\",\"itemListElement\":[{\"@type\":\"ListItem\",\"position\":1,\"item\":{\"@type\":\"WebPage\",\"@id\":\"https:\/\/ghentaggregates.be\/fr\/\",\"url\":\"https:\/\/ghentaggregates.be\/fr\/\",\"name\":\"Home\"}},{\"@type\":\"ListItem\",\"position\":2,\"item\":{\"@type\":\"WebPage\",\"@id\":\"https:\/\/ghentaggregates.be\/fr\/produits\/construction-routiere\/\",\"url\":\"https:\/\/ghentaggregates.be\/fr\/produits\/construction-routiere\/\",\"name\":\"Construction routi\\u00e8re\"}},{\"@type\":\"ListItem\",\"position\":3,\"item\":{\"@type\":\"WebPage\",\"@id\":\"https:\/\/ghentaggregates.be\/fr\/produits\/construction-routiere\/bourgogne-blanc\/\",\"url\":\"https:\/\/ghentaggregates.be\/fr\/produits\/construction-routiere\/bourgogne-blanc\/\",\"name\":\"Carnac\"}}]}]}<\/script>\n<!-- \/ Yoast SEO plugin. -->","_links":{"self":[{"href":"https:\/\/ghentaggregates.be\/fr\/wp-json\/wp\/v2\/product\/9548"}],"collection":[{"href":"https:\/\/ghentaggregates.be\/fr\/wp-json\/wp\/v2\/product"}],"about":[{"href":"https:\/\/ghentaggregates.be\/fr\/wp-json\/wp\/v2\/types\/product"}],"replies":[{"embeddable":true,"href":"https:\/\/ghentaggregates.be\/fr\/wp-json\/wp\/v2\/comments?post=9548"}],"version-history":[{"count":0,"href":"https:\/\/ghentaggregates.be\/fr\/wp-json\/wp\/v2\/product\/9548\/revisions"}],"wp:featuredmedia":[{"embeddable":true,"href":"https:\/\/ghentaggregates.be\/fr\/wp-json\/wp\/v2\/media\/9546"}],"wp:attachment":[{"href":"https:\/\/ghentaggregates.be\/fr\/wp-json\/wp\/v2\/media?parent=9548"}],"curies":[{"name":"wp","href":"https:\/\/api.w.org\/{rel}","templated":true}]}}