{"id":9564,"date":"2017-01-26T20:44:31","date_gmt":"2017-01-26T19:44:31","guid":{"rendered":"https:\/\/ghentaggregates2019.dazzle-qa.be\/product\/cordoba\/"},"modified":"2020-08-13T21:42:29","modified_gmt":"2020-08-13T19:42:29","slug":"cordoba","status":"publish","type":"product","link":"https:\/\/ghentaggregates.be\/fr\/produits\/paysagisme\/cordoba\/","title":{"rendered":"Cordoba"},"content":{"rendered":"<table>\n<tbody>\n<tr>\n<td>Nom produit:<\/td>\n<td>CORDOBA<\/td>\n<\/tr>\n<tr>\n<td>Origine :<\/td>\n<td>Calcaire<\/td>\n<\/tr>\n<tr>\n<td>LA :<\/td>\n<td>NPD<\/td>\n<\/tr>\n<tr>\n<td>Granulom\u00e9trie :<\/td>\n<td>12\/18<br \/>\n20\/40<br \/>\n40\/60<\/td>\n<\/tr>\n<\/tbody>\n<\/table>\n<p><strong>Remarques: <\/strong>granulat roul\u00e9 d\u00e9coratif jaune claire, uniquement disponible en plus grandes granulom\u00e9tries. Pour emploi en paysagisme ou gabions.<\/p>\n<p>Les galets jaunes doux, qui vous am\u00e8ne un rayon de soleil m\u00e9diterran\u00e9e au projet. Ces galets sont de haute qualit\u00e9 et n\u00e9anmoins tr\u00e8s attrayants.<\/p>\n","protected":false},"excerpt":{"rendered":"<p>Nom produit: CORDOBA Origine : Calcaire LA : NPD Granulom\u00e9trie : 12\/18 20\/40 40\/60 Remarques: granulat roul\u00e9 d\u00e9coratif jaune claire, uniquement disponible en plus grandes granulom\u00e9tries. Pour emploi en paysagisme ou gabions. Les galets jaunes doux, qui vous am\u00e8ne un rayon de soleil m\u00e9diterran\u00e9e au projet. Ces galets sont de haute qualit\u00e9 et n\u00e9anmoins tr\u00e8s [&hellip;]<\/p>\n","protected":false},"featured_media":9562,"comment_status":"open","ping_status":"closed","template":"","meta":[],"class_list":["post-9564","product","type-product","status-publish","has-post-thumbnail","hentry","product_cat-paysagisme","product_tag-round-fr","product_tag-yellow-fr","pa_color-jaune","pa_grain_type-roule"],"yoast_head":"<!-- This site is optimized with the Yoast SEO plugin v15.9.2 - https:\/\/yoast.com\/wordpress\/plugins\/seo\/ -->\n<title>Cordoba - Ghent Aggregates<\/title>\n<link rel=\"canonical\" href=\"https:\/\/ghentaggregates.be\/fr\/produits\/paysagisme\/cordoba\/\" \/>\n<meta property=\"og:locale\" content=\"fr_FR\" \/>\n<meta property=\"og:type\" content=\"article\" \/>\n<meta property=\"og:title\" content=\"Cordoba - Ghent Aggregates\" \/>\n<meta property=\"og:description\" content=\"Nom produit: CORDOBA Origine : Calcaire LA : NPD Granulom\u00e9trie : 12\/18 20\/40 40\/60 Remarques: granulat roul\u00e9 d\u00e9coratif jaune claire, uniquement disponible en plus grandes granulom\u00e9tries. Pour emploi en paysagisme ou gabions. Les galets jaunes doux, qui vous am\u00e8ne un rayon de soleil m\u00e9diterran\u00e9e au projet. Ces galets sont de haute qualit\u00e9 et n\u00e9anmoins tr\u00e8s [&hellip;]\" \/>\n<meta property=\"og:url\" content=\"https:\/\/ghentaggregates.be\/fr\/produits\/paysagisme\/cordoba\/\" \/>\n<meta property=\"og:site_name\" content=\"Ghent Aggregates\" \/>\n<meta property=\"article:modified_time\" content=\"2020-08-13T19:42:29+00:00\" \/>\n<meta property=\"og:image\" content=\"https:\/\/ghentaggregates.be\/wp-content\/uploads\/2017\/01\/ghent-aggregates-cordoba-12-18r.jpg\" \/>\n\t<meta property=\"og:image:width\" content=\"1152\" \/>\n\t<meta property=\"og:image:height\" content=\"768\" \/>\n<meta name=\"twitter:card\" content=\"summary_large_image\" \/>\n<script type=\"application\/ld+json\" class=\"yoast-schema-graph\">{\"@context\":\"https:\/\/schema.org\",\"@graph\":[{\"@type\":\"WebSite\",\"@id\":\"https:\/\/ghentaggregates.be\/#website\",\"url\":\"https:\/\/ghentaggregates.be\/\",\"name\":\"Ghent Aggregates\",\"description\":\"Votre partenaire pour tout granulats d\\u00e9co et techniques\",\"potentialAction\":[{\"@type\":\"SearchAction\",\"target\":\"https:\/\/ghentaggregates.be\/?s={search_term_string}\",\"query-input\":\"required name=search_term_string\"}],\"inLanguage\":\"fr-BE\"},{\"@type\":\"ImageObject\",\"@id\":\"https:\/\/ghentaggregates.be\/fr\/produits\/paysagisme\/cordoba\/#primaryimage\",\"inLanguage\":\"fr-BE\",\"url\":\"https:\/\/ghentaggregates.be\/wp-content\/uploads\/2017\/01\/ghent-aggregates-cordoba-12-18r.jpg\",\"width\":1152,\"height\":768},{\"@type\":\"WebPage\",\"@id\":\"https:\/\/ghentaggregates.be\/fr\/produits\/paysagisme\/cordoba\/#webpage\",\"url\":\"https:\/\/ghentaggregates.be\/fr\/produits\/paysagisme\/cordoba\/\",\"name\":\"Cordoba - Ghent Aggregates\",\"isPartOf\":{\"@id\":\"https:\/\/ghentaggregates.be\/#website\"},\"primaryImageOfPage\":{\"@id\":\"https:\/\/ghentaggregates.be\/fr\/produits\/paysagisme\/cordoba\/#primaryimage\"},\"datePublished\":\"2017-01-26T19:44:31+00:00\",\"dateModified\":\"2020-08-13T19:42:29+00:00\",\"breadcrumb\":{\"@id\":\"https:\/\/ghentaggregates.be\/fr\/produits\/paysagisme\/cordoba\/#breadcrumb\"},\"inLanguage\":\"fr-BE\",\"potentialAction\":[{\"@type\":\"ReadAction\",\"target\":[\"https:\/\/ghentaggregates.be\/fr\/produits\/paysagisme\/cordoba\/\"]}]},{\"@type\":\"BreadcrumbList\",\"@id\":\"https:\/\/ghentaggregates.be\/fr\/produits\/paysagisme\/cordoba\/#breadcrumb\",\"itemListElement\":[{\"@type\":\"ListItem\",\"position\":1,\"item\":{\"@type\":\"WebPage\",\"@id\":\"https:\/\/ghentaggregates.be\/fr\/\",\"url\":\"https:\/\/ghentaggregates.be\/fr\/\",\"name\":\"Home\"}},{\"@type\":\"ListItem\",\"position\":2,\"item\":{\"@type\":\"WebPage\",\"@id\":\"https:\/\/ghentaggregates.be\/fr\/produits\/paysagisme\/\",\"url\":\"https:\/\/ghentaggregates.be\/fr\/produits\/paysagisme\/\",\"name\":\"Paysagisme\"}},{\"@type\":\"ListItem\",\"position\":3,\"item\":{\"@type\":\"WebPage\",\"@id\":\"https:\/\/ghentaggregates.be\/fr\/produits\/paysagisme\/cordoba\/\",\"url\":\"https:\/\/ghentaggregates.be\/fr\/produits\/paysagisme\/cordoba\/\",\"name\":\"Cordoba\"}}]}]}<\/script>\n<!-- \/ Yoast SEO plugin. -->","_links":{"self":[{"href":"https:\/\/ghentaggregates.be\/fr\/wp-json\/wp\/v2\/product\/9564"}],"collection":[{"href":"https:\/\/ghentaggregates.be\/fr\/wp-json\/wp\/v2\/product"}],"about":[{"href":"https:\/\/ghentaggregates.be\/fr\/wp-json\/wp\/v2\/types\/product"}],"replies":[{"embeddable":true,"href":"https:\/\/ghentaggregates.be\/fr\/wp-json\/wp\/v2\/comments?post=9564"}],"version-history":[{"count":0,"href":"https:\/\/ghentaggregates.be\/fr\/wp-json\/wp\/v2\/product\/9564\/revisions"}],"wp:featuredmedia":[{"embeddable":true,"href":"https:\/\/ghentaggregates.be\/fr\/wp-json\/wp\/v2\/media\/9562"}],"wp:attachment":[{"href":"https:\/\/ghentaggregates.be\/fr\/wp-json\/wp\/v2\/media?parent=9564"}],"curies":[{"name":"wp","href":"https:\/\/api.w.org\/{rel}","templated":true}]}}