{"id":9571,"date":"2017-01-26T20:56:00","date_gmt":"2017-01-26T19:56:00","guid":{"rendered":"https:\/\/ghentaggregates2019.dazzle-qa.be\/product\/diabas-grun\/"},"modified":"2020-08-13T21:40:25","modified_gmt":"2020-08-13T19:40:25","slug":"diabas-grun","status":"publish","type":"product","link":"https:\/\/ghentaggregates.be\/fr\/produits\/construction-routiere\/diabas-grun\/","title":{"rendered":"Diabas Gr\u00fcn"},"content":{"rendered":"<table>\n<tbody>\n<tr>\n<td>Nom produit:<\/td>\n<td>DIABAS GRUN<\/td>\n<\/tr>\n<tr>\n<td>Origine :<\/td>\n<td>Diabas<\/td>\n<\/tr>\n<tr>\n<td>LA :<\/td>\n<td>11<\/td>\n<\/tr>\n<tr>\n<td>Granulom\u00e9trie :<\/td>\n<td>0\/2<br \/>\n2\/5<br \/>\n5\/8<br \/>\n8\/11<br \/>\n8\/16<\/td>\n<\/tr>\n<\/tbody>\n<\/table>\n<p><strong>Remarques:\u00a0<\/strong>granulat ultra d\u00fbr pour b\u00e9tons techniques avec des besoins \u00e9lev\u00e9s au niveau r\u00e9sistances et durabilit\u00e9. De couleur vert fonc\u00e9, stable et disponible en diff\u00e9rent granulom\u00e9tries, sur demande.<\/p>\n<p>A la recherche de granulats plus performants que les porphyres? Celui-ci a un PSV +60 et un Los Angeles extr\u00e8mement faible. Ceci veut dire qu&rsquo;il est super d\u00fbr, tr\u00e8s durable et de ce fait, admissible dans les constructions les plus exigents.<\/p>\n","protected":false},"excerpt":{"rendered":"<p>Nom produit: DIABAS GRUN Origine : Diabas LA : 11 Granulom\u00e9trie : 0\/2 2\/5 5\/8 8\/11 8\/16 Remarques:\u00a0granulat ultra d\u00fbr pour b\u00e9tons techniques avec des besoins \u00e9lev\u00e9s au niveau r\u00e9sistances et durabilit\u00e9. De couleur vert fonc\u00e9, stable et disponible en diff\u00e9rent granulom\u00e9tries, sur demande. A la recherche de granulats plus performants que les porphyres? Celui-ci [&hellip;]<\/p>\n","protected":false},"featured_media":9569,"comment_status":"open","ping_status":"closed","template":"","meta":[],"class_list":["post-9571","product","type-product","status-publish","has-post-thumbnail","hentry","product_cat-construction-routiere","product_cat-betons","product_cat-paysagisme","product_tag-crushed-fr","product_tag-green-fr","pa_color-vert","pa_grain_type-concasse"],"yoast_head":"<!-- This site is optimized with the Yoast SEO plugin v15.9.2 - https:\/\/yoast.com\/wordpress\/plugins\/seo\/ -->\n<title>Diabas Gr\u00fcn - Ghent Aggregates<\/title>\n<link rel=\"canonical\" href=\"https:\/\/ghentaggregates.be\/fr\/produits\/construction-routiere\/diabas-grun\/\" \/>\n<meta property=\"og:locale\" content=\"fr_FR\" \/>\n<meta property=\"og:type\" content=\"article\" \/>\n<meta property=\"og:title\" content=\"Diabas Gr\u00fcn - Ghent Aggregates\" \/>\n<meta property=\"og:description\" content=\"Nom produit: DIABAS GRUN Origine : Diabas LA : 11 Granulom\u00e9trie : 0\/2 2\/5 5\/8 8\/11 8\/16 Remarques:\u00a0granulat ultra d\u00fbr pour b\u00e9tons techniques avec des besoins \u00e9lev\u00e9s au niveau r\u00e9sistances et durabilit\u00e9. De couleur vert fonc\u00e9, stable et disponible en diff\u00e9rent granulom\u00e9tries, sur demande. A la recherche de granulats plus performants que les porphyres? Celui-ci [&hellip;]\" \/>\n<meta property=\"og:url\" content=\"https:\/\/ghentaggregates.be\/fr\/produits\/construction-routiere\/diabas-grun\/\" \/>\n<meta property=\"og:site_name\" content=\"Ghent Aggregates\" \/>\n<meta property=\"article:modified_time\" content=\"2020-08-13T19:40:25+00:00\" \/>\n<meta property=\"og:image\" content=\"https:\/\/ghentaggregates.be\/wp-content\/uploads\/2017\/01\/ghent-aggregates-diabas-grun-8-11c.jpg\" \/>\n\t<meta property=\"og:image:width\" content=\"1152\" \/>\n\t<meta property=\"og:image:height\" content=\"768\" \/>\n<meta name=\"twitter:card\" content=\"summary_large_image\" \/>\n<script type=\"application\/ld+json\" class=\"yoast-schema-graph\">{\"@context\":\"https:\/\/schema.org\",\"@graph\":[{\"@type\":\"WebSite\",\"@id\":\"https:\/\/ghentaggregates.be\/#website\",\"url\":\"https:\/\/ghentaggregates.be\/\",\"name\":\"Ghent Aggregates\",\"description\":\"Votre partenaire pour tout granulats d\\u00e9co et techniques\",\"potentialAction\":[{\"@type\":\"SearchAction\",\"target\":\"https:\/\/ghentaggregates.be\/?s={search_term_string}\",\"query-input\":\"required name=search_term_string\"}],\"inLanguage\":\"fr-BE\"},{\"@type\":\"ImageObject\",\"@id\":\"https:\/\/ghentaggregates.be\/fr\/produits\/construction-routiere\/diabas-grun\/#primaryimage\",\"inLanguage\":\"fr-BE\",\"url\":\"https:\/\/ghentaggregates.be\/wp-content\/uploads\/2017\/01\/ghent-aggregates-diabas-grun-8-11c.jpg\",\"width\":1152,\"height\":768},{\"@type\":\"WebPage\",\"@id\":\"https:\/\/ghentaggregates.be\/fr\/produits\/construction-routiere\/diabas-grun\/#webpage\",\"url\":\"https:\/\/ghentaggregates.be\/fr\/produits\/construction-routiere\/diabas-grun\/\",\"name\":\"Diabas Gr\\u00fcn - Ghent Aggregates\",\"isPartOf\":{\"@id\":\"https:\/\/ghentaggregates.be\/#website\"},\"primaryImageOfPage\":{\"@id\":\"https:\/\/ghentaggregates.be\/fr\/produits\/construction-routiere\/diabas-grun\/#primaryimage\"},\"datePublished\":\"2017-01-26T19:56:00+00:00\",\"dateModified\":\"2020-08-13T19:40:25+00:00\",\"breadcrumb\":{\"@id\":\"https:\/\/ghentaggregates.be\/fr\/produits\/construction-routiere\/diabas-grun\/#breadcrumb\"},\"inLanguage\":\"fr-BE\",\"potentialAction\":[{\"@type\":\"ReadAction\",\"target\":[\"https:\/\/ghentaggregates.be\/fr\/produits\/construction-routiere\/diabas-grun\/\"]}]},{\"@type\":\"BreadcrumbList\",\"@id\":\"https:\/\/ghentaggregates.be\/fr\/produits\/construction-routiere\/diabas-grun\/#breadcrumb\",\"itemListElement\":[{\"@type\":\"ListItem\",\"position\":1,\"item\":{\"@type\":\"WebPage\",\"@id\":\"https:\/\/ghentaggregates.be\/fr\/\",\"url\":\"https:\/\/ghentaggregates.be\/fr\/\",\"name\":\"Home\"}},{\"@type\":\"ListItem\",\"position\":2,\"item\":{\"@type\":\"WebPage\",\"@id\":\"https:\/\/ghentaggregates.be\/fr\/produits\/construction-routiere\/\",\"url\":\"https:\/\/ghentaggregates.be\/fr\/produits\/construction-routiere\/\",\"name\":\"Construction routi\\u00e8re\"}},{\"@type\":\"ListItem\",\"position\":3,\"item\":{\"@type\":\"WebPage\",\"@id\":\"https:\/\/ghentaggregates.be\/fr\/produits\/construction-routiere\/diabas-grun\/\",\"url\":\"https:\/\/ghentaggregates.be\/fr\/produits\/construction-routiere\/diabas-grun\/\",\"name\":\"Diabas Gr\\u00fcn\"}}]}]}<\/script>\n<!-- \/ Yoast SEO plugin. -->","_links":{"self":[{"href":"https:\/\/ghentaggregates.be\/fr\/wp-json\/wp\/v2\/product\/9571"}],"collection":[{"href":"https:\/\/ghentaggregates.be\/fr\/wp-json\/wp\/v2\/product"}],"about":[{"href":"https:\/\/ghentaggregates.be\/fr\/wp-json\/wp\/v2\/types\/product"}],"replies":[{"embeddable":true,"href":"https:\/\/ghentaggregates.be\/fr\/wp-json\/wp\/v2\/comments?post=9571"}],"version-history":[{"count":0,"href":"https:\/\/ghentaggregates.be\/fr\/wp-json\/wp\/v2\/product\/9571\/revisions"}],"wp:featuredmedia":[{"embeddable":true,"href":"https:\/\/ghentaggregates.be\/fr\/wp-json\/wp\/v2\/media\/9569"}],"wp:attachment":[{"href":"https:\/\/ghentaggregates.be\/fr\/wp-json\/wp\/v2\/media?parent=9571"}],"curies":[{"name":"wp","href":"https:\/\/api.w.org\/{rel}","templated":true}]}}