{"id":9595,"date":"2017-01-27T07:32:55","date_gmt":"2017-01-27T06:32:55","guid":{"rendered":"https:\/\/ghentaggregates2019.dazzle-qa.be\/product\/vivendi\/"},"modified":"2020-08-12T22:56:08","modified_gmt":"2020-08-12T20:56:08","slug":"vivendi","status":"publish","type":"product","link":"https:\/\/ghentaggregates.be\/fr\/produits\/construction-routiere\/vivendi\/","title":{"rendered":"Vivendi"},"content":{"rendered":"<table>\n<tbody>\n<tr>\n<td>Nom produit:<\/td>\n<td>VIVENDI<\/td>\n<\/tr>\n<tr>\n<td>Connu comme :<\/td>\n<td>Quartz gris<\/td>\n<\/tr>\n<tr>\n<td>Origine :<\/td>\n<td>Quartzite<\/td>\n<\/tr>\n<tr>\n<td>LA :<\/td>\n<td>17<\/td>\n<\/tr>\n<tr>\n<td>Granulom\u00e9trie :<\/td>\n<td>0\/4<br \/>\n4\/11 (stock)<br \/>\n6\/10<br \/>\n10\/14<\/td>\n<\/tr>\n<\/tbody>\n<\/table>\n<p><strong>Remarques: <\/strong>utilisable dans la construction routier, zone \u00e0 traffic lourd inclus. Parfait pour emploi b\u00e9ton d\u00e9coratif et tous fins paysagisme, parc et jardin. Ce granulat extr\u00eamement d\u00fbr peut \u00eatre utiliser \u00e9galement dans les b\u00e9tons de haute performance. Granulat essentiellement gris clair et fonc\u00e9, peut contenir quelques \u00e9l\u00e9ments jaune et pourpre, ce qui donne un caract\u00e8re vivant \u00e0 ce type de granulat.<\/p>\n","protected":false},"excerpt":{"rendered":"<p>Nom produit: VIVENDI Connu comme : Quartz gris Origine : Quartzite LA : 17 Granulom\u00e9trie : 0\/4 4\/11 (stock) 6\/10 10\/14 Remarques: utilisable dans la construction routier, zone \u00e0 traffic lourd inclus. Parfait pour emploi b\u00e9ton d\u00e9coratif et tous fins paysagisme, parc et jardin. Ce granulat extr\u00eamement d\u00fbr peut \u00eatre utiliser \u00e9galement dans les b\u00e9tons [&hellip;]<\/p>\n","protected":false},"featured_media":9593,"comment_status":"open","ping_status":"closed","template":"","meta":[],"class_list":["post-9595","product","type-product","status-publish","has-post-thumbnail","hentry","product_cat-construction-routiere","product_cat-betons","product_cat-paysagisme","product_tag-crushed-fr","product_tag-grey-fr","pa_color-gris","pa_grain_type-concasse"],"yoast_head":"<!-- This site is optimized with the Yoast SEO plugin v15.9.2 - https:\/\/yoast.com\/wordpress\/plugins\/seo\/ -->\n<title>Vivendi - Ghent Aggregates<\/title>\n<link rel=\"canonical\" href=\"https:\/\/ghentaggregates.be\/fr\/produits\/construction-routiere\/vivendi\/\" \/>\n<meta property=\"og:locale\" content=\"fr_FR\" \/>\n<meta property=\"og:type\" content=\"article\" \/>\n<meta property=\"og:title\" content=\"Vivendi - Ghent Aggregates\" \/>\n<meta property=\"og:description\" content=\"Nom produit: VIVENDI Connu comme : Quartz gris Origine : Quartzite LA : 17 Granulom\u00e9trie : 0\/4 4\/11 (stock) 6\/10 10\/14 Remarques: utilisable dans la construction routier, zone \u00e0 traffic lourd inclus. Parfait pour emploi b\u00e9ton d\u00e9coratif et tous fins paysagisme, parc et jardin. Ce granulat extr\u00eamement d\u00fbr peut \u00eatre utiliser \u00e9galement dans les b\u00e9tons [&hellip;]\" \/>\n<meta property=\"og:url\" content=\"https:\/\/ghentaggregates.be\/fr\/produits\/construction-routiere\/vivendi\/\" \/>\n<meta property=\"og:site_name\" content=\"Ghent Aggregates\" \/>\n<meta property=\"article:modified_time\" content=\"2020-08-12T20:56:08+00:00\" \/>\n<meta property=\"og:image\" content=\"https:\/\/ghentaggregates.be\/wp-content\/uploads\/2017\/01\/ghent-aggregates-vivendi-4-12.jpg\" \/>\n\t<meta property=\"og:image:width\" content=\"1152\" \/>\n\t<meta property=\"og:image:height\" content=\"768\" \/>\n<meta name=\"twitter:card\" content=\"summary_large_image\" \/>\n<script type=\"application\/ld+json\" class=\"yoast-schema-graph\">{\"@context\":\"https:\/\/schema.org\",\"@graph\":[{\"@type\":\"WebSite\",\"@id\":\"https:\/\/ghentaggregates.be\/#website\",\"url\":\"https:\/\/ghentaggregates.be\/\",\"name\":\"Ghent Aggregates\",\"description\":\"Votre partenaire pour tout granulats d\\u00e9co et techniques\",\"potentialAction\":[{\"@type\":\"SearchAction\",\"target\":\"https:\/\/ghentaggregates.be\/?s={search_term_string}\",\"query-input\":\"required name=search_term_string\"}],\"inLanguage\":\"fr-BE\"},{\"@type\":\"ImageObject\",\"@id\":\"https:\/\/ghentaggregates.be\/fr\/produits\/construction-routiere\/vivendi\/#primaryimage\",\"inLanguage\":\"fr-BE\",\"url\":\"https:\/\/ghentaggregates.be\/wp-content\/uploads\/2017\/01\/ghent-aggregates-vivendi-4-12.jpg\",\"width\":1152,\"height\":768},{\"@type\":\"WebPage\",\"@id\":\"https:\/\/ghentaggregates.be\/fr\/produits\/construction-routiere\/vivendi\/#webpage\",\"url\":\"https:\/\/ghentaggregates.be\/fr\/produits\/construction-routiere\/vivendi\/\",\"name\":\"Vivendi - Ghent Aggregates\",\"isPartOf\":{\"@id\":\"https:\/\/ghentaggregates.be\/#website\"},\"primaryImageOfPage\":{\"@id\":\"https:\/\/ghentaggregates.be\/fr\/produits\/construction-routiere\/vivendi\/#primaryimage\"},\"datePublished\":\"2017-01-27T06:32:55+00:00\",\"dateModified\":\"2020-08-12T20:56:08+00:00\",\"breadcrumb\":{\"@id\":\"https:\/\/ghentaggregates.be\/fr\/produits\/construction-routiere\/vivendi\/#breadcrumb\"},\"inLanguage\":\"fr-BE\",\"potentialAction\":[{\"@type\":\"ReadAction\",\"target\":[\"https:\/\/ghentaggregates.be\/fr\/produits\/construction-routiere\/vivendi\/\"]}]},{\"@type\":\"BreadcrumbList\",\"@id\":\"https:\/\/ghentaggregates.be\/fr\/produits\/construction-routiere\/vivendi\/#breadcrumb\",\"itemListElement\":[{\"@type\":\"ListItem\",\"position\":1,\"item\":{\"@type\":\"WebPage\",\"@id\":\"https:\/\/ghentaggregates.be\/fr\/\",\"url\":\"https:\/\/ghentaggregates.be\/fr\/\",\"name\":\"Home\"}},{\"@type\":\"ListItem\",\"position\":2,\"item\":{\"@type\":\"WebPage\",\"@id\":\"https:\/\/ghentaggregates.be\/fr\/produits\/construction-routiere\/\",\"url\":\"https:\/\/ghentaggregates.be\/fr\/produits\/construction-routiere\/\",\"name\":\"Construction routi\\u00e8re\"}},{\"@type\":\"ListItem\",\"position\":3,\"item\":{\"@type\":\"WebPage\",\"@id\":\"https:\/\/ghentaggregates.be\/fr\/produits\/construction-routiere\/vivendi\/\",\"url\":\"https:\/\/ghentaggregates.be\/fr\/produits\/construction-routiere\/vivendi\/\",\"name\":\"Vivendi\"}}]}]}<\/script>\n<!-- \/ Yoast SEO plugin. -->","_links":{"self":[{"href":"https:\/\/ghentaggregates.be\/fr\/wp-json\/wp\/v2\/product\/9595"}],"collection":[{"href":"https:\/\/ghentaggregates.be\/fr\/wp-json\/wp\/v2\/product"}],"about":[{"href":"https:\/\/ghentaggregates.be\/fr\/wp-json\/wp\/v2\/types\/product"}],"replies":[{"embeddable":true,"href":"https:\/\/ghentaggregates.be\/fr\/wp-json\/wp\/v2\/comments?post=9595"}],"version-history":[{"count":0,"href":"https:\/\/ghentaggregates.be\/fr\/wp-json\/wp\/v2\/product\/9595\/revisions"}],"wp:featuredmedia":[{"embeddable":true,"href":"https:\/\/ghentaggregates.be\/fr\/wp-json\/wp\/v2\/media\/9593"}],"wp:attachment":[{"href":"https:\/\/ghentaggregates.be\/fr\/wp-json\/wp\/v2\/media?parent=9595"}],"curies":[{"name":"wp","href":"https:\/\/api.w.org\/{rel}","templated":true}]}}