{"id":9603,"date":"2017-01-27T13:19:17","date_gmt":"2017-01-27T12:19:17","guid":{"rendered":"https:\/\/ghentaggregates2019.dazzle-qa.be\/product\/eifel-split\/"},"modified":"2023-11-02T20:18:26","modified_gmt":"2023-11-02T19:18:26","slug":"eifel-split","status":"publish","type":"product","link":"https:\/\/ghentaggregates.be\/fr\/produits\/construction-routiere\/eifel-split\/","title":{"rendered":"Eifel Split"},"content":{"rendered":"<table>\n<tbody>\n<tr>\n<td>Nom produit:<\/td>\n<td>EIFEL SPLIT<\/td>\n<\/tr>\n<tr>\n<td>Origine :<\/td>\n<td>Quartz<\/td>\n<\/tr>\n<tr>\n<td>LA :<\/td>\n<td>18<\/td>\n<\/tr>\n<tr>\n<td>Granulom\u00e9trie :<\/td>\n<td>0\/2<br \/>\n1\/3 (stock)<br \/>\n2\/5 (stock)<br \/>\n5\/8 (stock)<\/td>\n<\/tr>\n<\/tbody>\n<\/table>\n<p><strong>Remarques: <\/strong>utilisable dans le routier, zone \u00e0 traffic lourd inclus. Aussi \u00e0 utiliser pour tous fins de paysagisme, d\u00e9coration, b\u00e9ton lav\u00e9s, d\u00e9coratifs etc. Contient essentiellement du blanc mais peut avoir des \u00e9l\u00e9ments color\u00e9s isol\u00e9s.<\/p>\n<p>Quartz magnifique \u00e0 m\u00e9lenager avec un basalte, porphyre, quarzite et autres concass\u00e9s dans les applications routiers et autres. Par contre pour un PSV \u00e9lev\u00e9, il faut \u00e9valuer notre alternatif LYSIT.<\/p>\n","protected":false},"excerpt":{"rendered":"<p>Nom produit: EIFEL SPLIT Origine : Quartz LA : 18 Granulom\u00e9trie : 0\/2 1\/3 (stock) 2\/5 (stock) 5\/8 (stock) Remarques: utilisable dans le routier, zone \u00e0 traffic lourd inclus. Aussi \u00e0 utiliser pour tous fins de paysagisme, d\u00e9coration, b\u00e9ton lav\u00e9s, d\u00e9coratifs etc. Contient essentiellement du blanc mais peut avoir des \u00e9l\u00e9ments color\u00e9s isol\u00e9s. Quartz magnifique [&hellip;]<\/p>\n","protected":false},"featured_media":9601,"comment_status":"open","ping_status":"closed","template":"","meta":[],"class_list":["post-9603","product","type-product","status-publish","has-post-thumbnail","hentry","product_cat-construction-routiere","product_cat-betons","product_cat-paysagisme","product_tag-crushed-fr","product_tag-white-fr","pa_color-blanc","pa_grain_type-concasse"],"yoast_head":"<!-- This site is optimized with the Yoast SEO plugin v15.9.2 - https:\/\/yoast.com\/wordpress\/plugins\/seo\/ -->\n<title>Eifel Split - Ghent Aggregates<\/title>\n<link rel=\"canonical\" href=\"https:\/\/ghentaggregates.be\/fr\/produits\/construction-routiere\/eifel-split\/\" \/>\n<meta property=\"og:locale\" content=\"fr_FR\" \/>\n<meta property=\"og:type\" content=\"article\" \/>\n<meta property=\"og:title\" content=\"Eifel Split - Ghent Aggregates\" \/>\n<meta property=\"og:description\" content=\"Nom produit: EIFEL SPLIT Origine : Quartz LA : 18 Granulom\u00e9trie : 0\/2 1\/3 (stock) 2\/5 (stock) 5\/8 (stock) Remarques: utilisable dans le routier, zone \u00e0 traffic lourd inclus. Aussi \u00e0 utiliser pour tous fins de paysagisme, d\u00e9coration, b\u00e9ton lav\u00e9s, d\u00e9coratifs etc. Contient essentiellement du blanc mais peut avoir des \u00e9l\u00e9ments color\u00e9s isol\u00e9s. Quartz magnifique [&hellip;]\" \/>\n<meta property=\"og:url\" content=\"https:\/\/ghentaggregates.be\/fr\/produits\/construction-routiere\/eifel-split\/\" \/>\n<meta property=\"og:site_name\" content=\"Ghent Aggregates\" \/>\n<meta property=\"article:modified_time\" content=\"2023-11-02T19:18:26+00:00\" \/>\n<meta property=\"og:image\" content=\"https:\/\/ghentaggregates.be\/wp-content\/uploads\/2017\/01\/ghent-aggregates-eifel-split-5-8.jpg\" \/>\n\t<meta property=\"og:image:width\" content=\"1152\" \/>\n\t<meta property=\"og:image:height\" content=\"768\" \/>\n<meta name=\"twitter:card\" content=\"summary_large_image\" \/>\n<meta name=\"twitter:label1\" content=\"Dur\u00e9e de lecture est.\">\n\t<meta name=\"twitter:data1\" content=\"1 minute\">\n<script type=\"application\/ld+json\" class=\"yoast-schema-graph\">{\"@context\":\"https:\/\/schema.org\",\"@graph\":[{\"@type\":\"WebSite\",\"@id\":\"https:\/\/ghentaggregates.be\/#website\",\"url\":\"https:\/\/ghentaggregates.be\/\",\"name\":\"Ghent Aggregates\",\"description\":\"Votre partenaire pour tout granulats d\\u00e9co et techniques\",\"potentialAction\":[{\"@type\":\"SearchAction\",\"target\":\"https:\/\/ghentaggregates.be\/?s={search_term_string}\",\"query-input\":\"required name=search_term_string\"}],\"inLanguage\":\"fr-BE\"},{\"@type\":\"ImageObject\",\"@id\":\"https:\/\/ghentaggregates.be\/fr\/produits\/construction-routiere\/eifel-split\/#primaryimage\",\"inLanguage\":\"fr-BE\",\"url\":\"https:\/\/ghentaggregates.be\/wp-content\/uploads\/2017\/01\/ghent-aggregates-eifel-split-5-8.jpg\",\"width\":1152,\"height\":768},{\"@type\":\"WebPage\",\"@id\":\"https:\/\/ghentaggregates.be\/fr\/produits\/construction-routiere\/eifel-split\/#webpage\",\"url\":\"https:\/\/ghentaggregates.be\/fr\/produits\/construction-routiere\/eifel-split\/\",\"name\":\"Eifel Split - Ghent Aggregates\",\"isPartOf\":{\"@id\":\"https:\/\/ghentaggregates.be\/#website\"},\"primaryImageOfPage\":{\"@id\":\"https:\/\/ghentaggregates.be\/fr\/produits\/construction-routiere\/eifel-split\/#primaryimage\"},\"datePublished\":\"2017-01-27T12:19:17+00:00\",\"dateModified\":\"2023-11-02T19:18:26+00:00\",\"breadcrumb\":{\"@id\":\"https:\/\/ghentaggregates.be\/fr\/produits\/construction-routiere\/eifel-split\/#breadcrumb\"},\"inLanguage\":\"fr-BE\",\"potentialAction\":[{\"@type\":\"ReadAction\",\"target\":[\"https:\/\/ghentaggregates.be\/fr\/produits\/construction-routiere\/eifel-split\/\"]}]},{\"@type\":\"BreadcrumbList\",\"@id\":\"https:\/\/ghentaggregates.be\/fr\/produits\/construction-routiere\/eifel-split\/#breadcrumb\",\"itemListElement\":[{\"@type\":\"ListItem\",\"position\":1,\"item\":{\"@type\":\"WebPage\",\"@id\":\"https:\/\/ghentaggregates.be\/fr\/\",\"url\":\"https:\/\/ghentaggregates.be\/fr\/\",\"name\":\"Home\"}},{\"@type\":\"ListItem\",\"position\":2,\"item\":{\"@type\":\"WebPage\",\"@id\":\"https:\/\/ghentaggregates.be\/fr\/produits\/construction-routiere\/\",\"url\":\"https:\/\/ghentaggregates.be\/fr\/produits\/construction-routiere\/\",\"name\":\"Construction routi\\u00e8re\"}},{\"@type\":\"ListItem\",\"position\":3,\"item\":{\"@type\":\"WebPage\",\"@id\":\"https:\/\/ghentaggregates.be\/fr\/produits\/construction-routiere\/eifel-split\/\",\"url\":\"https:\/\/ghentaggregates.be\/fr\/produits\/construction-routiere\/eifel-split\/\",\"name\":\"Eifel Split\"}}]}]}<\/script>\n<!-- \/ Yoast SEO plugin. -->","_links":{"self":[{"href":"https:\/\/ghentaggregates.be\/fr\/wp-json\/wp\/v2\/product\/9603"}],"collection":[{"href":"https:\/\/ghentaggregates.be\/fr\/wp-json\/wp\/v2\/product"}],"about":[{"href":"https:\/\/ghentaggregates.be\/fr\/wp-json\/wp\/v2\/types\/product"}],"replies":[{"embeddable":true,"href":"https:\/\/ghentaggregates.be\/fr\/wp-json\/wp\/v2\/comments?post=9603"}],"version-history":[{"count":0,"href":"https:\/\/ghentaggregates.be\/fr\/wp-json\/wp\/v2\/product\/9603\/revisions"}],"wp:featuredmedia":[{"embeddable":true,"href":"https:\/\/ghentaggregates.be\/fr\/wp-json\/wp\/v2\/media\/9601"}],"wp:attachment":[{"href":"https:\/\/ghentaggregates.be\/fr\/wp-json\/wp\/v2\/media?parent=9603"}],"curies":[{"name":"wp","href":"https:\/\/api.w.org\/{rel}","templated":true}]}}