{"id":9621,"date":"2017-01-27T15:39:53","date_gmt":"2017-01-27T14:39:53","guid":{"rendered":"https:\/\/ghentaggregates2019.dazzle-qa.be\/product\/forest-green-2\/"},"modified":"2020-08-12T22:45:16","modified_gmt":"2020-08-12T20:45:16","slug":"forest-green-2","status":"publish","type":"product","link":"https:\/\/ghentaggregates.be\/fr\/produits\/construction-routiere\/forest-green-2\/","title":{"rendered":"Forest Green"},"content":{"rendered":"<table>\n<tbody>\n<tr>\n<td>Nom produit:<\/td>\n<td>FOREST GREEN<\/td>\n<\/tr>\n<tr>\n<td>Connu comme :<\/td>\n<td>Diorite verte<\/td>\n<\/tr>\n<tr>\n<td>Origine :<\/td>\n<td>Granodiorite<\/td>\n<\/tr>\n<tr>\n<td>LA :<\/td>\n<td>15<\/td>\n<\/tr>\n<tr>\n<td>Granulom\u00e9trie :<\/td>\n<td>0\/2<br \/>\n2\/5<br \/>\n5\/8<br \/>\n8\/11<\/td>\n<\/tr>\n<\/tbody>\n<\/table>\n<p><strong>Remarques:\u00a0<\/strong>parfaitement utilisable dans la construction routi\u00e8re ainsi que dans les b\u00e9tons de haute performance. Granulat et roch\u00e9 tr\u00e8s d\u00fbr avec excellentes performances. De couleur verte m\u00e9lang\u00e9 clair-fonc\u00e9 avec des accents blancs.<\/p>\n","protected":false},"excerpt":{"rendered":"<p>Nom produit: FOREST GREEN Connu comme : Diorite verte Origine : Granodiorite LA : 15 Granulom\u00e9trie : 0\/2 2\/5 5\/8 8\/11 Remarques:\u00a0parfaitement utilisable dans la construction routi\u00e8re ainsi que dans les b\u00e9tons de haute performance. Granulat et roch\u00e9 tr\u00e8s d\u00fbr avec excellentes performances. De couleur verte m\u00e9lang\u00e9 clair-fonc\u00e9 avec des accents blancs.<\/p>\n","protected":false},"featured_media":9619,"comment_status":"open","ping_status":"closed","template":"","meta":[],"class_list":["post-9621","product","type-product","status-publish","has-post-thumbnail","hentry","product_cat-construction-routiere","product_cat-betons","product_cat-paysagisme","product_tag-crushed-fr","product_tag-green-fr","pa_color-vert","pa_grain_type-concasse"],"yoast_head":"<!-- This site is optimized with the Yoast SEO plugin v15.9.2 - https:\/\/yoast.com\/wordpress\/plugins\/seo\/ -->\n<title>Forest Green - Ghent Aggregates<\/title>\n<link rel=\"canonical\" href=\"https:\/\/ghentaggregates.be\/fr\/produits\/construction-routiere\/forest-green-2\/\" \/>\n<meta property=\"og:locale\" content=\"fr_FR\" \/>\n<meta property=\"og:type\" content=\"article\" \/>\n<meta property=\"og:title\" content=\"Forest Green - Ghent Aggregates\" \/>\n<meta property=\"og:description\" content=\"Nom produit: FOREST GREEN Connu comme : Diorite verte Origine : Granodiorite LA : 15 Granulom\u00e9trie : 0\/2 2\/5 5\/8 8\/11 Remarques:\u00a0parfaitement utilisable dans la construction routi\u00e8re ainsi que dans les b\u00e9tons de haute performance. Granulat et roch\u00e9 tr\u00e8s d\u00fbr avec excellentes performances. De couleur verte m\u00e9lang\u00e9 clair-fonc\u00e9 avec des accents blancs.\" \/>\n<meta property=\"og:url\" content=\"https:\/\/ghentaggregates.be\/fr\/produits\/construction-routiere\/forest-green-2\/\" \/>\n<meta property=\"og:site_name\" content=\"Ghent Aggregates\" \/>\n<meta property=\"article:modified_time\" content=\"2020-08-12T20:45:16+00:00\" \/>\n<meta property=\"og:image\" content=\"https:\/\/ghentaggregates.be\/wp-content\/uploads\/2017\/01\/ghent-aggregates-forest-green-8-11.jpg\" \/>\n\t<meta property=\"og:image:width\" content=\"1152\" \/>\n\t<meta property=\"og:image:height\" content=\"768\" \/>\n<meta name=\"twitter:card\" content=\"summary_large_image\" \/>\n<script type=\"application\/ld+json\" class=\"yoast-schema-graph\">{\"@context\":\"https:\/\/schema.org\",\"@graph\":[{\"@type\":\"WebSite\",\"@id\":\"https:\/\/ghentaggregates.be\/#website\",\"url\":\"https:\/\/ghentaggregates.be\/\",\"name\":\"Ghent Aggregates\",\"description\":\"Votre partenaire pour tout granulats d\\u00e9co et techniques\",\"potentialAction\":[{\"@type\":\"SearchAction\",\"target\":\"https:\/\/ghentaggregates.be\/?s={search_term_string}\",\"query-input\":\"required name=search_term_string\"}],\"inLanguage\":\"fr-BE\"},{\"@type\":\"ImageObject\",\"@id\":\"https:\/\/ghentaggregates.be\/fr\/produits\/construction-routiere\/forest-green-2\/#primaryimage\",\"inLanguage\":\"fr-BE\",\"url\":\"https:\/\/ghentaggregates.be\/wp-content\/uploads\/2017\/01\/ghent-aggregates-forest-green-8-11.jpg\",\"width\":1152,\"height\":768},{\"@type\":\"WebPage\",\"@id\":\"https:\/\/ghentaggregates.be\/fr\/produits\/construction-routiere\/forest-green-2\/#webpage\",\"url\":\"https:\/\/ghentaggregates.be\/fr\/produits\/construction-routiere\/forest-green-2\/\",\"name\":\"Forest Green - Ghent Aggregates\",\"isPartOf\":{\"@id\":\"https:\/\/ghentaggregates.be\/#website\"},\"primaryImageOfPage\":{\"@id\":\"https:\/\/ghentaggregates.be\/fr\/produits\/construction-routiere\/forest-green-2\/#primaryimage\"},\"datePublished\":\"2017-01-27T14:39:53+00:00\",\"dateModified\":\"2020-08-12T20:45:16+00:00\",\"breadcrumb\":{\"@id\":\"https:\/\/ghentaggregates.be\/fr\/produits\/construction-routiere\/forest-green-2\/#breadcrumb\"},\"inLanguage\":\"fr-BE\",\"potentialAction\":[{\"@type\":\"ReadAction\",\"target\":[\"https:\/\/ghentaggregates.be\/fr\/produits\/construction-routiere\/forest-green-2\/\"]}]},{\"@type\":\"BreadcrumbList\",\"@id\":\"https:\/\/ghentaggregates.be\/fr\/produits\/construction-routiere\/forest-green-2\/#breadcrumb\",\"itemListElement\":[{\"@type\":\"ListItem\",\"position\":1,\"item\":{\"@type\":\"WebPage\",\"@id\":\"https:\/\/ghentaggregates.be\/fr\/\",\"url\":\"https:\/\/ghentaggregates.be\/fr\/\",\"name\":\"Home\"}},{\"@type\":\"ListItem\",\"position\":2,\"item\":{\"@type\":\"WebPage\",\"@id\":\"https:\/\/ghentaggregates.be\/fr\/produits\/construction-routiere\/\",\"url\":\"https:\/\/ghentaggregates.be\/fr\/produits\/construction-routiere\/\",\"name\":\"Construction routi\\u00e8re\"}},{\"@type\":\"ListItem\",\"position\":3,\"item\":{\"@type\":\"WebPage\",\"@id\":\"https:\/\/ghentaggregates.be\/fr\/produits\/construction-routiere\/forest-green-2\/\",\"url\":\"https:\/\/ghentaggregates.be\/fr\/produits\/construction-routiere\/forest-green-2\/\",\"name\":\"Forest Green\"}}]}]}<\/script>\n<!-- \/ Yoast SEO plugin. -->","_links":{"self":[{"href":"https:\/\/ghentaggregates.be\/fr\/wp-json\/wp\/v2\/product\/9621"}],"collection":[{"href":"https:\/\/ghentaggregates.be\/fr\/wp-json\/wp\/v2\/product"}],"about":[{"href":"https:\/\/ghentaggregates.be\/fr\/wp-json\/wp\/v2\/types\/product"}],"replies":[{"embeddable":true,"href":"https:\/\/ghentaggregates.be\/fr\/wp-json\/wp\/v2\/comments?post=9621"}],"version-history":[{"count":0,"href":"https:\/\/ghentaggregates.be\/fr\/wp-json\/wp\/v2\/product\/9621\/revisions"}],"wp:featuredmedia":[{"embeddable":true,"href":"https:\/\/ghentaggregates.be\/fr\/wp-json\/wp\/v2\/media\/9619"}],"wp:attachment":[{"href":"https:\/\/ghentaggregates.be\/fr\/wp-json\/wp\/v2\/media?parent=9621"}],"curies":[{"name":"wp","href":"https:\/\/api.w.org\/{rel}","templated":true}]}}