{"id":9629,"date":"2017-01-27T20:43:57","date_gmt":"2017-01-27T19:43:57","guid":{"rendered":"https:\/\/ghentaggregates2019.dazzle-qa.be\/product\/frozen-flamingo\/"},"modified":"2020-08-12T22:37:45","modified_gmt":"2020-08-12T20:37:45","slug":"frozen-flamingo","status":"publish","type":"product","link":"https:\/\/ghentaggregates.be\/fr\/produits\/paysagisme\/frozen-flamingo\/","title":{"rendered":"Frozen Flamingo"},"content":{"rendered":"<table>\n<tbody>\n<tr>\n<td>Nom produit:<\/td>\n<td>FROZEN FLAMINGO<\/td>\n<\/tr>\n<tr>\n<td>Connu comme :<\/td>\n<td>Frozen Pink<\/td>\n<\/tr>\n<tr>\n<td>Origine :<\/td>\n<td>Marbles<\/td>\n<\/tr>\n<tr>\n<td>LA :<\/td>\n<td>NPD<\/td>\n<\/tr>\n<tr>\n<td>Granulom\u00e9trie :<\/td>\n<td>8\/14<br \/>\n14\/20<\/td>\n<\/tr>\n<\/tbody>\n<\/table>\n<p><strong>Remarques: <\/strong>Uniquement \u00a0\u00e0 utiliser dans les applications de paysagisme, ne pas utiliser dans les b\u00e9tons ou autres applications techniques.<\/p>\n<p>M\u00e9lange attractif et moderne de marbres blancs, roze et gris-bleut\u00e9 qui donne votre environnement un aspect et cachet moderne.<\/p>\n","protected":false},"excerpt":{"rendered":"<p>Nom produit: FROZEN FLAMINGO Connu comme : Frozen Pink Origine : Marbles LA : NPD Granulom\u00e9trie : 8\/14 14\/20 Remarques: Uniquement \u00a0\u00e0 utiliser dans les applications de paysagisme, ne pas utiliser dans les b\u00e9tons ou autres applications techniques. M\u00e9lange attractif et moderne de marbres blancs, roze et gris-bleut\u00e9 qui donne votre environnement un aspect et [&hellip;]<\/p>\n","protected":false},"featured_media":9627,"comment_status":"open","ping_status":"closed","template":"","meta":[],"class_list":["post-9629","product","type-product","status-publish","has-post-thumbnail","hentry","product_cat-paysagisme","product_tag-grey-fr","product_tag-mix-fr","product_tag-red-fr","product_tag-white-fr","pa_color-blanc","pa_color-gris","pa_color-melange","pa_color-rouge","pa_grain_type-concasse"],"yoast_head":"<!-- This site is optimized with the Yoast SEO plugin v15.9.2 - https:\/\/yoast.com\/wordpress\/plugins\/seo\/ -->\n<title>Frozen Flamingo - Ghent Aggregates<\/title>\n<link rel=\"canonical\" href=\"https:\/\/ghentaggregates.be\/fr\/produits\/paysagisme\/frozen-flamingo\/\" \/>\n<meta property=\"og:locale\" content=\"fr_FR\" \/>\n<meta property=\"og:type\" content=\"article\" \/>\n<meta property=\"og:title\" content=\"Frozen Flamingo - Ghent Aggregates\" \/>\n<meta property=\"og:description\" content=\"Nom produit: FROZEN FLAMINGO Connu comme : Frozen Pink Origine : Marbles LA : NPD Granulom\u00e9trie : 8\/14 14\/20 Remarques: Uniquement \u00a0\u00e0 utiliser dans les applications de paysagisme, ne pas utiliser dans les b\u00e9tons ou autres applications techniques. M\u00e9lange attractif et moderne de marbres blancs, roze et gris-bleut\u00e9 qui donne votre environnement un aspect et [&hellip;]\" \/>\n<meta property=\"og:url\" content=\"https:\/\/ghentaggregates.be\/fr\/produits\/paysagisme\/frozen-flamingo\/\" \/>\n<meta property=\"og:site_name\" content=\"Ghent Aggregates\" \/>\n<meta property=\"article:modified_time\" content=\"2020-08-12T20:37:45+00:00\" \/>\n<meta property=\"og:image\" content=\"https:\/\/ghentaggregates.be\/wp-content\/uploads\/2017\/01\/ghent-aggregates-frozen-flamingo-10-20.jpg\" \/>\n\t<meta property=\"og:image:width\" content=\"1152\" \/>\n\t<meta property=\"og:image:height\" content=\"768\" \/>\n<meta name=\"twitter:card\" content=\"summary_large_image\" \/>\n<script type=\"application\/ld+json\" class=\"yoast-schema-graph\">{\"@context\":\"https:\/\/schema.org\",\"@graph\":[{\"@type\":\"WebSite\",\"@id\":\"https:\/\/ghentaggregates.be\/#website\",\"url\":\"https:\/\/ghentaggregates.be\/\",\"name\":\"Ghent Aggregates\",\"description\":\"Votre partenaire pour tout granulats d\\u00e9co et techniques\",\"potentialAction\":[{\"@type\":\"SearchAction\",\"target\":\"https:\/\/ghentaggregates.be\/?s={search_term_string}\",\"query-input\":\"required name=search_term_string\"}],\"inLanguage\":\"fr-BE\"},{\"@type\":\"ImageObject\",\"@id\":\"https:\/\/ghentaggregates.be\/fr\/produits\/paysagisme\/frozen-flamingo\/#primaryimage\",\"inLanguage\":\"fr-BE\",\"url\":\"https:\/\/ghentaggregates.be\/wp-content\/uploads\/2017\/01\/ghent-aggregates-frozen-flamingo-10-20.jpg\",\"width\":1152,\"height\":768},{\"@type\":\"WebPage\",\"@id\":\"https:\/\/ghentaggregates.be\/fr\/produits\/paysagisme\/frozen-flamingo\/#webpage\",\"url\":\"https:\/\/ghentaggregates.be\/fr\/produits\/paysagisme\/frozen-flamingo\/\",\"name\":\"Frozen Flamingo - Ghent Aggregates\",\"isPartOf\":{\"@id\":\"https:\/\/ghentaggregates.be\/#website\"},\"primaryImageOfPage\":{\"@id\":\"https:\/\/ghentaggregates.be\/fr\/produits\/paysagisme\/frozen-flamingo\/#primaryimage\"},\"datePublished\":\"2017-01-27T19:43:57+00:00\",\"dateModified\":\"2020-08-12T20:37:45+00:00\",\"breadcrumb\":{\"@id\":\"https:\/\/ghentaggregates.be\/fr\/produits\/paysagisme\/frozen-flamingo\/#breadcrumb\"},\"inLanguage\":\"fr-BE\",\"potentialAction\":[{\"@type\":\"ReadAction\",\"target\":[\"https:\/\/ghentaggregates.be\/fr\/produits\/paysagisme\/frozen-flamingo\/\"]}]},{\"@type\":\"BreadcrumbList\",\"@id\":\"https:\/\/ghentaggregates.be\/fr\/produits\/paysagisme\/frozen-flamingo\/#breadcrumb\",\"itemListElement\":[{\"@type\":\"ListItem\",\"position\":1,\"item\":{\"@type\":\"WebPage\",\"@id\":\"https:\/\/ghentaggregates.be\/fr\/\",\"url\":\"https:\/\/ghentaggregates.be\/fr\/\",\"name\":\"Home\"}},{\"@type\":\"ListItem\",\"position\":2,\"item\":{\"@type\":\"WebPage\",\"@id\":\"https:\/\/ghentaggregates.be\/fr\/produits\/paysagisme\/\",\"url\":\"https:\/\/ghentaggregates.be\/fr\/produits\/paysagisme\/\",\"name\":\"Paysagisme\"}},{\"@type\":\"ListItem\",\"position\":3,\"item\":{\"@type\":\"WebPage\",\"@id\":\"https:\/\/ghentaggregates.be\/fr\/produits\/paysagisme\/frozen-flamingo\/\",\"url\":\"https:\/\/ghentaggregates.be\/fr\/produits\/paysagisme\/frozen-flamingo\/\",\"name\":\"Frozen Flamingo\"}}]}]}<\/script>\n<!-- \/ Yoast SEO plugin. -->","_links":{"self":[{"href":"https:\/\/ghentaggregates.be\/fr\/wp-json\/wp\/v2\/product\/9629"}],"collection":[{"href":"https:\/\/ghentaggregates.be\/fr\/wp-json\/wp\/v2\/product"}],"about":[{"href":"https:\/\/ghentaggregates.be\/fr\/wp-json\/wp\/v2\/types\/product"}],"replies":[{"embeddable":true,"href":"https:\/\/ghentaggregates.be\/fr\/wp-json\/wp\/v2\/comments?post=9629"}],"version-history":[{"count":0,"href":"https:\/\/ghentaggregates.be\/fr\/wp-json\/wp\/v2\/product\/9629\/revisions"}],"wp:featuredmedia":[{"embeddable":true,"href":"https:\/\/ghentaggregates.be\/fr\/wp-json\/wp\/v2\/media\/9627"}],"wp:attachment":[{"href":"https:\/\/ghentaggregates.be\/fr\/wp-json\/wp\/v2\/media?parent=9629"}],"curies":[{"name":"wp","href":"https:\/\/api.w.org\/{rel}","templated":true}]}}