{"id":9672,"date":"2017-01-28T19:14:28","date_gmt":"2017-01-28T18:14:28","guid":{"rendered":"https:\/\/ghentaggregates2019.dazzle-qa.be\/product\/granitoro-2\/"},"modified":"2024-01-31T21:49:44","modified_gmt":"2024-01-31T20:49:44","slug":"granitoro-2","status":"publish","type":"product","link":"https:\/\/ghentaggregates.be\/fr\/produits\/construction-routiere\/granitoro-2\/","title":{"rendered":"Granitoro"},"content":{"rendered":"<table>\n<tbody>\n<tr>\n<td>Nom produit:<\/td>\n<td>GRANITORO<\/td>\n<\/tr>\n<tr>\n<td>Origine :<\/td>\n<td>Porphyre micro-granite<\/td>\n<\/tr>\n<tr>\n<td>LA :<\/td>\n<td>16<\/td>\n<\/tr>\n<tr>\n<td>Granulom\u00e9trie :<\/td>\n<td>0\/2<br \/>\n0\/4<br \/>\n2\/3 (stock)<br \/>\n2\/4 (stock)<br \/>\n2\/6 (stock)<br \/>\n4\/6<br \/>\n6\/10 (stock)<br \/>\n6\/14<br \/>\n6\/20<\/td>\n<\/tr>\n<\/tbody>\n<\/table>\n<p><strong>Remarques:\u00a0<\/strong>utilisable pour le routier, zone de traffic lourd inclus. Utilisable dans les applications de paysagisme, all\u00e9e, pi\u00e9ton, b\u00e9ton d\u00e9coratif, etc.<\/p>\n<p>Porphyre rouge quit tent vers le rose quand il est sec. Parfait pour le b\u00e9ton routier rouge ou encore l&rsquo;enrob\u00e9 rouge. Mat\u00e9riaux tr\u00e8s d\u00fbr. Ce concass\u00e9 a un LA extr\u00e8mement bas et un PSV +50 et peut donc \u00eatre utilis\u00e9 dans tous les projets routiers : enrob\u00e9s, asphaltes, b\u00e9tons, etc. Haute qualit\u00e9, bonne logistique et soutient technique par Ghent Aggregates.<\/p>\n<p>Les porphyres rouges sont import\u00e9s via la voie ferr\u00e9e sur notre plate-forme \u00e0 Gand. Ainsi nous nous inscrivons dans la ch\u00eane de transports durables et nous r\u00e9duisons activement l&#8217;empreinte carbone des transports. Chez Ghent Aggregates vous retrouverez \u00e9galement des stocks importants pour vos projets b\u00e9ton et enrob\u00e9s rouges. Les mat\u00e9riaux sont certifi\u00e9s et contr\u00f4l\u00e9s par COPRO.<\/p>\n<p>Contactez-nous pour tout renseignements et prix.<\/p>\n","protected":false},"excerpt":{"rendered":"<p>Nom produit: GRANITORO Origine : Porphyre micro-granite LA : 16 Granulom\u00e9trie : 0\/2 0\/4 2\/3 (stock) 2\/4 (stock) 2\/6 (stock) 4\/6 6\/10 (stock) 6\/14 6\/20 Remarques:\u00a0utilisable pour le routier, zone de traffic lourd inclus. Utilisable dans les applications de paysagisme, all\u00e9e, pi\u00e9ton, b\u00e9ton d\u00e9coratif, etc. Porphyre rouge quit tent vers le rose quand il est [&hellip;]<\/p>\n","protected":false},"featured_media":9670,"comment_status":"open","ping_status":"closed","template":"","meta":[],"class_list":["post-9672","product","type-product","status-publish","has-post-thumbnail","hentry","product_cat-construction-routiere","product_cat-betons","product_cat-paysagisme","product_tag-crushed-fr","product_tag-red-fr","pa_color-rouge","pa_grain_type-concasse"],"yoast_head":"<!-- This site is optimized with the Yoast SEO plugin v15.9.2 - https:\/\/yoast.com\/wordpress\/plugins\/seo\/ -->\n<title>Granitoro - Ghent Aggregates<\/title>\n<link rel=\"canonical\" href=\"https:\/\/ghentaggregates.be\/fr\/produits\/construction-routiere\/granitoro-2\/\" \/>\n<meta property=\"og:locale\" content=\"fr_FR\" \/>\n<meta property=\"og:type\" content=\"article\" \/>\n<meta property=\"og:title\" content=\"Granitoro - Ghent Aggregates\" \/>\n<meta property=\"og:description\" content=\"Nom produit: GRANITORO Origine : Porphyre micro-granite LA : 16 Granulom\u00e9trie : 0\/2 0\/4 2\/3 (stock) 2\/4 (stock) 2\/6 (stock) 4\/6 6\/10 (stock) 6\/14 6\/20 Remarques:\u00a0utilisable pour le routier, zone de traffic lourd inclus. Utilisable dans les applications de paysagisme, all\u00e9e, pi\u00e9ton, b\u00e9ton d\u00e9coratif, etc. Porphyre rouge quit tent vers le rose quand il est [&hellip;]\" \/>\n<meta property=\"og:url\" content=\"https:\/\/ghentaggregates.be\/fr\/produits\/construction-routiere\/granitoro-2\/\" \/>\n<meta property=\"og:site_name\" content=\"Ghent Aggregates\" \/>\n<meta property=\"article:modified_time\" content=\"2024-01-31T20:49:44+00:00\" \/>\n<meta property=\"og:image\" content=\"https:\/\/ghentaggregates.be\/wp-content\/uploads\/2017\/01\/ghent-aggregates-granitoro-6-10.jpg\" \/>\n\t<meta property=\"og:image:width\" content=\"1152\" \/>\n\t<meta property=\"og:image:height\" content=\"768\" \/>\n<meta name=\"twitter:card\" content=\"summary_large_image\" \/>\n<meta name=\"twitter:label1\" content=\"Dur\u00e9e de lecture est.\">\n\t<meta name=\"twitter:data1\" content=\"1 minute\">\n<script type=\"application\/ld+json\" class=\"yoast-schema-graph\">{\"@context\":\"https:\/\/schema.org\",\"@graph\":[{\"@type\":\"WebSite\",\"@id\":\"https:\/\/ghentaggregates.be\/#website\",\"url\":\"https:\/\/ghentaggregates.be\/\",\"name\":\"Ghent Aggregates\",\"description\":\"Votre partenaire pour tout granulats d\\u00e9co et techniques\",\"potentialAction\":[{\"@type\":\"SearchAction\",\"target\":\"https:\/\/ghentaggregates.be\/?s={search_term_string}\",\"query-input\":\"required name=search_term_string\"}],\"inLanguage\":\"fr-BE\"},{\"@type\":\"ImageObject\",\"@id\":\"https:\/\/ghentaggregates.be\/fr\/produits\/construction-routiere\/granitoro-2\/#primaryimage\",\"inLanguage\":\"fr-BE\",\"url\":\"https:\/\/ghentaggregates.be\/wp-content\/uploads\/2017\/01\/ghent-aggregates-granitoro-6-10.jpg\",\"width\":1152,\"height\":768},{\"@type\":\"WebPage\",\"@id\":\"https:\/\/ghentaggregates.be\/fr\/produits\/construction-routiere\/granitoro-2\/#webpage\",\"url\":\"https:\/\/ghentaggregates.be\/fr\/produits\/construction-routiere\/granitoro-2\/\",\"name\":\"Granitoro - Ghent Aggregates\",\"isPartOf\":{\"@id\":\"https:\/\/ghentaggregates.be\/#website\"},\"primaryImageOfPage\":{\"@id\":\"https:\/\/ghentaggregates.be\/fr\/produits\/construction-routiere\/granitoro-2\/#primaryimage\"},\"datePublished\":\"2017-01-28T18:14:28+00:00\",\"dateModified\":\"2024-01-31T20:49:44+00:00\",\"breadcrumb\":{\"@id\":\"https:\/\/ghentaggregates.be\/fr\/produits\/construction-routiere\/granitoro-2\/#breadcrumb\"},\"inLanguage\":\"fr-BE\",\"potentialAction\":[{\"@type\":\"ReadAction\",\"target\":[\"https:\/\/ghentaggregates.be\/fr\/produits\/construction-routiere\/granitoro-2\/\"]}]},{\"@type\":\"BreadcrumbList\",\"@id\":\"https:\/\/ghentaggregates.be\/fr\/produits\/construction-routiere\/granitoro-2\/#breadcrumb\",\"itemListElement\":[{\"@type\":\"ListItem\",\"position\":1,\"item\":{\"@type\":\"WebPage\",\"@id\":\"https:\/\/ghentaggregates.be\/fr\/\",\"url\":\"https:\/\/ghentaggregates.be\/fr\/\",\"name\":\"Home\"}},{\"@type\":\"ListItem\",\"position\":2,\"item\":{\"@type\":\"WebPage\",\"@id\":\"https:\/\/ghentaggregates.be\/fr\/produits\/construction-routiere\/\",\"url\":\"https:\/\/ghentaggregates.be\/fr\/produits\/construction-routiere\/\",\"name\":\"Construction routi\\u00e8re\"}},{\"@type\":\"ListItem\",\"position\":3,\"item\":{\"@type\":\"WebPage\",\"@id\":\"https:\/\/ghentaggregates.be\/fr\/produits\/construction-routiere\/granitoro-2\/\",\"url\":\"https:\/\/ghentaggregates.be\/fr\/produits\/construction-routiere\/granitoro-2\/\",\"name\":\"Granitoro\"}}]}]}<\/script>\n<!-- \/ Yoast SEO plugin. -->","_links":{"self":[{"href":"https:\/\/ghentaggregates.be\/fr\/wp-json\/wp\/v2\/product\/9672"}],"collection":[{"href":"https:\/\/ghentaggregates.be\/fr\/wp-json\/wp\/v2\/product"}],"about":[{"href":"https:\/\/ghentaggregates.be\/fr\/wp-json\/wp\/v2\/types\/product"}],"replies":[{"embeddable":true,"href":"https:\/\/ghentaggregates.be\/fr\/wp-json\/wp\/v2\/comments?post=9672"}],"version-history":[{"count":0,"href":"https:\/\/ghentaggregates.be\/fr\/wp-json\/wp\/v2\/product\/9672\/revisions"}],"wp:featuredmedia":[{"embeddable":true,"href":"https:\/\/ghentaggregates.be\/fr\/wp-json\/wp\/v2\/media\/9670"}],"wp:attachment":[{"href":"https:\/\/ghentaggregates.be\/fr\/wp-json\/wp\/v2\/media?parent=9672"}],"curies":[{"name":"wp","href":"https:\/\/api.w.org\/{rel}","templated":true}]}}