{"id":9683,"date":"2017-01-28T21:39:48","date_gmt":"2017-01-28T20:39:48","guid":{"rendered":"https:\/\/ghentaggregates2019.dazzle-qa.be\/product\/havana\/"},"modified":"2020-08-12T22:17:35","modified_gmt":"2020-08-12T20:17:35","slug":"havana","status":"publish","type":"product","link":"https:\/\/ghentaggregates.be\/fr\/produits\/construction-routiere\/havana\/","title":{"rendered":"Havana"},"content":{"rendered":"<table>\n<tbody>\n<tr>\n<td>Nom produit:<\/td>\n<td>HAVANA<\/td>\n<\/tr>\n<tr>\n<td>Connu comme :<\/td>\n<td>Chocolat Marrone<\/td>\n<\/tr>\n<tr>\n<td>Origine :<\/td>\n<td>Andesite<\/td>\n<\/tr>\n<tr>\n<td>LA :<\/td>\n<td>20<\/td>\n<\/tr>\n<tr>\n<td>Granulom\u00e9trie :<\/td>\n<td>\u00a00\/2<br \/>\n1\/3<br \/>\n2\/5<br \/>\n5\/8<br \/>\n5\/11 (stock)<br \/>\n8\/11<br \/>\n11\/16<\/td>\n<\/tr>\n<\/tbody>\n<\/table>\n<p><strong>Remarques:\u00a0<\/strong>parfaitement utilisable dans le routier, zones traffic lourd inclus. Aussi pour tous fins paysagisme, parc, jardin, all\u00e9e et pi\u00e9ton.<\/p>\n<p>Ce granulat est tr\u00e8s d\u00fbr avec des capacit\u00e9s techniques excellentes. Brun intense, de couleur chocolat, \u00e9gal sans fautes ou variations. Parfait pour enrob\u00e9s, b\u00e9tons d\u00e9coratifs, b\u00e9tons architectoniques et lav\u00e9s, etc. Autres granulom\u00e9tries sur demande. Avec son LA tr\u00e8s bas et un PSV +50 ce concass\u00e9 est parfait pour vos exigences routiers.<\/p>\n","protected":false},"excerpt":{"rendered":"<p>Nom produit: HAVANA Connu comme : Chocolat Marrone Origine : Andesite LA : 20 Granulom\u00e9trie : \u00a00\/2 1\/3 2\/5 5\/8 5\/11 (stock) 8\/11 11\/16 Remarques:\u00a0parfaitement utilisable dans le routier, zones traffic lourd inclus. Aussi pour tous fins paysagisme, parc, jardin, all\u00e9e et pi\u00e9ton. Ce granulat est tr\u00e8s d\u00fbr avec des capacit\u00e9s techniques excellentes. Brun intense, [&hellip;]<\/p>\n","protected":false},"featured_media":9681,"comment_status":"open","ping_status":"closed","template":"","meta":[],"class_list":["post-9683","product","type-product","status-publish","has-post-thumbnail","hentry","product_cat-construction-routiere","product_cat-betons","product_cat-paysagisme","product_cat-terrazzo-fr","product_tag-brown-fr","product_tag-crushed-fr","pa_color-marron","pa_grain_type-concasse"],"yoast_head":"<!-- This site is optimized with the Yoast SEO plugin v15.9.2 - https:\/\/yoast.com\/wordpress\/plugins\/seo\/ -->\n<title>Havana - Ghent Aggregates<\/title>\n<link rel=\"canonical\" href=\"https:\/\/ghentaggregates.be\/fr\/produits\/construction-routiere\/havana\/\" \/>\n<meta property=\"og:locale\" content=\"fr_FR\" \/>\n<meta property=\"og:type\" content=\"article\" \/>\n<meta property=\"og:title\" content=\"Havana - Ghent Aggregates\" \/>\n<meta property=\"og:description\" content=\"Nom produit: HAVANA Connu comme : Chocolat Marrone Origine : Andesite LA : 20 Granulom\u00e9trie : \u00a00\/2 1\/3 2\/5 5\/8 5\/11 (stock) 8\/11 11\/16 Remarques:\u00a0parfaitement utilisable dans le routier, zones traffic lourd inclus. Aussi pour tous fins paysagisme, parc, jardin, all\u00e9e et pi\u00e9ton. Ce granulat est tr\u00e8s d\u00fbr avec des capacit\u00e9s techniques excellentes. Brun intense, [&hellip;]\" \/>\n<meta property=\"og:url\" content=\"https:\/\/ghentaggregates.be\/fr\/produits\/construction-routiere\/havana\/\" \/>\n<meta property=\"og:site_name\" content=\"Ghent Aggregates\" \/>\n<meta property=\"article:modified_time\" content=\"2020-08-12T20:17:35+00:00\" \/>\n<meta property=\"og:image\" content=\"https:\/\/ghentaggregates.be\/wp-content\/uploads\/2017\/01\/ghent-aggregates-havana-8-11-1.jpg\" \/>\n\t<meta property=\"og:image:width\" content=\"1152\" \/>\n\t<meta property=\"og:image:height\" content=\"768\" \/>\n<meta name=\"twitter:card\" content=\"summary_large_image\" \/>\n<script type=\"application\/ld+json\" class=\"yoast-schema-graph\">{\"@context\":\"https:\/\/schema.org\",\"@graph\":[{\"@type\":\"WebSite\",\"@id\":\"https:\/\/ghentaggregates.be\/#website\",\"url\":\"https:\/\/ghentaggregates.be\/\",\"name\":\"Ghent Aggregates\",\"description\":\"Votre partenaire pour tout granulats d\\u00e9co et techniques\",\"potentialAction\":[{\"@type\":\"SearchAction\",\"target\":\"https:\/\/ghentaggregates.be\/?s={search_term_string}\",\"query-input\":\"required name=search_term_string\"}],\"inLanguage\":\"fr-BE\"},{\"@type\":\"ImageObject\",\"@id\":\"https:\/\/ghentaggregates.be\/fr\/produits\/construction-routiere\/havana\/#primaryimage\",\"inLanguage\":\"fr-BE\",\"url\":\"https:\/\/ghentaggregates.be\/wp-content\/uploads\/2017\/01\/ghent-aggregates-havana-8-11-1.jpg\",\"width\":1152,\"height\":768},{\"@type\":\"WebPage\",\"@id\":\"https:\/\/ghentaggregates.be\/fr\/produits\/construction-routiere\/havana\/#webpage\",\"url\":\"https:\/\/ghentaggregates.be\/fr\/produits\/construction-routiere\/havana\/\",\"name\":\"Havana - Ghent Aggregates\",\"isPartOf\":{\"@id\":\"https:\/\/ghentaggregates.be\/#website\"},\"primaryImageOfPage\":{\"@id\":\"https:\/\/ghentaggregates.be\/fr\/produits\/construction-routiere\/havana\/#primaryimage\"},\"datePublished\":\"2017-01-28T20:39:48+00:00\",\"dateModified\":\"2020-08-12T20:17:35+00:00\",\"breadcrumb\":{\"@id\":\"https:\/\/ghentaggregates.be\/fr\/produits\/construction-routiere\/havana\/#breadcrumb\"},\"inLanguage\":\"fr-BE\",\"potentialAction\":[{\"@type\":\"ReadAction\",\"target\":[\"https:\/\/ghentaggregates.be\/fr\/produits\/construction-routiere\/havana\/\"]}]},{\"@type\":\"BreadcrumbList\",\"@id\":\"https:\/\/ghentaggregates.be\/fr\/produits\/construction-routiere\/havana\/#breadcrumb\",\"itemListElement\":[{\"@type\":\"ListItem\",\"position\":1,\"item\":{\"@type\":\"WebPage\",\"@id\":\"https:\/\/ghentaggregates.be\/fr\/\",\"url\":\"https:\/\/ghentaggregates.be\/fr\/\",\"name\":\"Home\"}},{\"@type\":\"ListItem\",\"position\":2,\"item\":{\"@type\":\"WebPage\",\"@id\":\"https:\/\/ghentaggregates.be\/fr\/produits\/construction-routiere\/\",\"url\":\"https:\/\/ghentaggregates.be\/fr\/produits\/construction-routiere\/\",\"name\":\"Construction routi\\u00e8re\"}},{\"@type\":\"ListItem\",\"position\":3,\"item\":{\"@type\":\"WebPage\",\"@id\":\"https:\/\/ghentaggregates.be\/fr\/produits\/construction-routiere\/havana\/\",\"url\":\"https:\/\/ghentaggregates.be\/fr\/produits\/construction-routiere\/havana\/\",\"name\":\"Havana\"}}]}]}<\/script>\n<!-- \/ Yoast SEO plugin. -->","_links":{"self":[{"href":"https:\/\/ghentaggregates.be\/fr\/wp-json\/wp\/v2\/product\/9683"}],"collection":[{"href":"https:\/\/ghentaggregates.be\/fr\/wp-json\/wp\/v2\/product"}],"about":[{"href":"https:\/\/ghentaggregates.be\/fr\/wp-json\/wp\/v2\/types\/product"}],"replies":[{"embeddable":true,"href":"https:\/\/ghentaggregates.be\/fr\/wp-json\/wp\/v2\/comments?post=9683"}],"version-history":[{"count":0,"href":"https:\/\/ghentaggregates.be\/fr\/wp-json\/wp\/v2\/product\/9683\/revisions"}],"wp:featuredmedia":[{"embeddable":true,"href":"https:\/\/ghentaggregates.be\/fr\/wp-json\/wp\/v2\/media\/9681"}],"wp:attachment":[{"href":"https:\/\/ghentaggregates.be\/fr\/wp-json\/wp\/v2\/media?parent=9683"}],"curies":[{"name":"wp","href":"https:\/\/api.w.org\/{rel}","templated":true}]}}