{"id":9691,"date":"2017-01-28T21:52:14","date_gmt":"2017-01-28T20:52:14","guid":{"rendered":"https:\/\/ghentaggregates2019.dazzle-qa.be\/product\/herbstlaub\/"},"modified":"2020-08-12T22:13:42","modified_gmt":"2020-08-12T20:13:42","slug":"herbstlaub","status":"publish","type":"product","link":"https:\/\/ghentaggregates.be\/fr\/produits\/betons\/herbstlaub\/","title":{"rendered":"Herbstlaub"},"content":{"rendered":"<table>\n<tbody>\n<tr>\n<td>Nom produit:<\/td>\n<td>HERBSTLAUB<\/td>\n<\/tr>\n<tr>\n<td>Origine :<\/td>\n<td>Granite<\/td>\n<\/tr>\n<tr>\n<td>LA :<\/td>\n<td>20<\/td>\n<\/tr>\n<tr>\n<td>Granulom\u00e9trie :<\/td>\n<td>0\/2<br \/>\n2\/5<br \/>\n5\/8<br \/>\n8\/11<br \/>\n8\/16<\/td>\n<\/tr>\n<\/tbody>\n<\/table>\n<p><strong>Remarques:\u00a0<\/strong>\u00e0 utiliser dans le routier, zones \u00e0 traffic lourd exclus. Parfait pour le paysagisme, parc et jardin, all\u00e9e, entr\u00e9e, b\u00e9tons d\u00e9coratifs, b\u00e9tons lav\u00e9s et d\u00e9sactiv\u00e9s, bouchard\u00e9s, etc. Ce granulat est naturellement m\u00e9lang\u00e9 des couleurs rose, jaune et gris, contenant un brilliant noir typiquement des granites. Ce granulat vous rend le projet dans un atmosph\u00e8re d&rsquo;automne sans perdre du cachet et son style.<\/p>\n","protected":false},"excerpt":{"rendered":"<p>Nom produit: HERBSTLAUB Origine : Granite LA : 20 Granulom\u00e9trie : 0\/2 2\/5 5\/8 8\/11 8\/16 Remarques:\u00a0\u00e0 utiliser dans le routier, zones \u00e0 traffic lourd exclus. Parfait pour le paysagisme, parc et jardin, all\u00e9e, entr\u00e9e, b\u00e9tons d\u00e9coratifs, b\u00e9tons lav\u00e9s et d\u00e9sactiv\u00e9s, bouchard\u00e9s, etc. Ce granulat est naturellement m\u00e9lang\u00e9 des couleurs rose, jaune et gris, contenant [&hellip;]<\/p>\n","protected":false},"featured_media":9689,"comment_status":"open","ping_status":"closed","template":"","meta":[],"class_list":["post-9691","product","type-product","status-publish","has-post-thumbnail","hentry","product_cat-betons","product_cat-paysagisme","product_tag-crushed-fr","product_tag-grey-fr","product_tag-mix-fr","product_tag-red-fr","product_tag-yellow-fr","pa_color-gris","pa_color-jaune","pa_color-melange","pa_color-rouge","pa_grain_type-concasse"],"yoast_head":"<!-- This site is optimized with the Yoast SEO plugin v15.9.2 - https:\/\/yoast.com\/wordpress\/plugins\/seo\/ -->\n<title>Herbstlaub - Ghent Aggregates<\/title>\n<link rel=\"canonical\" href=\"https:\/\/ghentaggregates.be\/fr\/produits\/betons\/herbstlaub\/\" \/>\n<meta property=\"og:locale\" content=\"fr_FR\" \/>\n<meta property=\"og:type\" content=\"article\" \/>\n<meta property=\"og:title\" content=\"Herbstlaub - Ghent Aggregates\" \/>\n<meta property=\"og:description\" content=\"Nom produit: HERBSTLAUB Origine : Granite LA : 20 Granulom\u00e9trie : 0\/2 2\/5 5\/8 8\/11 8\/16 Remarques:\u00a0\u00e0 utiliser dans le routier, zones \u00e0 traffic lourd exclus. Parfait pour le paysagisme, parc et jardin, all\u00e9e, entr\u00e9e, b\u00e9tons d\u00e9coratifs, b\u00e9tons lav\u00e9s et d\u00e9sactiv\u00e9s, bouchard\u00e9s, etc. Ce granulat est naturellement m\u00e9lang\u00e9 des couleurs rose, jaune et gris, contenant [&hellip;]\" \/>\n<meta property=\"og:url\" content=\"https:\/\/ghentaggregates.be\/fr\/produits\/betons\/herbstlaub\/\" \/>\n<meta property=\"og:site_name\" content=\"Ghent Aggregates\" \/>\n<meta property=\"article:modified_time\" content=\"2020-08-12T20:13:42+00:00\" \/>\n<meta property=\"og:image\" content=\"https:\/\/ghentaggregates.be\/wp-content\/uploads\/2017\/01\/ghent-aggregates-herbstlaub-5-11.jpg\" \/>\n\t<meta property=\"og:image:width\" content=\"1152\" \/>\n\t<meta property=\"og:image:height\" content=\"768\" \/>\n<meta name=\"twitter:card\" content=\"summary_large_image\" \/>\n<script type=\"application\/ld+json\" class=\"yoast-schema-graph\">{\"@context\":\"https:\/\/schema.org\",\"@graph\":[{\"@type\":\"WebSite\",\"@id\":\"https:\/\/ghentaggregates.be\/#website\",\"url\":\"https:\/\/ghentaggregates.be\/\",\"name\":\"Ghent Aggregates\",\"description\":\"Votre partenaire pour tout granulats d\\u00e9co et techniques\",\"potentialAction\":[{\"@type\":\"SearchAction\",\"target\":\"https:\/\/ghentaggregates.be\/?s={search_term_string}\",\"query-input\":\"required name=search_term_string\"}],\"inLanguage\":\"fr-BE\"},{\"@type\":\"ImageObject\",\"@id\":\"https:\/\/ghentaggregates.be\/fr\/produits\/betons\/herbstlaub\/#primaryimage\",\"inLanguage\":\"fr-BE\",\"url\":\"https:\/\/ghentaggregates.be\/wp-content\/uploads\/2017\/01\/ghent-aggregates-herbstlaub-5-11.jpg\",\"width\":1152,\"height\":768,\"caption\":\"Product images are for illustrative purposes only and may differ from the actual product\"},{\"@type\":\"WebPage\",\"@id\":\"https:\/\/ghentaggregates.be\/fr\/produits\/betons\/herbstlaub\/#webpage\",\"url\":\"https:\/\/ghentaggregates.be\/fr\/produits\/betons\/herbstlaub\/\",\"name\":\"Herbstlaub - Ghent Aggregates\",\"isPartOf\":{\"@id\":\"https:\/\/ghentaggregates.be\/#website\"},\"primaryImageOfPage\":{\"@id\":\"https:\/\/ghentaggregates.be\/fr\/produits\/betons\/herbstlaub\/#primaryimage\"},\"datePublished\":\"2017-01-28T20:52:14+00:00\",\"dateModified\":\"2020-08-12T20:13:42+00:00\",\"breadcrumb\":{\"@id\":\"https:\/\/ghentaggregates.be\/fr\/produits\/betons\/herbstlaub\/#breadcrumb\"},\"inLanguage\":\"fr-BE\",\"potentialAction\":[{\"@type\":\"ReadAction\",\"target\":[\"https:\/\/ghentaggregates.be\/fr\/produits\/betons\/herbstlaub\/\"]}]},{\"@type\":\"BreadcrumbList\",\"@id\":\"https:\/\/ghentaggregates.be\/fr\/produits\/betons\/herbstlaub\/#breadcrumb\",\"itemListElement\":[{\"@type\":\"ListItem\",\"position\":1,\"item\":{\"@type\":\"WebPage\",\"@id\":\"https:\/\/ghentaggregates.be\/fr\/\",\"url\":\"https:\/\/ghentaggregates.be\/fr\/\",\"name\":\"Home\"}},{\"@type\":\"ListItem\",\"position\":2,\"item\":{\"@type\":\"WebPage\",\"@id\":\"https:\/\/ghentaggregates.be\/fr\/produits\/betons\/\",\"url\":\"https:\/\/ghentaggregates.be\/fr\/produits\/betons\/\",\"name\":\"Granulats pour b\\u00e9tons\"}},{\"@type\":\"ListItem\",\"position\":3,\"item\":{\"@type\":\"WebPage\",\"@id\":\"https:\/\/ghentaggregates.be\/fr\/produits\/betons\/herbstlaub\/\",\"url\":\"https:\/\/ghentaggregates.be\/fr\/produits\/betons\/herbstlaub\/\",\"name\":\"Herbstlaub\"}}]}]}<\/script>\n<!-- \/ Yoast SEO plugin. -->","_links":{"self":[{"href":"https:\/\/ghentaggregates.be\/fr\/wp-json\/wp\/v2\/product\/9691"}],"collection":[{"href":"https:\/\/ghentaggregates.be\/fr\/wp-json\/wp\/v2\/product"}],"about":[{"href":"https:\/\/ghentaggregates.be\/fr\/wp-json\/wp\/v2\/types\/product"}],"replies":[{"embeddable":true,"href":"https:\/\/ghentaggregates.be\/fr\/wp-json\/wp\/v2\/comments?post=9691"}],"version-history":[{"count":0,"href":"https:\/\/ghentaggregates.be\/fr\/wp-json\/wp\/v2\/product\/9691\/revisions"}],"wp:featuredmedia":[{"embeddable":true,"href":"https:\/\/ghentaggregates.be\/fr\/wp-json\/wp\/v2\/media\/9689"}],"wp:attachment":[{"href":"https:\/\/ghentaggregates.be\/fr\/wp-json\/wp\/v2\/media?parent=9691"}],"curies":[{"name":"wp","href":"https:\/\/api.w.org\/{rel}","templated":true}]}}