{"id":9699,"date":"2017-01-28T22:05:16","date_gmt":"2017-01-28T21:05:16","guid":{"rendered":"https:\/\/ghentaggregates2019.dazzle-qa.be\/product\/ice-blue\/"},"modified":"2023-11-02T20:24:34","modified_gmt":"2023-11-02T19:24:34","slug":"ice-blue","status":"publish","type":"product","link":"https:\/\/ghentaggregates.be\/fr\/produits\/betons\/ice-blue\/","title":{"rendered":"Ice Blue"},"content":{"rendered":"<table>\n<tbody>\n<tr>\n<td>Nom produit:<\/td>\n<td>ICE BLUE<\/td>\n<\/tr>\n<tr>\n<td>Connu comme :<\/td>\n<td>Icey Blue, Tahiti blue<\/td>\n<\/tr>\n<tr>\n<td>Origine :<\/td>\n<td>Calcaire-marbre<\/td>\n<\/tr>\n<tr>\n<td>LA :<\/td>\n<td>25<\/td>\n<\/tr>\n<tr>\n<td>Granulom\u00e9trie :<\/td>\n<td>4\/8 (stock)<br \/>\n8\/16 (stock)<br \/>\n16\/32 (stock)<br \/>\n40\/60 (stock)<br \/>\n60\/120<\/td>\n<\/tr>\n<\/tbody>\n<\/table>\n<p><strong>Remarques:\u00a0<\/strong>ne pas utiliser dans le routier. Parfait pour toutes applications paysagisme, parc et jardin, all\u00e9e, pi\u00e9ton, b\u00e9tons d\u00e9coratifs, lav\u00e9s et b\u00e9ton d\u00e9sactiv\u00e9. Ce granulat gris-bleut\u00e9 est moderne et accompagne beaucoup de projects, int\u00e9rieures et ext\u00e9rieures. Grandes granulom\u00e9tries pour gabions disponibles.<\/p>\n","protected":false},"excerpt":{"rendered":"<p>Nom produit: ICE BLUE Connu comme : Icey Blue, Tahiti blue Origine : Calcaire-marbre LA : 25 Granulom\u00e9trie : 4\/8 (stock) 8\/16 (stock) 16\/32 (stock) 40\/60 (stock) 60\/120 Remarques:\u00a0ne pas utiliser dans le routier. Parfait pour toutes applications paysagisme, parc et jardin, all\u00e9e, pi\u00e9ton, b\u00e9tons d\u00e9coratifs, lav\u00e9s et b\u00e9ton d\u00e9sactiv\u00e9. Ce granulat gris-bleut\u00e9 est moderne [&hellip;]<\/p>\n","protected":false},"featured_media":9697,"comment_status":"open","ping_status":"closed","template":"","meta":[],"class_list":["post-9699","product","type-product","status-publish","has-post-thumbnail","hentry","product_cat-betons","product_cat-paysagisme","product_tag-blue-fr","product_tag-crushed-fr","product_tag-grey-fr","pa_color-bleu","pa_color-gris","pa_grain_type-concasse"],"yoast_head":"<!-- This site is optimized with the Yoast SEO plugin v15.9.2 - https:\/\/yoast.com\/wordpress\/plugins\/seo\/ -->\n<title>Ice Blue - Ghent Aggregates<\/title>\n<link rel=\"canonical\" href=\"https:\/\/ghentaggregates.be\/fr\/produits\/betons\/ice-blue\/\" \/>\n<meta property=\"og:locale\" content=\"fr_FR\" \/>\n<meta property=\"og:type\" content=\"article\" \/>\n<meta property=\"og:title\" content=\"Ice Blue - Ghent Aggregates\" \/>\n<meta property=\"og:description\" content=\"Nom produit: ICE BLUE Connu comme : Icey Blue, Tahiti blue Origine : Calcaire-marbre LA : 25 Granulom\u00e9trie : 4\/8 (stock) 8\/16 (stock) 16\/32 (stock) 40\/60 (stock) 60\/120 Remarques:\u00a0ne pas utiliser dans le routier. Parfait pour toutes applications paysagisme, parc et jardin, all\u00e9e, pi\u00e9ton, b\u00e9tons d\u00e9coratifs, lav\u00e9s et b\u00e9ton d\u00e9sactiv\u00e9. Ce granulat gris-bleut\u00e9 est moderne [&hellip;]\" \/>\n<meta property=\"og:url\" content=\"https:\/\/ghentaggregates.be\/fr\/produits\/betons\/ice-blue\/\" \/>\n<meta property=\"og:site_name\" content=\"Ghent Aggregates\" \/>\n<meta property=\"article:modified_time\" content=\"2023-11-02T19:24:34+00:00\" \/>\n<meta property=\"og:image\" content=\"https:\/\/ghentaggregates.be\/wp-content\/uploads\/2017\/01\/ghent-aggregates-icey-blue-8-16.jpg\" \/>\n\t<meta property=\"og:image:width\" content=\"1152\" \/>\n\t<meta property=\"og:image:height\" content=\"768\" \/>\n<meta name=\"twitter:card\" content=\"summary_large_image\" \/>\n<meta name=\"twitter:label1\" content=\"Dur\u00e9e de lecture est.\">\n\t<meta name=\"twitter:data1\" content=\"1 minute\">\n<script type=\"application\/ld+json\" class=\"yoast-schema-graph\">{\"@context\":\"https:\/\/schema.org\",\"@graph\":[{\"@type\":\"WebSite\",\"@id\":\"https:\/\/ghentaggregates.be\/#website\",\"url\":\"https:\/\/ghentaggregates.be\/\",\"name\":\"Ghent Aggregates\",\"description\":\"Votre partenaire pour tout granulats d\\u00e9co et techniques\",\"potentialAction\":[{\"@type\":\"SearchAction\",\"target\":\"https:\/\/ghentaggregates.be\/?s={search_term_string}\",\"query-input\":\"required name=search_term_string\"}],\"inLanguage\":\"fr-BE\"},{\"@type\":\"ImageObject\",\"@id\":\"https:\/\/ghentaggregates.be\/fr\/produits\/betons\/ice-blue\/#primaryimage\",\"inLanguage\":\"fr-BE\",\"url\":\"https:\/\/ghentaggregates.be\/wp-content\/uploads\/2017\/01\/ghent-aggregates-icey-blue-8-16.jpg\",\"width\":1152,\"height\":768},{\"@type\":\"WebPage\",\"@id\":\"https:\/\/ghentaggregates.be\/fr\/produits\/betons\/ice-blue\/#webpage\",\"url\":\"https:\/\/ghentaggregates.be\/fr\/produits\/betons\/ice-blue\/\",\"name\":\"Ice Blue - Ghent Aggregates\",\"isPartOf\":{\"@id\":\"https:\/\/ghentaggregates.be\/#website\"},\"primaryImageOfPage\":{\"@id\":\"https:\/\/ghentaggregates.be\/fr\/produits\/betons\/ice-blue\/#primaryimage\"},\"datePublished\":\"2017-01-28T21:05:16+00:00\",\"dateModified\":\"2023-11-02T19:24:34+00:00\",\"breadcrumb\":{\"@id\":\"https:\/\/ghentaggregates.be\/fr\/produits\/betons\/ice-blue\/#breadcrumb\"},\"inLanguage\":\"fr-BE\",\"potentialAction\":[{\"@type\":\"ReadAction\",\"target\":[\"https:\/\/ghentaggregates.be\/fr\/produits\/betons\/ice-blue\/\"]}]},{\"@type\":\"BreadcrumbList\",\"@id\":\"https:\/\/ghentaggregates.be\/fr\/produits\/betons\/ice-blue\/#breadcrumb\",\"itemListElement\":[{\"@type\":\"ListItem\",\"position\":1,\"item\":{\"@type\":\"WebPage\",\"@id\":\"https:\/\/ghentaggregates.be\/fr\/\",\"url\":\"https:\/\/ghentaggregates.be\/fr\/\",\"name\":\"Home\"}},{\"@type\":\"ListItem\",\"position\":2,\"item\":{\"@type\":\"WebPage\",\"@id\":\"https:\/\/ghentaggregates.be\/fr\/produits\/betons\/\",\"url\":\"https:\/\/ghentaggregates.be\/fr\/produits\/betons\/\",\"name\":\"Granulats pour b\\u00e9tons\"}},{\"@type\":\"ListItem\",\"position\":3,\"item\":{\"@type\":\"WebPage\",\"@id\":\"https:\/\/ghentaggregates.be\/fr\/produits\/betons\/ice-blue\/\",\"url\":\"https:\/\/ghentaggregates.be\/fr\/produits\/betons\/ice-blue\/\",\"name\":\"Ice Blue\"}}]}]}<\/script>\n<!-- \/ Yoast SEO plugin. -->","_links":{"self":[{"href":"https:\/\/ghentaggregates.be\/fr\/wp-json\/wp\/v2\/product\/9699"}],"collection":[{"href":"https:\/\/ghentaggregates.be\/fr\/wp-json\/wp\/v2\/product"}],"about":[{"href":"https:\/\/ghentaggregates.be\/fr\/wp-json\/wp\/v2\/types\/product"}],"replies":[{"embeddable":true,"href":"https:\/\/ghentaggregates.be\/fr\/wp-json\/wp\/v2\/comments?post=9699"}],"version-history":[{"count":0,"href":"https:\/\/ghentaggregates.be\/fr\/wp-json\/wp\/v2\/product\/9699\/revisions"}],"wp:featuredmedia":[{"embeddable":true,"href":"https:\/\/ghentaggregates.be\/fr\/wp-json\/wp\/v2\/media\/9697"}],"wp:attachment":[{"href":"https:\/\/ghentaggregates.be\/fr\/wp-json\/wp\/v2\/media?parent=9699"}],"curies":[{"name":"wp","href":"https:\/\/api.w.org\/{rel}","templated":true}]}}