{"id":9707,"date":"2017-01-28T22:16:33","date_gmt":"2017-01-28T21:16:33","guid":{"rendered":"https:\/\/ghentaggregates2019.dazzle-qa.be\/product\/japanese-split\/"},"modified":"2020-08-12T21:07:06","modified_gmt":"2020-08-12T19:07:06","slug":"japanese-split","status":"publish","type":"product","link":"https:\/\/ghentaggregates.be\/fr\/produits\/construction-routiere\/japanese-split\/","title":{"rendered":"Concass\u00e9 Japonnais"},"content":{"rendered":"<table>\n<tbody>\n<tr>\n<td>Nom produit:<\/td>\n<td>CONCASS\u00c9 JAPONNAIS<\/td>\n<\/tr>\n<tr>\n<td>Connu comme :<\/td>\n<td>Gravier Picaill\u00e9<\/td>\n<\/tr>\n<tr>\n<td>Origine :<\/td>\n<td>Silex<\/td>\n<\/tr>\n<tr>\n<td>LA :<\/td>\n<td>20<\/td>\n<\/tr>\n<tr>\n<td>Granulom\u00e9trie :<\/td>\n<td>0\/2<br \/>\n2\/5<br \/>\n2\/8<br \/>\n4\/8<br \/>\n8\/14 (stock)<br \/>\n14\/16<br \/>\n8\/22<\/td>\n<\/tr>\n<\/tbody>\n<\/table>\n<p><strong>Remarques:\u00a0<\/strong>utilisable dans la construction routi\u00e8re, zones traffic lourd inclus. A utiliser dans le paysagisme, all\u00e9e, parc et jardin, b\u00e9ton d\u00e9coratif, b\u00e9ton lav\u00e9, b\u00e9ton d\u00e9sactiv\u00e9 et bouchard\u00e9, etc.<\/p>\n<p>Ce granulat d\u00fbr contient un m\u00e9lange de ocre, marron et noir, avec un ton ocre majeur. Aussi \u00e0 utiliser dans l&rsquo;enrob\u00e9 color\u00e9. Concass\u00e9 \u00e0 PSV +50 et par cons\u00e9quence excellent pour le routier et l&rsquo;enrob\u00e9 color\u00e9 ocre-jaune.<\/p>\n","protected":false},"excerpt":{"rendered":"<p>Nom produit: CONCASS\u00c9 JAPONNAIS Connu comme : Gravier Picaill\u00e9 Origine : Silex LA : 20 Granulom\u00e9trie : 0\/2 2\/5 2\/8 4\/8 8\/14 (stock) 14\/16 8\/22 Remarques:\u00a0utilisable dans la construction routi\u00e8re, zones traffic lourd inclus. A utiliser dans le paysagisme, all\u00e9e, parc et jardin, b\u00e9ton d\u00e9coratif, b\u00e9ton lav\u00e9, b\u00e9ton d\u00e9sactiv\u00e9 et bouchard\u00e9, etc. Ce granulat d\u00fbr [&hellip;]<\/p>\n","protected":false},"featured_media":9705,"comment_status":"open","ping_status":"closed","template":"","meta":[],"class_list":["post-9707","product","type-product","status-publish","has-post-thumbnail","hentry","product_cat-construction-routiere","product_cat-betons","product_cat-paysagisme","product_tag-black-fr","product_tag-brown-fr","product_tag-crushed-fr","product_tag-mix-fr","product_tag-yellow-fr","pa_color-jaune","pa_color-marron","pa_color-melange","pa_color-noir","pa_grain_type-concasse"],"yoast_head":"<!-- This site is optimized with the Yoast SEO plugin v15.9.2 - https:\/\/yoast.com\/wordpress\/plugins\/seo\/ -->\n<title>Concass\u00e9 Japonnais - Ghent Aggregates<\/title>\n<link rel=\"canonical\" href=\"https:\/\/ghentaggregates.be\/fr\/produits\/construction-routiere\/japanese-split\/\" \/>\n<meta property=\"og:locale\" content=\"fr_FR\" \/>\n<meta property=\"og:type\" content=\"article\" \/>\n<meta property=\"og:title\" content=\"Concass\u00e9 Japonnais - Ghent Aggregates\" \/>\n<meta property=\"og:description\" content=\"Nom produit: CONCASS\u00c9 JAPONNAIS Connu comme : Gravier Picaill\u00e9 Origine : Silex LA : 20 Granulom\u00e9trie : 0\/2 2\/5 2\/8 4\/8 8\/14 (stock) 14\/16 8\/22 Remarques:\u00a0utilisable dans la construction routi\u00e8re, zones traffic lourd inclus. A utiliser dans le paysagisme, all\u00e9e, parc et jardin, b\u00e9ton d\u00e9coratif, b\u00e9ton lav\u00e9, b\u00e9ton d\u00e9sactiv\u00e9 et bouchard\u00e9, etc. Ce granulat d\u00fbr [&hellip;]\" \/>\n<meta property=\"og:url\" content=\"https:\/\/ghentaggregates.be\/fr\/produits\/construction-routiere\/japanese-split\/\" \/>\n<meta property=\"og:site_name\" content=\"Ghent Aggregates\" \/>\n<meta property=\"article:modified_time\" content=\"2020-08-12T19:07:06+00:00\" \/>\n<meta property=\"og:image\" content=\"https:\/\/ghentaggregates.be\/wp-content\/uploads\/2017\/01\/ghent-aggregates-japanse-split-4-8.jpg\" \/>\n\t<meta property=\"og:image:width\" content=\"1152\" \/>\n\t<meta property=\"og:image:height\" content=\"768\" \/>\n<meta name=\"twitter:card\" content=\"summary_large_image\" \/>\n<script type=\"application\/ld+json\" class=\"yoast-schema-graph\">{\"@context\":\"https:\/\/schema.org\",\"@graph\":[{\"@type\":\"WebSite\",\"@id\":\"https:\/\/ghentaggregates.be\/#website\",\"url\":\"https:\/\/ghentaggregates.be\/\",\"name\":\"Ghent Aggregates\",\"description\":\"Votre partenaire pour tout granulats d\\u00e9co et techniques\",\"potentialAction\":[{\"@type\":\"SearchAction\",\"target\":\"https:\/\/ghentaggregates.be\/?s={search_term_string}\",\"query-input\":\"required name=search_term_string\"}],\"inLanguage\":\"fr-BE\"},{\"@type\":\"ImageObject\",\"@id\":\"https:\/\/ghentaggregates.be\/fr\/produits\/construction-routiere\/japanese-split\/#primaryimage\",\"inLanguage\":\"fr-BE\",\"url\":\"https:\/\/ghentaggregates.be\/wp-content\/uploads\/2017\/01\/ghent-aggregates-japanse-split-4-8.jpg\",\"width\":1152,\"height\":768},{\"@type\":\"WebPage\",\"@id\":\"https:\/\/ghentaggregates.be\/fr\/produits\/construction-routiere\/japanese-split\/#webpage\",\"url\":\"https:\/\/ghentaggregates.be\/fr\/produits\/construction-routiere\/japanese-split\/\",\"name\":\"Concass\\u00e9 Japonnais - Ghent Aggregates\",\"isPartOf\":{\"@id\":\"https:\/\/ghentaggregates.be\/#website\"},\"primaryImageOfPage\":{\"@id\":\"https:\/\/ghentaggregates.be\/fr\/produits\/construction-routiere\/japanese-split\/#primaryimage\"},\"datePublished\":\"2017-01-28T21:16:33+00:00\",\"dateModified\":\"2020-08-12T19:07:06+00:00\",\"breadcrumb\":{\"@id\":\"https:\/\/ghentaggregates.be\/fr\/produits\/construction-routiere\/japanese-split\/#breadcrumb\"},\"inLanguage\":\"fr-BE\",\"potentialAction\":[{\"@type\":\"ReadAction\",\"target\":[\"https:\/\/ghentaggregates.be\/fr\/produits\/construction-routiere\/japanese-split\/\"]}]},{\"@type\":\"BreadcrumbList\",\"@id\":\"https:\/\/ghentaggregates.be\/fr\/produits\/construction-routiere\/japanese-split\/#breadcrumb\",\"itemListElement\":[{\"@type\":\"ListItem\",\"position\":1,\"item\":{\"@type\":\"WebPage\",\"@id\":\"https:\/\/ghentaggregates.be\/fr\/\",\"url\":\"https:\/\/ghentaggregates.be\/fr\/\",\"name\":\"Home\"}},{\"@type\":\"ListItem\",\"position\":2,\"item\":{\"@type\":\"WebPage\",\"@id\":\"https:\/\/ghentaggregates.be\/fr\/produits\/construction-routiere\/\",\"url\":\"https:\/\/ghentaggregates.be\/fr\/produits\/construction-routiere\/\",\"name\":\"Construction routi\\u00e8re\"}},{\"@type\":\"ListItem\",\"position\":3,\"item\":{\"@type\":\"WebPage\",\"@id\":\"https:\/\/ghentaggregates.be\/fr\/produits\/construction-routiere\/japanese-split\/\",\"url\":\"https:\/\/ghentaggregates.be\/fr\/produits\/construction-routiere\/japanese-split\/\",\"name\":\"Concass\\u00e9 Japonnais\"}}]}]}<\/script>\n<!-- \/ Yoast SEO plugin. -->","_links":{"self":[{"href":"https:\/\/ghentaggregates.be\/fr\/wp-json\/wp\/v2\/product\/9707"}],"collection":[{"href":"https:\/\/ghentaggregates.be\/fr\/wp-json\/wp\/v2\/product"}],"about":[{"href":"https:\/\/ghentaggregates.be\/fr\/wp-json\/wp\/v2\/types\/product"}],"replies":[{"embeddable":true,"href":"https:\/\/ghentaggregates.be\/fr\/wp-json\/wp\/v2\/comments?post=9707"}],"version-history":[{"count":0,"href":"https:\/\/ghentaggregates.be\/fr\/wp-json\/wp\/v2\/product\/9707\/revisions"}],"wp:featuredmedia":[{"embeddable":true,"href":"https:\/\/ghentaggregates.be\/fr\/wp-json\/wp\/v2\/media\/9705"}],"wp:attachment":[{"href":"https:\/\/ghentaggregates.be\/fr\/wp-json\/wp\/v2\/media?parent=9707"}],"curies":[{"name":"wp","href":"https:\/\/api.w.org\/{rel}","templated":true}]}}