{"id":9715,"date":"2017-01-28T22:27:18","date_gmt":"2017-01-28T21:27:18","guid":{"rendered":"https:\/\/ghentaggregates2019.dazzle-qa.be\/product\/castle-white\/"},"modified":"2020-08-12T21:02:49","modified_gmt":"2020-08-12T19:02:49","slug":"blanc-chateau","status":"publish","type":"product","link":"https:\/\/ghentaggregates.be\/fr\/produits\/betons\/blanc-chateau\/","title":{"rendered":"Blanc Chateau"},"content":{"rendered":"<table>\n<tbody>\n<tr>\n<td>Nom produit:<\/td>\n<td>BLANC CHATEAU<\/td>\n<\/tr>\n<tr>\n<td>Connu comme :<\/td>\n<td>Blanc Carri\u00e8re, Hautrage, Bourgogne blanc<\/td>\n<\/tr>\n<tr>\n<td>Origine :<\/td>\n<td>Calcaire<\/td>\n<\/tr>\n<tr>\n<td>LA :<\/td>\n<td>24<\/td>\n<\/tr>\n<tr>\n<td>Granulom\u00e9trie :<\/td>\n<td>0\/6<br \/>\n6\/14 (stock)<br \/>\n6\/20<br \/>\n20\/30<br \/>\n30\/60<br \/>\n60\/90<\/td>\n<\/tr>\n<\/tbody>\n<\/table>\n<p><strong>Remarques:\u00a0<\/strong>ne pas utiliser dans le routier, sauf zones l\u00e9gers. Parfait pour toutes applications paysagisme, parc et jardin, gabions. Ce calcaire blanc est accessible et de bonne qualit\u00e9. Parfait pour les b\u00e9tons d\u00e9coratifs, lav\u00e9s, ponc\u00e9s, polis et terrazzo. Sec tr\u00e8s blanc, passe au beige quand il sera humide.<\/p>\n","protected":false},"excerpt":{"rendered":"<p>Nom produit: BLANC CHATEAU Connu comme : Blanc Carri\u00e8re, Hautrage, Bourgogne blanc Origine : Calcaire LA : 24 Granulom\u00e9trie : 0\/6 6\/14 (stock) 6\/20 20\/30 30\/60 60\/90 Remarques:\u00a0ne pas utiliser dans le routier, sauf zones l\u00e9gers. Parfait pour toutes applications paysagisme, parc et jardin, gabions. Ce calcaire blanc est accessible et de bonne qualit\u00e9. Parfait [&hellip;]<\/p>\n","protected":false},"featured_media":9713,"comment_status":"open","ping_status":"closed","template":"","meta":[],"class_list":["post-9715","product","type-product","status-publish","has-post-thumbnail","hentry","product_cat-betons","product_cat-paysagisme","product_tag-crushed-fr","product_tag-white-fr","pa_color-blanc","pa_grain_type-concasse"],"yoast_head":"<!-- This site is optimized with the Yoast SEO plugin v15.9.2 - https:\/\/yoast.com\/wordpress\/plugins\/seo\/ -->\n<title>Blanc Chateau - Ghent Aggregates<\/title>\n<link rel=\"canonical\" href=\"https:\/\/ghentaggregates.be\/fr\/produits\/betons\/blanc-chateau\/\" \/>\n<meta property=\"og:locale\" content=\"fr_FR\" \/>\n<meta property=\"og:type\" content=\"article\" \/>\n<meta property=\"og:title\" content=\"Blanc Chateau - Ghent Aggregates\" \/>\n<meta property=\"og:description\" content=\"Nom produit: BLANC CHATEAU Connu comme : Blanc Carri\u00e8re, Hautrage, Bourgogne blanc Origine : Calcaire LA : 24 Granulom\u00e9trie : 0\/6 6\/14 (stock) 6\/20 20\/30 30\/60 60\/90 Remarques:\u00a0ne pas utiliser dans le routier, sauf zones l\u00e9gers. Parfait pour toutes applications paysagisme, parc et jardin, gabions. Ce calcaire blanc est accessible et de bonne qualit\u00e9. Parfait [&hellip;]\" \/>\n<meta property=\"og:url\" content=\"https:\/\/ghentaggregates.be\/fr\/produits\/betons\/blanc-chateau\/\" \/>\n<meta property=\"og:site_name\" content=\"Ghent Aggregates\" \/>\n<meta property=\"article:modified_time\" content=\"2020-08-12T19:02:49+00:00\" \/>\n<meta property=\"og:image\" content=\"https:\/\/ghentaggregates.be\/wp-content\/uploads\/2017\/01\/ghent-aggregates-kasteelwit-6-14.jpg\" \/>\n\t<meta property=\"og:image:width\" content=\"1152\" \/>\n\t<meta property=\"og:image:height\" content=\"768\" \/>\n<meta name=\"twitter:card\" content=\"summary_large_image\" \/>\n<script type=\"application\/ld+json\" class=\"yoast-schema-graph\">{\"@context\":\"https:\/\/schema.org\",\"@graph\":[{\"@type\":\"WebSite\",\"@id\":\"https:\/\/ghentaggregates.be\/#website\",\"url\":\"https:\/\/ghentaggregates.be\/\",\"name\":\"Ghent Aggregates\",\"description\":\"Votre partenaire pour tout granulats d\\u00e9co et techniques\",\"potentialAction\":[{\"@type\":\"SearchAction\",\"target\":\"https:\/\/ghentaggregates.be\/?s={search_term_string}\",\"query-input\":\"required name=search_term_string\"}],\"inLanguage\":\"fr-BE\"},{\"@type\":\"ImageObject\",\"@id\":\"https:\/\/ghentaggregates.be\/fr\/produits\/betons\/blanc-chateau\/#primaryimage\",\"inLanguage\":\"fr-BE\",\"url\":\"https:\/\/ghentaggregates.be\/wp-content\/uploads\/2017\/01\/ghent-aggregates-kasteelwit-6-14.jpg\",\"width\":1152,\"height\":768},{\"@type\":\"WebPage\",\"@id\":\"https:\/\/ghentaggregates.be\/fr\/produits\/betons\/blanc-chateau\/#webpage\",\"url\":\"https:\/\/ghentaggregates.be\/fr\/produits\/betons\/blanc-chateau\/\",\"name\":\"Blanc Chateau - Ghent Aggregates\",\"isPartOf\":{\"@id\":\"https:\/\/ghentaggregates.be\/#website\"},\"primaryImageOfPage\":{\"@id\":\"https:\/\/ghentaggregates.be\/fr\/produits\/betons\/blanc-chateau\/#primaryimage\"},\"datePublished\":\"2017-01-28T21:27:18+00:00\",\"dateModified\":\"2020-08-12T19:02:49+00:00\",\"breadcrumb\":{\"@id\":\"https:\/\/ghentaggregates.be\/fr\/produits\/betons\/blanc-chateau\/#breadcrumb\"},\"inLanguage\":\"fr-BE\",\"potentialAction\":[{\"@type\":\"ReadAction\",\"target\":[\"https:\/\/ghentaggregates.be\/fr\/produits\/betons\/blanc-chateau\/\"]}]},{\"@type\":\"BreadcrumbList\",\"@id\":\"https:\/\/ghentaggregates.be\/fr\/produits\/betons\/blanc-chateau\/#breadcrumb\",\"itemListElement\":[{\"@type\":\"ListItem\",\"position\":1,\"item\":{\"@type\":\"WebPage\",\"@id\":\"https:\/\/ghentaggregates.be\/fr\/\",\"url\":\"https:\/\/ghentaggregates.be\/fr\/\",\"name\":\"Home\"}},{\"@type\":\"ListItem\",\"position\":2,\"item\":{\"@type\":\"WebPage\",\"@id\":\"https:\/\/ghentaggregates.be\/fr\/produits\/betons\/\",\"url\":\"https:\/\/ghentaggregates.be\/fr\/produits\/betons\/\",\"name\":\"Granulats pour b\\u00e9tons\"}},{\"@type\":\"ListItem\",\"position\":3,\"item\":{\"@type\":\"WebPage\",\"@id\":\"https:\/\/ghentaggregates.be\/fr\/produits\/betons\/blanc-chateau\/\",\"url\":\"https:\/\/ghentaggregates.be\/fr\/produits\/betons\/blanc-chateau\/\",\"name\":\"Blanc Chateau\"}}]}]}<\/script>\n<!-- \/ Yoast SEO plugin. -->","_links":{"self":[{"href":"https:\/\/ghentaggregates.be\/fr\/wp-json\/wp\/v2\/product\/9715"}],"collection":[{"href":"https:\/\/ghentaggregates.be\/fr\/wp-json\/wp\/v2\/product"}],"about":[{"href":"https:\/\/ghentaggregates.be\/fr\/wp-json\/wp\/v2\/types\/product"}],"replies":[{"embeddable":true,"href":"https:\/\/ghentaggregates.be\/fr\/wp-json\/wp\/v2\/comments?post=9715"}],"version-history":[{"count":0,"href":"https:\/\/ghentaggregates.be\/fr\/wp-json\/wp\/v2\/product\/9715\/revisions"}],"wp:featuredmedia":[{"embeddable":true,"href":"https:\/\/ghentaggregates.be\/fr\/wp-json\/wp\/v2\/media\/9713"}],"wp:attachment":[{"href":"https:\/\/ghentaggregates.be\/fr\/wp-json\/wp\/v2\/media?parent=9715"}],"curies":[{"name":"wp","href":"https:\/\/api.w.org\/{rel}","templated":true}]}}