{"id":9723,"date":"2017-01-29T08:07:23","date_gmt":"2017-01-29T07:07:23","guid":{"rendered":"https:\/\/ghentaggregates2019.dazzle-qa.be\/product\/lava\/"},"modified":"2023-07-14T08:53:57","modified_gmt":"2023-07-14T06:53:57","slug":"pouzzolane","status":"publish","type":"product","link":"https:\/\/ghentaggregates.be\/fr\/produits\/betons\/pouzzolane\/","title":{"rendered":"Pouzzolane"},"content":{"rendered":"<table>\n<tbody>\n<tr>\n<td>Nom produit:<\/td>\n<td>POUZZOLANE<\/td>\n<\/tr>\n<tr>\n<td>Origine :<\/td>\n<td>Pouzzolane, lave<\/td>\n<\/tr>\n<tr>\n<td>Poids :<\/td>\n<td>entre\u00a00,9 et\u00a01,2 T\/m3 (en fonction de la granulom\u00e9trie)<\/td>\n<\/tr>\n<tr>\n<td>Granulom\u00e9trie :<\/td>\n<td>0\/4 (stock)<br \/>\n0\/8 (stock)<br \/>\n0\/16 (stock) (incl. marquage FIFA\/IOC)<br \/>\n0\/32 (stock) (incl. marquage FIFA\/IOC)<br \/>\n1\/5<br \/>\n2\/8 (stock)<br \/>\n4\/8 (stock)<br \/>\n8\/16 (stock)<br \/>\n16\/32 (stock)<br \/>\n40\/80 (stock)<br \/>\n60\/120 (stock)<\/td>\n<\/tr>\n<\/tbody>\n<\/table>\n<p><strong>Remarques:\u00a0<\/strong>pouzzolane l\u00e9ger avec une porosit\u00e9 excellente, de couleur marron et noir. A utiliser sous les terrains de sport, applications de paysagisme, pour capter l&rsquo;eau ou encore des b\u00e9tons l\u00e9gers. Les concass\u00e9s sont \u00e9galement disponibles sous certification ISA SPORT (0\/16 ou 0\/32), ainsi que la norme b\u00e9ton CE EN12620 pour b\u00e9tons l\u00e9gers.<\/p>\n<p>Gr\u00e2ce \u00e0 nos \u00e9tudes et connaissances approfondis sur la g\u00e9ologie et production des laves\/pouzzolanes nous avons eu l&rsquo;opportunit\u00e9 d&rsquo;importer les pouzzolanes p\u00fbres rouges-marrons. De ce fait les pouzzolanes sont tr\u00e8s poreux, l\u00e9gers et de haute qualit\u00e9. Meilleur que ce qu&rsquo;on peut retrouver dans le march\u00e9. Une \u00e9quilibre difficile \u00e0 tenir, mais bien suivi par notre service. L&rsquo;importation en gros via la voie d&rsquo;eau nous permet de vous servir correctement, et rapidement aux meilleures conditions.<\/p>\n<p>En fonction de vos chantiers on livre contre quai par p\u00e9niche, ou par camion semi. Demandez nous conditions et tarifs!<\/p>\n","protected":false},"excerpt":{"rendered":"<p>Nom produit: POUZZOLANE Origine : Pouzzolane, lave Poids : entre\u00a00,9 et\u00a01,2 T\/m3 (en fonction de la granulom\u00e9trie) Granulom\u00e9trie : 0\/4 (stock) 0\/8 (stock) 0\/16 (stock) (incl. marquage FIFA\/IOC) 0\/32 (stock) (incl. marquage FIFA\/IOC) 1\/5 2\/8 (stock) 4\/8 (stock) 8\/16 (stock) 16\/32 (stock) 40\/80 (stock) 60\/120 (stock) Remarques:\u00a0pouzzolane l\u00e9ger avec une porosit\u00e9 excellente, de couleur marron [&hellip;]<\/p>\n","protected":false},"featured_media":9721,"comment_status":"open","ping_status":"closed","template":"","meta":[],"class_list":["post-9723","product","type-product","status-publish","has-post-thumbnail","hentry","product_cat-drainage-et-fondation","product_cat-infrastructures-sportives","product_cat-paysagisme","product_tag-brown-fr","product_tag-crushed-fr","pa_color-marron","pa_grain_type-concasse"],"yoast_head":"<!-- This site is optimized with the Yoast SEO plugin v15.9.2 - https:\/\/yoast.com\/wordpress\/plugins\/seo\/ -->\n<title>Pouzzolane - Ghent Aggregates<\/title>\n<meta name=\"description\" content=\"Pouzzolane de haute qualit\u00e9 et marron de couleur pour toutes applications finition, filtration, fondation etc.\" \/>\n<link rel=\"canonical\" href=\"https:\/\/ghentaggregates.be\/fr\/produits\/betons\/pouzzolane\/\" \/>\n<meta property=\"og:locale\" content=\"fr_FR\" \/>\n<meta property=\"og:type\" content=\"article\" \/>\n<meta property=\"og:title\" content=\"Pouzzolane - Ghent Aggregates\" \/>\n<meta property=\"og:description\" content=\"Pouzzolane de haute qualit\u00e9 et marron de couleur pour toutes applications finition, filtration, fondation etc.\" \/>\n<meta property=\"og:url\" content=\"https:\/\/ghentaggregates.be\/fr\/produits\/betons\/pouzzolane\/\" \/>\n<meta property=\"og:site_name\" content=\"Ghent Aggregates\" \/>\n<meta property=\"article:modified_time\" content=\"2023-07-14T06:53:57+00:00\" \/>\n<meta property=\"og:image\" content=\"https:\/\/ghentaggregates.be\/wp-content\/uploads\/2017\/01\/ghent-aggregates-lava-8-16.jpg\" \/>\n\t<meta property=\"og:image:width\" content=\"1152\" \/>\n\t<meta property=\"og:image:height\" content=\"768\" \/>\n<meta name=\"twitter:card\" content=\"summary_large_image\" \/>\n<meta name=\"twitter:label1\" content=\"Dur\u00e9e de lecture est.\">\n\t<meta name=\"twitter:data1\" content=\"1 minute\">\n<script type=\"application\/ld+json\" class=\"yoast-schema-graph\">{\"@context\":\"https:\/\/schema.org\",\"@graph\":[{\"@type\":\"WebSite\",\"@id\":\"https:\/\/ghentaggregates.be\/#website\",\"url\":\"https:\/\/ghentaggregates.be\/\",\"name\":\"Ghent Aggregates\",\"description\":\"Votre partenaire pour tout granulats d\\u00e9co et techniques\",\"potentialAction\":[{\"@type\":\"SearchAction\",\"target\":\"https:\/\/ghentaggregates.be\/?s={search_term_string}\",\"query-input\":\"required name=search_term_string\"}],\"inLanguage\":\"fr-BE\"},{\"@type\":\"ImageObject\",\"@id\":\"https:\/\/ghentaggregates.be\/fr\/produits\/betons\/pouzzolane\/#primaryimage\",\"inLanguage\":\"fr-BE\",\"url\":\"https:\/\/ghentaggregates.be\/wp-content\/uploads\/2017\/01\/ghent-aggregates-lava-8-16.jpg\",\"width\":1152,\"height\":768},{\"@type\":\"WebPage\",\"@id\":\"https:\/\/ghentaggregates.be\/fr\/produits\/betons\/pouzzolane\/#webpage\",\"url\":\"https:\/\/ghentaggregates.be\/fr\/produits\/betons\/pouzzolane\/\",\"name\":\"Pouzzolane - Ghent Aggregates\",\"isPartOf\":{\"@id\":\"https:\/\/ghentaggregates.be\/#website\"},\"primaryImageOfPage\":{\"@id\":\"https:\/\/ghentaggregates.be\/fr\/produits\/betons\/pouzzolane\/#primaryimage\"},\"datePublished\":\"2017-01-29T07:07:23+00:00\",\"dateModified\":\"2023-07-14T06:53:57+00:00\",\"description\":\"Pouzzolane de haute qualit\\u00e9 et marron de couleur pour toutes applications finition, filtration, fondation etc.\",\"breadcrumb\":{\"@id\":\"https:\/\/ghentaggregates.be\/fr\/produits\/betons\/pouzzolane\/#breadcrumb\"},\"inLanguage\":\"fr-BE\",\"potentialAction\":[{\"@type\":\"ReadAction\",\"target\":[\"https:\/\/ghentaggregates.be\/fr\/produits\/betons\/pouzzolane\/\"]}]},{\"@type\":\"BreadcrumbList\",\"@id\":\"https:\/\/ghentaggregates.be\/fr\/produits\/betons\/pouzzolane\/#breadcrumb\",\"itemListElement\":[{\"@type\":\"ListItem\",\"position\":1,\"item\":{\"@type\":\"WebPage\",\"@id\":\"https:\/\/ghentaggregates.be\/fr\/\",\"url\":\"https:\/\/ghentaggregates.be\/fr\/\",\"name\":\"Home\"}},{\"@type\":\"ListItem\",\"position\":2,\"item\":{\"@type\":\"WebPage\",\"@id\":\"https:\/\/ghentaggregates.be\/fr\/produits\/betons\/\",\"url\":\"https:\/\/ghentaggregates.be\/fr\/produits\/betons\/\",\"name\":\"Granulats pour b\\u00e9tons\"}},{\"@type\":\"ListItem\",\"position\":3,\"item\":{\"@type\":\"WebPage\",\"@id\":\"https:\/\/ghentaggregates.be\/fr\/produits\/betons\/pouzzolane\/\",\"url\":\"https:\/\/ghentaggregates.be\/fr\/produits\/betons\/pouzzolane\/\",\"name\":\"Pouzzolane\"}}]}]}<\/script>\n<!-- \/ Yoast SEO plugin. -->","_links":{"self":[{"href":"https:\/\/ghentaggregates.be\/fr\/wp-json\/wp\/v2\/product\/9723"}],"collection":[{"href":"https:\/\/ghentaggregates.be\/fr\/wp-json\/wp\/v2\/product"}],"about":[{"href":"https:\/\/ghentaggregates.be\/fr\/wp-json\/wp\/v2\/types\/product"}],"replies":[{"embeddable":true,"href":"https:\/\/ghentaggregates.be\/fr\/wp-json\/wp\/v2\/comments?post=9723"}],"version-history":[{"count":0,"href":"https:\/\/ghentaggregates.be\/fr\/wp-json\/wp\/v2\/product\/9723\/revisions"}],"wp:featuredmedia":[{"embeddable":true,"href":"https:\/\/ghentaggregates.be\/fr\/wp-json\/wp\/v2\/media\/9721"}],"wp:attachment":[{"href":"https:\/\/ghentaggregates.be\/fr\/wp-json\/wp\/v2\/media?parent=9723"}],"curies":[{"name":"wp","href":"https:\/\/api.w.org\/{rel}","templated":true}]}}