{"id":9731,"date":"2017-01-29T08:24:31","date_gmt":"2017-01-29T07:24:31","guid":{"rendered":"https:\/\/ghentaggregates2019.dazzle-qa.be\/product\/black-lava\/"},"modified":"2021-02-28T19:58:27","modified_gmt":"2021-02-28T18:58:27","slug":"pouzzolane-noire","status":"publish","type":"product","link":"https:\/\/ghentaggregates.be\/fr\/produits\/infrastructures-sportives\/pouzzolane-noire\/","title":{"rendered":"Pouzzolane Noir"},"content":{"rendered":"<table>\n<tbody>\n<tr>\n<td>Nom produit:<\/td>\n<td>POUZZOLANE NOIRE<\/td>\n<\/tr>\n<tr>\n<td>Origine :<\/td>\n<td>Pouzzolane<\/td>\n<\/tr>\n<tr>\n<td>Poids :<\/td>\n<td>1,0 \u00e0 1,1 T\/m3<\/td>\n<\/tr>\n<tr>\n<td>Granulom\u00e9trie :<\/td>\n<td>2\/8<br \/>\n8\/16 (stock)<br \/>\n16\/32<\/td>\n<\/tr>\n<\/tbody>\n<\/table>\n<p><strong>Remarques:\u00a0<\/strong>pouzzolane l\u00e9ger noir avec excellente porosit\u00e9, pour applications parc et jardin, horticulture, etc.<\/p>\n<p>Nous offrons exclusivement le pouzzolane noir-anthracite. Ce pouzzolane est exclusivement extrait sur sa couleur avec une production d\u00e9di\u00e9e pour cela. Utilisez ce pouzzolane o\u00f9 il a sa raison d&rsquo;\u00eatre vu! Pour raisons \u00e9conomique \u00e0 partir de 12-15 tonnes disponibles. Le calibre 8\/16 est en stock en bigbag uniquement.<\/p>\n<p>Contactez-nous pour toutes informations.<\/p>\n","protected":false},"excerpt":{"rendered":"<p>Nom produit: POUZZOLANE NOIRE Origine : Pouzzolane Poids : 1,0 \u00e0 1,1 T\/m3 Granulom\u00e9trie : 2\/8 8\/16 (stock) 16\/32 Remarques:\u00a0pouzzolane l\u00e9ger noir avec excellente porosit\u00e9, pour applications parc et jardin, horticulture, etc. Nous offrons exclusivement le pouzzolane noir-anthracite. Ce pouzzolane est exclusivement extrait sur sa couleur avec une production d\u00e9di\u00e9e pour cela. Utilisez ce pouzzolane [&hellip;]<\/p>\n","protected":false},"featured_media":9729,"comment_status":"open","ping_status":"closed","template":"","meta":[],"class_list":["post-9731","product","type-product","status-publish","has-post-thumbnail","hentry","product_cat-paysagisme","product_tag-black-fr","product_tag-crushed-fr","pa_color-noir","pa_grain_type-concasse"],"yoast_head":"<!-- This site is optimized with the Yoast SEO plugin v15.9.2 - https:\/\/yoast.com\/wordpress\/plugins\/seo\/ -->\n<title>Pouzzolane Noir - Ghent Aggregates<\/title>\n<link rel=\"canonical\" href=\"https:\/\/ghentaggregates.be\/fr\/produits\/infrastructures-sportives\/pouzzolane-noire\/\" \/>\n<meta property=\"og:locale\" content=\"fr_FR\" \/>\n<meta property=\"og:type\" content=\"article\" \/>\n<meta property=\"og:title\" content=\"Pouzzolane Noir - Ghent Aggregates\" \/>\n<meta property=\"og:description\" content=\"Nom produit: POUZZOLANE NOIRE Origine : Pouzzolane Poids : 1,0 \u00e0 1,1 T\/m3 Granulom\u00e9trie : 2\/8 8\/16 (stock) 16\/32 Remarques:\u00a0pouzzolane l\u00e9ger noir avec excellente porosit\u00e9, pour applications parc et jardin, horticulture, etc. Nous offrons exclusivement le pouzzolane noir-anthracite. Ce pouzzolane est exclusivement extrait sur sa couleur avec une production d\u00e9di\u00e9e pour cela. Utilisez ce pouzzolane [&hellip;]\" \/>\n<meta property=\"og:url\" content=\"https:\/\/ghentaggregates.be\/fr\/produits\/infrastructures-sportives\/pouzzolane-noire\/\" \/>\n<meta property=\"og:site_name\" content=\"Ghent Aggregates\" \/>\n<meta property=\"article:modified_time\" content=\"2021-02-28T18:58:27+00:00\" \/>\n<meta property=\"og:image\" content=\"https:\/\/ghentaggregates.be\/wp-content\/uploads\/2017\/01\/ghent-aggregates-lava-zwart-7-15.jpg\" \/>\n\t<meta property=\"og:image:width\" content=\"1152\" \/>\n\t<meta property=\"og:image:height\" content=\"768\" \/>\n<meta name=\"twitter:card\" content=\"summary_large_image\" \/>\n<meta name=\"twitter:label1\" content=\"Dur\u00e9e de lecture est.\">\n\t<meta name=\"twitter:data1\" content=\"1 minute\">\n<script type=\"application\/ld+json\" class=\"yoast-schema-graph\">{\"@context\":\"https:\/\/schema.org\",\"@graph\":[{\"@type\":\"WebSite\",\"@id\":\"https:\/\/ghentaggregates.be\/#website\",\"url\":\"https:\/\/ghentaggregates.be\/\",\"name\":\"Ghent Aggregates\",\"description\":\"Votre partenaire pour tout granulats d\\u00e9co et techniques\",\"potentialAction\":[{\"@type\":\"SearchAction\",\"target\":\"https:\/\/ghentaggregates.be\/?s={search_term_string}\",\"query-input\":\"required name=search_term_string\"}],\"inLanguage\":\"fr-BE\"},{\"@type\":\"ImageObject\",\"@id\":\"https:\/\/ghentaggregates.be\/fr\/produits\/infrastructures-sportives\/pouzzolane-noire\/#primaryimage\",\"inLanguage\":\"fr-BE\",\"url\":\"https:\/\/ghentaggregates.be\/wp-content\/uploads\/2017\/01\/ghent-aggregates-lava-zwart-7-15.jpg\",\"width\":1152,\"height\":768},{\"@type\":\"WebPage\",\"@id\":\"https:\/\/ghentaggregates.be\/fr\/produits\/infrastructures-sportives\/pouzzolane-noire\/#webpage\",\"url\":\"https:\/\/ghentaggregates.be\/fr\/produits\/infrastructures-sportives\/pouzzolane-noire\/\",\"name\":\"Pouzzolane Noir - Ghent Aggregates\",\"isPartOf\":{\"@id\":\"https:\/\/ghentaggregates.be\/#website\"},\"primaryImageOfPage\":{\"@id\":\"https:\/\/ghentaggregates.be\/fr\/produits\/infrastructures-sportives\/pouzzolane-noire\/#primaryimage\"},\"datePublished\":\"2017-01-29T07:24:31+00:00\",\"dateModified\":\"2021-02-28T18:58:27+00:00\",\"breadcrumb\":{\"@id\":\"https:\/\/ghentaggregates.be\/fr\/produits\/infrastructures-sportives\/pouzzolane-noire\/#breadcrumb\"},\"inLanguage\":\"fr-BE\",\"potentialAction\":[{\"@type\":\"ReadAction\",\"target\":[\"https:\/\/ghentaggregates.be\/fr\/produits\/infrastructures-sportives\/pouzzolane-noire\/\"]}]},{\"@type\":\"BreadcrumbList\",\"@id\":\"https:\/\/ghentaggregates.be\/fr\/produits\/infrastructures-sportives\/pouzzolane-noire\/#breadcrumb\",\"itemListElement\":[{\"@type\":\"ListItem\",\"position\":1,\"item\":{\"@type\":\"WebPage\",\"@id\":\"https:\/\/ghentaggregates.be\/fr\/\",\"url\":\"https:\/\/ghentaggregates.be\/fr\/\",\"name\":\"Home\"}},{\"@type\":\"ListItem\",\"position\":2,\"item\":{\"@type\":\"WebPage\",\"@id\":\"https:\/\/ghentaggregates.be\/fr\/produits\/infrastructures-sportives\/\",\"url\":\"https:\/\/ghentaggregates.be\/fr\/produits\/infrastructures-sportives\/\",\"name\":\"Infrastructures sportives\"}},{\"@type\":\"ListItem\",\"position\":3,\"item\":{\"@type\":\"WebPage\",\"@id\":\"https:\/\/ghentaggregates.be\/fr\/produits\/infrastructures-sportives\/pouzzolane-noire\/\",\"url\":\"https:\/\/ghentaggregates.be\/fr\/produits\/infrastructures-sportives\/pouzzolane-noire\/\",\"name\":\"Pouzzolane Noir\"}}]}]}<\/script>\n<!-- \/ Yoast SEO plugin. -->","_links":{"self":[{"href":"https:\/\/ghentaggregates.be\/fr\/wp-json\/wp\/v2\/product\/9731"}],"collection":[{"href":"https:\/\/ghentaggregates.be\/fr\/wp-json\/wp\/v2\/product"}],"about":[{"href":"https:\/\/ghentaggregates.be\/fr\/wp-json\/wp\/v2\/types\/product"}],"replies":[{"embeddable":true,"href":"https:\/\/ghentaggregates.be\/fr\/wp-json\/wp\/v2\/comments?post=9731"}],"version-history":[{"count":0,"href":"https:\/\/ghentaggregates.be\/fr\/wp-json\/wp\/v2\/product\/9731\/revisions"}],"wp:featuredmedia":[{"embeddable":true,"href":"https:\/\/ghentaggregates.be\/fr\/wp-json\/wp\/v2\/media\/9729"}],"wp:attachment":[{"href":"https:\/\/ghentaggregates.be\/fr\/wp-json\/wp\/v2\/media?parent=9731"}],"curies":[{"name":"wp","href":"https:\/\/api.w.org\/{rel}","templated":true}]}}