{"id":9747,"date":"2017-01-29T12:07:21","date_gmt":"2017-01-29T11:07:21","guid":{"rendered":"https:\/\/ghentaggregates2019.dazzle-qa.be\/product\/lysite\/"},"modified":"2022-04-01T21:31:45","modified_gmt":"2022-04-01T19:31:45","slug":"lysit","status":"publish","type":"product","link":"https:\/\/ghentaggregates.be\/fr\/produits\/construction-routiere\/lysit\/","title":{"rendered":"Lysit"},"content":{"rendered":"<table>\n<tbody>\n<tr>\n<td>Nom produit:<\/td>\n<td>LYSIT<\/td>\n<\/tr>\n<tr>\n<td>Origine :<\/td>\n<td>Labradorite blanc<\/td>\n<\/tr>\n<tr>\n<td>LA :<\/td>\n<td>15<\/td>\n<\/tr>\n<tr>\n<td>Granulom\u00e9trie :<\/td>\n<td>0\/2<br \/>\n0\/4<br \/>\n2\/5 (en stock)<br \/>\n5\/8 (en stock)<br \/>\n5\/8 (en stock)<br \/>\n5\/11 (en stock)<br \/>\n8\/11 (en stock)<br \/>\n8\/16 (en stock)<br \/>\n11\/16 (en stock)<\/td>\n<\/tr>\n<\/tbody>\n<\/table>\n<p><strong>Remarques:\u00a0<\/strong>utilisable dans la construction routi\u00e8re, zones traffic lourd inclus. Aussi pour paysagisme, all\u00e9e, pi\u00e9ton et b\u00e9tons decoratifs, b\u00e9ton lav\u00e9, bouchard\u00e9, etc. Granulat d\u00fbr blanc avec performances excellentes. Concass\u00e9 de roche massive \u00e9ruptive et tr\u00e8s d\u00fbre. Parfaitement \u00e0 utiliser dans les enrob\u00e9s et asphaltes avec un PSV (CPA) sup\u00e9rieur \u00e0 50.<br \/>\nLe granulat LYSIT qui est une pierre \u00e9ruptive concass\u00e9e et cribl\u00e9e vient avec une certification CE EN13043 Granulats pour enrob\u00e9s et la certification CE EN12620 Granulats pour b\u00e9tons. Contactez-nous pour plus d&rsquo;informations, tarifs et fiches techniques en r\u00e9ponse de vos besoins.<\/p>\n<p>Exclusif via Ghent Aggregates.<\/p>\n<p><strong>Composition chimique:\u00a0<\/strong>disponible \u00e9galement pour la c\u00e9ramique haute performance, les laines d&rsquo;isolation ou tout processus d&rsquo;enrichissement aluminium<\/p>\n<table width=\"201\">\n<tbody>\n<tr>\n<td width=\"100\">SiO2<br \/>\nAl2O3<br \/>\nFE2O3<br \/>\nCaO<br \/>\nMgO<br \/>\nNa2O<br \/>\nCO2<br \/>\nH2O+110\u00b0C<\/td>\n<td width=\"100\">56,7%<br \/>\n28,3%<br \/>\n0,3 %<br \/>\n7,8 %<br \/>\n0,1 %<br \/>\n5,6 %<br \/>\n0,1 %<br \/>\n1,1 %<\/td>\n<\/tr>\n<\/tbody>\n<\/table>\n<figure id=\"attachment_10348\" aria-describedby=\"caption-attachment-10348\" style=\"width: 966px\" class=\"wp-caption aligncenter\"><img decoding=\"async\" class=\"wp-image-10350 size-full\" src=\"https:\/\/ghentaggregates.be\/wp-content\/uploads\/2017\/01\/polished-concrete-lysit.jpg\" alt=\"\" width=\"966\" height=\"303\" \/><figcaption id=\"caption-attachment-10348\" class=\"wp-caption-text\"><em>Le b\u00e9ton poli avec le lysit<\/em><\/figcaption><\/figure>\n<figure id=\"attachment_10351\" aria-describedby=\"caption-attachment-10351\" style=\"width: 457px\" class=\"wp-caption aligncenter\"><img decoding=\"async\" class=\"wp-image-10353 size-full\" src=\"https:\/\/ghentaggregates.be\/wp-content\/uploads\/2017\/01\/asphalt-with-lysit.jpg\" alt=\"\" width=\"457\" height=\"315\" \/><figcaption id=\"caption-attachment-10351\" class=\"wp-caption-text\"><em>L&rsquo;enrob\u00e9 classic m\u00e9lang\u00e9 avec du lysit<\/em><\/figcaption><\/figure>\n","protected":false},"excerpt":{"rendered":"<p>Nom produit: LYSIT Origine : Labradorite blanc LA : 15 Granulom\u00e9trie : 0\/2 0\/4 2\/5 (en stock) 5\/8 (en stock) 5\/8 (en stock) 5\/11 (en stock) 8\/11 (en stock) 8\/16 (en stock) 11\/16 (en stock) Remarques:\u00a0utilisable dans la construction routi\u00e8re, zones traffic lourd inclus. Aussi pour paysagisme, all\u00e9e, pi\u00e9ton et b\u00e9tons decoratifs, b\u00e9ton lav\u00e9, bouchard\u00e9, [&hellip;]<\/p>\n","protected":false},"featured_media":9745,"comment_status":"open","ping_status":"closed","template":"","meta":[],"class_list":["post-9747","product","type-product","status-publish","has-post-thumbnail","hentry","product_cat-construction-routiere","product_cat-betons","product_cat-paysagisme","product_cat-terrazzo-fr","product_tag-crushed-fr","product_tag-white-fr","pa_color-blanc","pa_grain_type-concasse"],"yoast_head":"<!-- This site is optimized with the Yoast SEO plugin v15.9.2 - https:\/\/yoast.com\/wordpress\/plugins\/seo\/ -->\n<title>Lysit - Ghent Aggregates<\/title>\n<link rel=\"canonical\" href=\"https:\/\/ghentaggregates.be\/fr\/produits\/construction-routiere\/lysit\/\" \/>\n<meta property=\"og:locale\" content=\"fr_FR\" \/>\n<meta property=\"og:type\" content=\"article\" \/>\n<meta property=\"og:title\" content=\"Lysit - Ghent Aggregates\" \/>\n<meta property=\"og:description\" content=\"Nom produit: LYSIT Origine : Labradorite blanc LA : 15 Granulom\u00e9trie : 0\/2 0\/4 2\/5 (en stock) 5\/8 (en stock) 5\/8 (en stock) 5\/11 (en stock) 8\/11 (en stock) 8\/16 (en stock) 11\/16 (en stock) Remarques:\u00a0utilisable dans la construction routi\u00e8re, zones traffic lourd inclus. Aussi pour paysagisme, all\u00e9e, pi\u00e9ton et b\u00e9tons decoratifs, b\u00e9ton lav\u00e9, bouchard\u00e9, [&hellip;]\" \/>\n<meta property=\"og:url\" content=\"https:\/\/ghentaggregates.be\/fr\/produits\/construction-routiere\/lysit\/\" \/>\n<meta property=\"og:site_name\" content=\"Ghent Aggregates\" \/>\n<meta property=\"article:modified_time\" content=\"2022-04-01T19:31:45+00:00\" \/>\n<meta property=\"og:image\" content=\"https:\/\/ghentaggregates.be\/wp-content\/uploads\/2017\/01\/ghent-aggregates-lysite-5-8.jpg\" \/>\n\t<meta property=\"og:image:width\" content=\"1152\" \/>\n\t<meta property=\"og:image:height\" content=\"768\" \/>\n<meta name=\"twitter:card\" content=\"summary_large_image\" \/>\n<meta name=\"twitter:label1\" content=\"Dur\u00e9e de lecture est.\">\n\t<meta name=\"twitter:data1\" content=\"2 minutes\">\n<script type=\"application\/ld+json\" class=\"yoast-schema-graph\">{\"@context\":\"https:\/\/schema.org\",\"@graph\":[{\"@type\":\"WebSite\",\"@id\":\"https:\/\/ghentaggregates.be\/#website\",\"url\":\"https:\/\/ghentaggregates.be\/\",\"name\":\"Ghent Aggregates\",\"description\":\"Votre partenaire pour tout granulats d\\u00e9co et techniques\",\"potentialAction\":[{\"@type\":\"SearchAction\",\"target\":\"https:\/\/ghentaggregates.be\/?s={search_term_string}\",\"query-input\":\"required name=search_term_string\"}],\"inLanguage\":\"fr-BE\"},{\"@type\":\"ImageObject\",\"@id\":\"https:\/\/ghentaggregates.be\/fr\/produits\/construction-routiere\/lysit\/#primaryimage\",\"inLanguage\":\"fr-BE\",\"url\":\"https:\/\/ghentaggregates.be\/wp-content\/uploads\/2017\/01\/ghent-aggregates-lysite-5-8.jpg\",\"width\":1152,\"height\":768},{\"@type\":\"WebPage\",\"@id\":\"https:\/\/ghentaggregates.be\/fr\/produits\/construction-routiere\/lysit\/#webpage\",\"url\":\"https:\/\/ghentaggregates.be\/fr\/produits\/construction-routiere\/lysit\/\",\"name\":\"Lysit - Ghent Aggregates\",\"isPartOf\":{\"@id\":\"https:\/\/ghentaggregates.be\/#website\"},\"primaryImageOfPage\":{\"@id\":\"https:\/\/ghentaggregates.be\/fr\/produits\/construction-routiere\/lysit\/#primaryimage\"},\"datePublished\":\"2017-01-29T11:07:21+00:00\",\"dateModified\":\"2022-04-01T19:31:45+00:00\",\"breadcrumb\":{\"@id\":\"https:\/\/ghentaggregates.be\/fr\/produits\/construction-routiere\/lysit\/#breadcrumb\"},\"inLanguage\":\"fr-BE\",\"potentialAction\":[{\"@type\":\"ReadAction\",\"target\":[\"https:\/\/ghentaggregates.be\/fr\/produits\/construction-routiere\/lysit\/\"]}]},{\"@type\":\"BreadcrumbList\",\"@id\":\"https:\/\/ghentaggregates.be\/fr\/produits\/construction-routiere\/lysit\/#breadcrumb\",\"itemListElement\":[{\"@type\":\"ListItem\",\"position\":1,\"item\":{\"@type\":\"WebPage\",\"@id\":\"https:\/\/ghentaggregates.be\/fr\/\",\"url\":\"https:\/\/ghentaggregates.be\/fr\/\",\"name\":\"Home\"}},{\"@type\":\"ListItem\",\"position\":2,\"item\":{\"@type\":\"WebPage\",\"@id\":\"https:\/\/ghentaggregates.be\/fr\/produits\/construction-routiere\/\",\"url\":\"https:\/\/ghentaggregates.be\/fr\/produits\/construction-routiere\/\",\"name\":\"Construction routi\\u00e8re\"}},{\"@type\":\"ListItem\",\"position\":3,\"item\":{\"@type\":\"WebPage\",\"@id\":\"https:\/\/ghentaggregates.be\/fr\/produits\/construction-routiere\/lysit\/\",\"url\":\"https:\/\/ghentaggregates.be\/fr\/produits\/construction-routiere\/lysit\/\",\"name\":\"Lysit\"}}]}]}<\/script>\n<!-- \/ Yoast SEO plugin. -->","_links":{"self":[{"href":"https:\/\/ghentaggregates.be\/fr\/wp-json\/wp\/v2\/product\/9747"}],"collection":[{"href":"https:\/\/ghentaggregates.be\/fr\/wp-json\/wp\/v2\/product"}],"about":[{"href":"https:\/\/ghentaggregates.be\/fr\/wp-json\/wp\/v2\/types\/product"}],"replies":[{"embeddable":true,"href":"https:\/\/ghentaggregates.be\/fr\/wp-json\/wp\/v2\/comments?post=9747"}],"version-history":[{"count":0,"href":"https:\/\/ghentaggregates.be\/fr\/wp-json\/wp\/v2\/product\/9747\/revisions"}],"wp:featuredmedia":[{"embeddable":true,"href":"https:\/\/ghentaggregates.be\/fr\/wp-json\/wp\/v2\/media\/9745"}],"wp:attachment":[{"href":"https:\/\/ghentaggregates.be\/fr\/wp-json\/wp\/v2\/media?parent=9747"}],"curies":[{"name":"wp","href":"https:\/\/api.w.org\/{rel}","templated":true}]}}