{"id":9754,"date":"2017-01-29T12:45:36","date_gmt":"2017-01-29T11:45:36","guid":{"rendered":"https:\/\/ghentaggregates2019.dazzle-qa.be\/product\/meuse\/"},"modified":"2024-09-10T15:14:25","modified_gmt":"2024-09-10T13:14:25","slug":"meuse","status":"publish","type":"product","link":"https:\/\/ghentaggregates.be\/fr\/produits\/construction-routiere\/meuse\/","title":{"rendered":"Meuse"},"content":{"rendered":"<table>\n<tbody>\n<tr>\n<td>Nom produit:<\/td>\n<td>MEUSE<\/td>\n<\/tr>\n<tr>\n<td>Origine :<\/td>\n<td>Silex<\/td>\n<\/tr>\n<tr>\n<td>LA :<\/td>\n<td>20<\/td>\n<\/tr>\n<tr>\n<td>Granulom\u00e9trie :<\/td>\n<td>0\/4<br \/>\n2\/4<br \/>\n4\/8<br \/>\n4\/16<br \/>\n4\/22<br \/>\n8\/16<br \/>\n16\/32<br \/>\n30\/60 (stock)<br \/>\n60\/90<br \/>\n90\/130<br \/>\n130\/300<br \/>\n300\/500<br \/>\n500\/+<\/td>\n<\/tr>\n<\/tbody>\n<\/table>\n<p><strong>Remarques:\u00a0<\/strong>\u00e0 utiliser dans la construction routi\u00e8re, zone traffic lourd inclus. Parfait pour tous fins de paysagisme, parc et jardin, all\u00e9e, etc. Pour b\u00e9ton d\u00e9coratif, lav\u00e9, bouchard\u00e9, etc. Essentiellement ocre avec du marron et noir. Granulat roul\u00e9 naturel d\u00fbr.<\/p>\n<p>Ce roul\u00e9 de Meuse est le plus joli disponible dans le march\u00e9. La production est stable et situ\u00e9 sur la m\u00eame zone geologique. De ce fait nous pouvons garantir une continuit\u00e9 sur les couleurs et leur composition ocre-marron-noir. En plus, une grande variation de granulom\u00e9tries est disponible. Possible d&rsquo;offrir via la voie d&rsquo;eau \u00e9galement. Contactez-nous pour les possibilit\u00e9s.<\/p>\n","protected":false},"excerpt":{"rendered":"<p>Nom produit: MEUSE Origine : Silex LA : 20 Granulom\u00e9trie : 0\/4 2\/4 4\/8 4\/16 4\/22 8\/16 16\/32 30\/60 (stock) 60\/90 90\/130 130\/300 300\/500 500\/+ Remarques:\u00a0\u00e0 utiliser dans la construction routi\u00e8re, zone traffic lourd inclus. Parfait pour tous fins de paysagisme, parc et jardin, all\u00e9e, etc. Pour b\u00e9ton d\u00e9coratif, lav\u00e9, bouchard\u00e9, etc. Essentiellement ocre avec [&hellip;]<\/p>\n","protected":false},"featured_media":9752,"comment_status":"open","ping_status":"closed","template":"","meta":[],"class_list":["post-9754","product","type-product","status-publish","has-post-thumbnail","hentry","product_cat-construction-routiere","product_cat-betons","product_cat-paysagisme","product_cat-terrazzo-fr","product_tag-brown-fr","product_tag-mix-fr","product_tag-round-fr","product_tag-yellow-fr","pa_color-jaune","pa_color-marron","pa_color-melange","pa_grain_type-roule"],"yoast_head":"<!-- This site is optimized with the Yoast SEO plugin v15.9.2 - https:\/\/yoast.com\/wordpress\/plugins\/seo\/ -->\n<title>Meuse - Ghent Aggregates<\/title>\n<link rel=\"canonical\" href=\"https:\/\/ghentaggregates.be\/fr\/produits\/construction-routiere\/meuse\/\" \/>\n<meta property=\"og:locale\" content=\"fr_FR\" \/>\n<meta property=\"og:type\" content=\"article\" \/>\n<meta property=\"og:title\" content=\"Meuse - Ghent Aggregates\" \/>\n<meta property=\"og:description\" content=\"Nom produit: MEUSE Origine : Silex LA : 20 Granulom\u00e9trie : 0\/4 2\/4 4\/8 4\/16 4\/22 8\/16 16\/32 30\/60 (stock) 60\/90 90\/130 130\/300 300\/500 500\/+ Remarques:\u00a0\u00e0 utiliser dans la construction routi\u00e8re, zone traffic lourd inclus. Parfait pour tous fins de paysagisme, parc et jardin, all\u00e9e, etc. Pour b\u00e9ton d\u00e9coratif, lav\u00e9, bouchard\u00e9, etc. Essentiellement ocre avec [&hellip;]\" \/>\n<meta property=\"og:url\" content=\"https:\/\/ghentaggregates.be\/fr\/produits\/construction-routiere\/meuse\/\" \/>\n<meta property=\"og:site_name\" content=\"Ghent Aggregates\" \/>\n<meta property=\"article:modified_time\" content=\"2024-09-10T13:14:25+00:00\" \/>\n<meta property=\"og:image\" content=\"https:\/\/ghentaggregates.be\/wp-content\/uploads\/2017\/01\/ghent-aggregates-maas-4-8r.jpg\" \/>\n\t<meta property=\"og:image:width\" content=\"1152\" \/>\n\t<meta property=\"og:image:height\" content=\"768\" \/>\n<meta name=\"twitter:card\" content=\"summary_large_image\" \/>\n<meta name=\"twitter:label1\" content=\"Dur\u00e9e de lecture est.\">\n\t<meta name=\"twitter:data1\" content=\"1 minute\">\n<script type=\"application\/ld+json\" class=\"yoast-schema-graph\">{\"@context\":\"https:\/\/schema.org\",\"@graph\":[{\"@type\":\"WebSite\",\"@id\":\"https:\/\/ghentaggregates.be\/#website\",\"url\":\"https:\/\/ghentaggregates.be\/\",\"name\":\"Ghent Aggregates\",\"description\":\"Votre partenaire pour tout granulats d\\u00e9co et techniques\",\"potentialAction\":[{\"@type\":\"SearchAction\",\"target\":\"https:\/\/ghentaggregates.be\/?s={search_term_string}\",\"query-input\":\"required name=search_term_string\"}],\"inLanguage\":\"fr-BE\"},{\"@type\":\"ImageObject\",\"@id\":\"https:\/\/ghentaggregates.be\/fr\/produits\/construction-routiere\/meuse\/#primaryimage\",\"inLanguage\":\"fr-BE\",\"url\":\"https:\/\/ghentaggregates.be\/wp-content\/uploads\/2017\/01\/ghent-aggregates-maas-4-8r.jpg\",\"width\":1152,\"height\":768},{\"@type\":\"WebPage\",\"@id\":\"https:\/\/ghentaggregates.be\/fr\/produits\/construction-routiere\/meuse\/#webpage\",\"url\":\"https:\/\/ghentaggregates.be\/fr\/produits\/construction-routiere\/meuse\/\",\"name\":\"Meuse - Ghent Aggregates\",\"isPartOf\":{\"@id\":\"https:\/\/ghentaggregates.be\/#website\"},\"primaryImageOfPage\":{\"@id\":\"https:\/\/ghentaggregates.be\/fr\/produits\/construction-routiere\/meuse\/#primaryimage\"},\"datePublished\":\"2017-01-29T11:45:36+00:00\",\"dateModified\":\"2024-09-10T13:14:25+00:00\",\"breadcrumb\":{\"@id\":\"https:\/\/ghentaggregates.be\/fr\/produits\/construction-routiere\/meuse\/#breadcrumb\"},\"inLanguage\":\"fr-BE\",\"potentialAction\":[{\"@type\":\"ReadAction\",\"target\":[\"https:\/\/ghentaggregates.be\/fr\/produits\/construction-routiere\/meuse\/\"]}]},{\"@type\":\"BreadcrumbList\",\"@id\":\"https:\/\/ghentaggregates.be\/fr\/produits\/construction-routiere\/meuse\/#breadcrumb\",\"itemListElement\":[{\"@type\":\"ListItem\",\"position\":1,\"item\":{\"@type\":\"WebPage\",\"@id\":\"https:\/\/ghentaggregates.be\/fr\/\",\"url\":\"https:\/\/ghentaggregates.be\/fr\/\",\"name\":\"Home\"}},{\"@type\":\"ListItem\",\"position\":2,\"item\":{\"@type\":\"WebPage\",\"@id\":\"https:\/\/ghentaggregates.be\/fr\/produits\/construction-routiere\/\",\"url\":\"https:\/\/ghentaggregates.be\/fr\/produits\/construction-routiere\/\",\"name\":\"Construction routi\\u00e8re\"}},{\"@type\":\"ListItem\",\"position\":3,\"item\":{\"@type\":\"WebPage\",\"@id\":\"https:\/\/ghentaggregates.be\/fr\/produits\/construction-routiere\/meuse\/\",\"url\":\"https:\/\/ghentaggregates.be\/fr\/produits\/construction-routiere\/meuse\/\",\"name\":\"Meuse\"}}]}]}<\/script>\n<!-- \/ Yoast SEO plugin. -->","_links":{"self":[{"href":"https:\/\/ghentaggregates.be\/fr\/wp-json\/wp\/v2\/product\/9754"}],"collection":[{"href":"https:\/\/ghentaggregates.be\/fr\/wp-json\/wp\/v2\/product"}],"about":[{"href":"https:\/\/ghentaggregates.be\/fr\/wp-json\/wp\/v2\/types\/product"}],"replies":[{"embeddable":true,"href":"https:\/\/ghentaggregates.be\/fr\/wp-json\/wp\/v2\/comments?post=9754"}],"version-history":[{"count":0,"href":"https:\/\/ghentaggregates.be\/fr\/wp-json\/wp\/v2\/product\/9754\/revisions"}],"wp:featuredmedia":[{"embeddable":true,"href":"https:\/\/ghentaggregates.be\/fr\/wp-json\/wp\/v2\/media\/9752"}],"wp:attachment":[{"href":"https:\/\/ghentaggregates.be\/fr\/wp-json\/wp\/v2\/media?parent=9754"}],"curies":[{"name":"wp","href":"https:\/\/api.w.org\/{rel}","templated":true}]}}