{"id":9762,"date":"2017-01-29T13:01:13","date_gmt":"2017-01-29T12:01:13","guid":{"rendered":"https:\/\/ghentaggregates2019.dazzle-qa.be\/product\/marquise\/"},"modified":"2020-08-12T16:09:04","modified_gmt":"2020-08-12T14:09:04","slug":"marquise","status":"publish","type":"product","link":"https:\/\/ghentaggregates.be\/fr\/produits\/construction-routiere\/marquise\/","title":{"rendered":"Marquise"},"content":{"rendered":"<table>\n<tbody>\n<tr>\n<td>Nom produit:<\/td>\n<td>MARQUISE<\/td>\n<\/tr>\n<tr>\n<td>Connu comme :<\/td>\n<td>Dolomie fran\u00e7aise<\/td>\n<\/tr>\n<tr>\n<td>Origine :<\/td>\n<td>Calcaire<\/td>\n<\/tr>\n<tr>\n<td>LA :<\/td>\n<td>21<\/td>\n<\/tr>\n<tr>\n<td>Granulom\u00e9trie :<\/td>\n<td>0\/4<br \/>\n2\/6<br \/>\n4\/6 (stock)<br \/>\n6\/10<br \/>\n4\/14 (stock)<br \/>\n4\/20<br \/>\n60\/90 (stock)<br \/>\n90\/150<br \/>\nEnrochements (kg et tonne, LMA et LMB)<\/td>\n<\/tr>\n<\/tbody>\n<\/table>\n<p><strong>Remarques:\u00a0<\/strong>parfait pour la constuction routi\u00e8re, zone traffic lourd exclus. Applications paysagisme, terrassements, BTP, all\u00e9e, pi\u00e9ton, b\u00e9tons d\u00e9coratifs, b\u00e9tons lav\u00e9s, b\u00e9ton bouchard\u00e9, etc. Aussi disponible en enrochements pour travaux hydrauliques en classes LMA et LMB. Calcaire d\u00fbr tr\u00e8s joli en gris et beige, avec des accents roses. Accompagne parfaitement les environnements modernes et classiques.<\/p>\n<p>Ce calcaire est parfait en mati\u00e8re premi\u00e8re pour b\u00e9tons ainsi que en tant que produit finition pour des b\u00e9tons lav\u00e9s, ponc\u00e9s, polis, d\u00e9co, terrazzo, etc. Disponibles en plein de granulom\u00e9tries.<br \/>\nEn plus, ce calcaire est non-r\u00e9actif \u00e0 l&rsquo;alcali-r\u00e9action (NR) et pour cela autoris\u00e9 dans tous les ouvrages d&rsquo;arts et b\u00e9tons pr\u00e9fab de haute qualit\u00e9. Calcaire absent de pyrite.<\/p>\n","protected":false},"excerpt":{"rendered":"<p>Nom produit: MARQUISE Connu comme : Dolomie fran\u00e7aise Origine : Calcaire LA : 21 Granulom\u00e9trie : 0\/4 2\/6 4\/6 (stock) 6\/10 4\/14 (stock) 4\/20 60\/90 (stock) 90\/150 Enrochements (kg et tonne, LMA et LMB) Remarques:\u00a0parfait pour la constuction routi\u00e8re, zone traffic lourd exclus. Applications paysagisme, terrassements, BTP, all\u00e9e, pi\u00e9ton, b\u00e9tons d\u00e9coratifs, b\u00e9tons lav\u00e9s, b\u00e9ton bouchard\u00e9, [&hellip;]<\/p>\n","protected":false},"featured_media":9760,"comment_status":"open","ping_status":"closed","template":"","meta":[],"class_list":["post-9762","product","type-product","status-publish","has-post-thumbnail","hentry","product_cat-construction-routiere","product_cat-betons","product_cat-paysagisme","product_cat-terrazzo-fr","product_tag-crushed-fr","product_tag-grey-fr","product_tag-mix-fr","pa_color-gris","pa_color-melange","pa_grain_type-concasse"],"yoast_head":"<!-- This site is optimized with the Yoast SEO plugin v15.9.2 - https:\/\/yoast.com\/wordpress\/plugins\/seo\/ -->\n<title>Marquise - Ghent Aggregates<\/title>\n<link rel=\"canonical\" href=\"https:\/\/ghentaggregates.be\/fr\/produits\/construction-routiere\/marquise\/\" \/>\n<meta property=\"og:locale\" content=\"fr_FR\" \/>\n<meta property=\"og:type\" content=\"article\" \/>\n<meta property=\"og:title\" content=\"Marquise - Ghent Aggregates\" \/>\n<meta property=\"og:description\" content=\"Nom produit: MARQUISE Connu comme : Dolomie fran\u00e7aise Origine : Calcaire LA : 21 Granulom\u00e9trie : 0\/4 2\/6 4\/6 (stock) 6\/10 4\/14 (stock) 4\/20 60\/90 (stock) 90\/150 Enrochements (kg et tonne, LMA et LMB) Remarques:\u00a0parfait pour la constuction routi\u00e8re, zone traffic lourd exclus. Applications paysagisme, terrassements, BTP, all\u00e9e, pi\u00e9ton, b\u00e9tons d\u00e9coratifs, b\u00e9tons lav\u00e9s, b\u00e9ton bouchard\u00e9, [&hellip;]\" \/>\n<meta property=\"og:url\" content=\"https:\/\/ghentaggregates.be\/fr\/produits\/construction-routiere\/marquise\/\" \/>\n<meta property=\"og:site_name\" content=\"Ghent Aggregates\" \/>\n<meta property=\"article:modified_time\" content=\"2020-08-12T14:09:04+00:00\" \/>\n<meta property=\"og:image\" content=\"https:\/\/ghentaggregates.be\/wp-content\/uploads\/2017\/01\/ghent-aggregates-markies-4-6.jpg\" \/>\n\t<meta property=\"og:image:width\" content=\"1152\" \/>\n\t<meta property=\"og:image:height\" content=\"768\" \/>\n<meta name=\"twitter:card\" content=\"summary_large_image\" \/>\n<meta name=\"twitter:label1\" content=\"Dur\u00e9e de lecture est.\">\n\t<meta name=\"twitter:data1\" content=\"1 minute\">\n<script type=\"application\/ld+json\" class=\"yoast-schema-graph\">{\"@context\":\"https:\/\/schema.org\",\"@graph\":[{\"@type\":\"WebSite\",\"@id\":\"https:\/\/ghentaggregates.be\/#website\",\"url\":\"https:\/\/ghentaggregates.be\/\",\"name\":\"Ghent Aggregates\",\"description\":\"Votre partenaire pour tout granulats d\\u00e9co et techniques\",\"potentialAction\":[{\"@type\":\"SearchAction\",\"target\":\"https:\/\/ghentaggregates.be\/?s={search_term_string}\",\"query-input\":\"required name=search_term_string\"}],\"inLanguage\":\"fr-BE\"},{\"@type\":\"ImageObject\",\"@id\":\"https:\/\/ghentaggregates.be\/fr\/produits\/construction-routiere\/marquise\/#primaryimage\",\"inLanguage\":\"fr-BE\",\"url\":\"https:\/\/ghentaggregates.be\/wp-content\/uploads\/2017\/01\/ghent-aggregates-markies-4-6.jpg\",\"width\":1152,\"height\":768},{\"@type\":\"WebPage\",\"@id\":\"https:\/\/ghentaggregates.be\/fr\/produits\/construction-routiere\/marquise\/#webpage\",\"url\":\"https:\/\/ghentaggregates.be\/fr\/produits\/construction-routiere\/marquise\/\",\"name\":\"Marquise - Ghent Aggregates\",\"isPartOf\":{\"@id\":\"https:\/\/ghentaggregates.be\/#website\"},\"primaryImageOfPage\":{\"@id\":\"https:\/\/ghentaggregates.be\/fr\/produits\/construction-routiere\/marquise\/#primaryimage\"},\"datePublished\":\"2017-01-29T12:01:13+00:00\",\"dateModified\":\"2020-08-12T14:09:04+00:00\",\"breadcrumb\":{\"@id\":\"https:\/\/ghentaggregates.be\/fr\/produits\/construction-routiere\/marquise\/#breadcrumb\"},\"inLanguage\":\"fr-BE\",\"potentialAction\":[{\"@type\":\"ReadAction\",\"target\":[\"https:\/\/ghentaggregates.be\/fr\/produits\/construction-routiere\/marquise\/\"]}]},{\"@type\":\"BreadcrumbList\",\"@id\":\"https:\/\/ghentaggregates.be\/fr\/produits\/construction-routiere\/marquise\/#breadcrumb\",\"itemListElement\":[{\"@type\":\"ListItem\",\"position\":1,\"item\":{\"@type\":\"WebPage\",\"@id\":\"https:\/\/ghentaggregates.be\/fr\/\",\"url\":\"https:\/\/ghentaggregates.be\/fr\/\",\"name\":\"Home\"}},{\"@type\":\"ListItem\",\"position\":2,\"item\":{\"@type\":\"WebPage\",\"@id\":\"https:\/\/ghentaggregates.be\/fr\/produits\/construction-routiere\/\",\"url\":\"https:\/\/ghentaggregates.be\/fr\/produits\/construction-routiere\/\",\"name\":\"Construction routi\\u00e8re\"}},{\"@type\":\"ListItem\",\"position\":3,\"item\":{\"@type\":\"WebPage\",\"@id\":\"https:\/\/ghentaggregates.be\/fr\/produits\/construction-routiere\/marquise\/\",\"url\":\"https:\/\/ghentaggregates.be\/fr\/produits\/construction-routiere\/marquise\/\",\"name\":\"Marquise\"}}]}]}<\/script>\n<!-- \/ Yoast SEO plugin. -->","_links":{"self":[{"href":"https:\/\/ghentaggregates.be\/fr\/wp-json\/wp\/v2\/product\/9762"}],"collection":[{"href":"https:\/\/ghentaggregates.be\/fr\/wp-json\/wp\/v2\/product"}],"about":[{"href":"https:\/\/ghentaggregates.be\/fr\/wp-json\/wp\/v2\/types\/product"}],"replies":[{"embeddable":true,"href":"https:\/\/ghentaggregates.be\/fr\/wp-json\/wp\/v2\/comments?post=9762"}],"version-history":[{"count":0,"href":"https:\/\/ghentaggregates.be\/fr\/wp-json\/wp\/v2\/product\/9762\/revisions"}],"wp:featuredmedia":[{"embeddable":true,"href":"https:\/\/ghentaggregates.be\/fr\/wp-json\/wp\/v2\/media\/9760"}],"wp:attachment":[{"href":"https:\/\/ghentaggregates.be\/fr\/wp-json\/wp\/v2\/media?parent=9762"}],"curies":[{"name":"wp","href":"https:\/\/api.w.org\/{rel}","templated":true}]}}