{"id":9776,"date":"2017-01-30T21:07:58","date_gmt":"2017-01-30T21:07:58","guid":{"rendered":"https:\/\/ghentaggregates2019.dazzle-qa.be\/product\/mediterranean-split\/"},"modified":"2019-10-15T09:35:08","modified_gmt":"2019-10-15T09:35:08","slug":"mediterranee","status":"publish","type":"product","link":"https:\/\/ghentaggregates.be\/fr\/produits\/betons\/mediterranee\/","title":{"rendered":"Mediterran\u00e9e"},"content":{"rendered":"<table>\n<tr>\n<td>Nom produit:<\/td>\n<td>MEDITERRANEE<\/td>\n<\/tr>\n<tr>\n<td>Origine :<\/td>\n<td>Calcaire<\/td>\n<\/tr>\n<tr>\n<td>LA :<\/td>\n<td>30<\/td>\n<\/tr>\n<tr>\n<td>Granulom\u00e9trie :<\/td>\n<td>5\/11 (stock)<\/td>\n<\/tr>\n<\/table>\n<p><strong>Remarques:\u00a0<\/strong>ne pas utiliser dans la construction routi\u00e8re.\u00a0Peut \u00eatre utiliser dans les applications de paysagisme, comme le jardin, les all\u00e9es, le parc, etc. Parfait pour b\u00e9tons lav\u00e9s et d\u00e9sactiv\u00e9s, ainsi que les autres b\u00e9tons architectoniques et cr\u00e9atifs. Ram\u00e8ne l&rsquo;atmosph\u00e8re de la Mediterran\u00e9e dans votre projet avec des couleurs stables et chauds. Calcaire de qualit\u00e9 pour un projet durable, de qualit\u00e9.<\/p>\n","protected":false},"excerpt":{"rendered":"<p>Nom produit: MEDITERRANEE Origine : Calcaire LA : 30 Granulom\u00e9trie : 5\/11 (stock) Remarques:\u00a0ne pas utiliser dans la construction routi\u00e8re.\u00a0Peut \u00eatre utiliser dans les applications de paysagisme, comme le jardin, les all\u00e9es, le parc, etc. Parfait pour b\u00e9tons lav\u00e9s et d\u00e9sactiv\u00e9s, ainsi que les autres b\u00e9tons architectoniques et cr\u00e9atifs. Ram\u00e8ne l&rsquo;atmosph\u00e8re de la Mediterran\u00e9e dans [&hellip;]<\/p>\n","protected":false},"featured_media":9774,"comment_status":"open","ping_status":"closed","template":"","meta":[],"class_list":["post-9776","product","type-product","status-publish","has-post-thumbnail","hentry","product_cat-betons","product_cat-paysagisme","product_tag-crushed-fr","product_tag-mix-fr","product_tag-red-fr","product_tag-yellow-fr","pa_color-jaune","pa_color-melange","pa_color-rouge","pa_grain_type-concasse"],"yoast_head":"<!-- This site is optimized with the Yoast SEO plugin v15.9.2 - https:\/\/yoast.com\/wordpress\/plugins\/seo\/ -->\n<title>Mediterran\u00e9e - Ghent Aggregates<\/title>\n<link rel=\"canonical\" href=\"https:\/\/ghentaggregates.be\/fr\/produits\/betons\/mediterranee\/\" \/>\n<meta property=\"og:locale\" content=\"fr_FR\" \/>\n<meta property=\"og:type\" content=\"article\" \/>\n<meta property=\"og:title\" content=\"Mediterran\u00e9e - Ghent Aggregates\" \/>\n<meta property=\"og:description\" content=\"Nom produit: MEDITERRANEE Origine : Calcaire LA : 30 Granulom\u00e9trie : 5\/11 (stock) Remarques:\u00a0ne pas utiliser dans la construction routi\u00e8re.\u00a0Peut \u00eatre utiliser dans les applications de paysagisme, comme le jardin, les all\u00e9es, le parc, etc. Parfait pour b\u00e9tons lav\u00e9s et d\u00e9sactiv\u00e9s, ainsi que les autres b\u00e9tons architectoniques et cr\u00e9atifs. Ram\u00e8ne l&rsquo;atmosph\u00e8re de la Mediterran\u00e9e dans [&hellip;]\" \/>\n<meta property=\"og:url\" content=\"https:\/\/ghentaggregates.be\/fr\/produits\/betons\/mediterranee\/\" \/>\n<meta property=\"og:site_name\" content=\"Ghent Aggregates\" \/>\n<meta property=\"article:modified_time\" content=\"2019-10-15T09:35:08+00:00\" \/>\n<meta property=\"og:image\" content=\"https:\/\/ghentaggregates.be\/wp-content\/uploads\/2017\/01\/ghent-aggregates-mediterranee-split-5-11.jpg\" \/>\n\t<meta property=\"og:image:width\" content=\"1152\" \/>\n\t<meta property=\"og:image:height\" content=\"768\" \/>\n<meta name=\"twitter:card\" content=\"summary_large_image\" \/>\n<script type=\"application\/ld+json\" class=\"yoast-schema-graph\">{\"@context\":\"https:\/\/schema.org\",\"@graph\":[{\"@type\":\"WebSite\",\"@id\":\"https:\/\/ghentaggregates.be\/#website\",\"url\":\"https:\/\/ghentaggregates.be\/\",\"name\":\"Ghent Aggregates\",\"description\":\"Votre partenaire pour tout granulats d\\u00e9co et techniques\",\"potentialAction\":[{\"@type\":\"SearchAction\",\"target\":\"https:\/\/ghentaggregates.be\/?s={search_term_string}\",\"query-input\":\"required name=search_term_string\"}],\"inLanguage\":\"fr-BE\"},{\"@type\":\"ImageObject\",\"@id\":\"https:\/\/ghentaggregates.be\/fr\/produits\/betons\/mediterranee\/#primaryimage\",\"inLanguage\":\"fr-BE\",\"url\":\"https:\/\/ghentaggregates.be\/wp-content\/uploads\/2017\/01\/ghent-aggregates-mediterranee-split-5-11.jpg\",\"width\":1152,\"height\":768},{\"@type\":\"WebPage\",\"@id\":\"https:\/\/ghentaggregates.be\/fr\/produits\/betons\/mediterranee\/#webpage\",\"url\":\"https:\/\/ghentaggregates.be\/fr\/produits\/betons\/mediterranee\/\",\"name\":\"Mediterran\\u00e9e - Ghent Aggregates\",\"isPartOf\":{\"@id\":\"https:\/\/ghentaggregates.be\/#website\"},\"primaryImageOfPage\":{\"@id\":\"https:\/\/ghentaggregates.be\/fr\/produits\/betons\/mediterranee\/#primaryimage\"},\"datePublished\":\"2017-01-30T21:07:58+00:00\",\"dateModified\":\"2019-10-15T09:35:08+00:00\",\"breadcrumb\":{\"@id\":\"https:\/\/ghentaggregates.be\/fr\/produits\/betons\/mediterranee\/#breadcrumb\"},\"inLanguage\":\"fr-BE\",\"potentialAction\":[{\"@type\":\"ReadAction\",\"target\":[\"https:\/\/ghentaggregates.be\/fr\/produits\/betons\/mediterranee\/\"]}]},{\"@type\":\"BreadcrumbList\",\"@id\":\"https:\/\/ghentaggregates.be\/fr\/produits\/betons\/mediterranee\/#breadcrumb\",\"itemListElement\":[{\"@type\":\"ListItem\",\"position\":1,\"item\":{\"@type\":\"WebPage\",\"@id\":\"https:\/\/ghentaggregates.be\/fr\/\",\"url\":\"https:\/\/ghentaggregates.be\/fr\/\",\"name\":\"Home\"}},{\"@type\":\"ListItem\",\"position\":2,\"item\":{\"@type\":\"WebPage\",\"@id\":\"https:\/\/ghentaggregates.be\/fr\/produits\/betons\/\",\"url\":\"https:\/\/ghentaggregates.be\/fr\/produits\/betons\/\",\"name\":\"Granulats pour b\\u00e9tons\"}},{\"@type\":\"ListItem\",\"position\":3,\"item\":{\"@type\":\"WebPage\",\"@id\":\"https:\/\/ghentaggregates.be\/fr\/produits\/betons\/mediterranee\/\",\"url\":\"https:\/\/ghentaggregates.be\/fr\/produits\/betons\/mediterranee\/\",\"name\":\"Mediterran\\u00e9e\"}}]}]}<\/script>\n<!-- \/ Yoast SEO plugin. -->","_links":{"self":[{"href":"https:\/\/ghentaggregates.be\/fr\/wp-json\/wp\/v2\/product\/9776"}],"collection":[{"href":"https:\/\/ghentaggregates.be\/fr\/wp-json\/wp\/v2\/product"}],"about":[{"href":"https:\/\/ghentaggregates.be\/fr\/wp-json\/wp\/v2\/types\/product"}],"replies":[{"embeddable":true,"href":"https:\/\/ghentaggregates.be\/fr\/wp-json\/wp\/v2\/comments?post=9776"}],"version-history":[{"count":0,"href":"https:\/\/ghentaggregates.be\/fr\/wp-json\/wp\/v2\/product\/9776\/revisions"}],"wp:featuredmedia":[{"embeddable":true,"href":"https:\/\/ghentaggregates.be\/fr\/wp-json\/wp\/v2\/media\/9774"}],"wp:attachment":[{"href":"https:\/\/ghentaggregates.be\/fr\/wp-json\/wp\/v2\/media?parent=9776"}],"curies":[{"name":"wp","href":"https:\/\/api.w.org\/{rel}","templated":true}]}}