{"id":9784,"date":"2017-01-30T21:19:01","date_gmt":"2017-01-30T20:19:01","guid":{"rendered":"https:\/\/ghentaggregates2019.dazzle-qa.be\/product\/castle-pebble\/"},"modified":"2024-09-10T15:16:01","modified_gmt":"2024-09-10T13:16:01","slug":"marne","status":"publish","type":"product","link":"https:\/\/ghentaggregates.be\/fr\/produits\/betons\/marne\/","title":{"rendered":"Roul\u00e9 de Marne"},"content":{"rendered":"<table>\n<tbody>\n<tr>\n<td>Nom produit:<\/td>\n<td>ROULE DE MARNE<\/td>\n<\/tr>\n<tr>\n<td>Connu comme :<\/td>\n<td>Mignonette, Castle, Marne<\/td>\n<\/tr>\n<tr>\n<td>Origine :<\/td>\n<td>Silico-calcaire<\/td>\n<\/tr>\n<tr>\n<td>LA :<\/td>\n<td>29<\/td>\n<\/tr>\n<tr>\n<td>Granulom\u00e9trie :<\/td>\n<td>4\/8R (stock)<br \/>\n4\/14R (stock)<br \/>\n8\/14R (stock)<br \/>\n4\/20R<br \/>\n8\/20R<br \/>\n20\/40R (stock)<\/td>\n<\/tr>\n<\/tbody>\n<\/table>\n<p><strong>Remarques:\u00a0<\/strong>ne pas utiliser dans le routier, sauf espaces pi\u00e9tons. Parfait pour les applications de paysagisme, all\u00e9e, parc et jardin. Ce gravillon galet roul\u00e9 est tr\u00e8s doux pour les pieds nues, les enfants, parfait pour les abords de piscine, terrasses, etc. De couleur tr\u00e8s doux beige-marron claire il donne un sentiment de paix et rustique sans clich\u00e9s.\u00a0Excellent pour des b\u00e9tons d\u00e9coratifs, lav\u00e9s, d\u00e9sactiv\u00e9s ou encore les terrazzos ponc\u00e9s polis.<\/p>\n<p>La meilleure qualit\u00e9 et le plus joli Roul\u00e9 de Marne vous trouverez chez Ghent Aggregates:<br \/>\n&#8211; meilleures performances<br \/>\n&#8211; la meilleure logistique<br \/>\n&#8211; le meilleur rapport qualit\u00e9 &#8211; prix<br \/>\n&#8211; absent de pyrite et de craie<br \/>\n&#8211; lav\u00e9 correctement en production<br \/>\n&#8211; avec marquage NF (\u00e9quivalent au BENOR pour les belges)<br \/>\n&#8211; extrait au sein d&rsquo;une production moderne et performante<\/p>\n<p>Nous livrons partout en Europe! Et nous tenons un stock cons\u00e9quent \u00e0 notre d\u00e9p\u00f4t de Gand.<\/p>\n","protected":false},"excerpt":{"rendered":"<p>Nom produit: ROULE DE MARNE Connu comme : Mignonette, Castle, Marne Origine : Silico-calcaire LA : 29 Granulom\u00e9trie : 4\/8R (stock) 4\/14R (stock) 8\/14R (stock) 4\/20R 8\/20R 20\/40R (stock) Remarques:\u00a0ne pas utiliser dans le routier, sauf espaces pi\u00e9tons. Parfait pour les applications de paysagisme, all\u00e9e, parc et jardin. Ce gravillon galet roul\u00e9 est tr\u00e8s doux [&hellip;]<\/p>\n","protected":false},"featured_media":9782,"comment_status":"open","ping_status":"closed","template":"","meta":[],"class_list":["post-9784","product","type-product","status-publish","has-post-thumbnail","hentry","product_cat-construction-routiere","product_cat-betons","product_cat-paysagisme","product_cat-terrazzo-fr","product_tag-brown-fr","product_tag-round-fr","product_tag-yellow-fr","pa_color-jaune","pa_color-marron","pa_grain_type-roule"],"yoast_head":"<!-- This site is optimized with the Yoast SEO plugin v15.9.2 - https:\/\/yoast.com\/wordpress\/plugins\/seo\/ -->\n<title>Roul\u00e9 de Marne - Ghent Aggregates<\/title>\n<link rel=\"canonical\" href=\"https:\/\/ghentaggregates.be\/fr\/produits\/betons\/marne\/\" \/>\n<meta property=\"og:locale\" content=\"fr_FR\" \/>\n<meta property=\"og:type\" content=\"article\" \/>\n<meta property=\"og:title\" content=\"Roul\u00e9 de Marne - Ghent Aggregates\" \/>\n<meta property=\"og:description\" content=\"Nom produit: ROULE DE MARNE Connu comme : Mignonette, Castle, Marne Origine : Silico-calcaire LA : 29 Granulom\u00e9trie : 4\/8R (stock) 4\/14R (stock) 8\/14R (stock) 4\/20R 8\/20R 20\/40R (stock) Remarques:\u00a0ne pas utiliser dans le routier, sauf espaces pi\u00e9tons. Parfait pour les applications de paysagisme, all\u00e9e, parc et jardin. Ce gravillon galet roul\u00e9 est tr\u00e8s doux [&hellip;]\" \/>\n<meta property=\"og:url\" content=\"https:\/\/ghentaggregates.be\/fr\/produits\/betons\/marne\/\" \/>\n<meta property=\"og:site_name\" content=\"Ghent Aggregates\" \/>\n<meta property=\"article:modified_time\" content=\"2024-09-10T13:16:01+00:00\" \/>\n<meta property=\"og:image\" content=\"https:\/\/ghentaggregates.be\/wp-content\/uploads\/2017\/01\/ghent-aggregates-mignonette-4-8r.jpg\" \/>\n\t<meta property=\"og:image:width\" content=\"1152\" \/>\n\t<meta property=\"og:image:height\" content=\"768\" \/>\n<meta name=\"twitter:card\" content=\"summary_large_image\" \/>\n<meta name=\"twitter:label1\" content=\"Dur\u00e9e de lecture est.\">\n\t<meta name=\"twitter:data1\" content=\"1 minute\">\n<script type=\"application\/ld+json\" class=\"yoast-schema-graph\">{\"@context\":\"https:\/\/schema.org\",\"@graph\":[{\"@type\":\"WebSite\",\"@id\":\"https:\/\/ghentaggregates.be\/#website\",\"url\":\"https:\/\/ghentaggregates.be\/\",\"name\":\"Ghent Aggregates\",\"description\":\"Votre partenaire pour tout granulats d\\u00e9co et techniques\",\"potentialAction\":[{\"@type\":\"SearchAction\",\"target\":\"https:\/\/ghentaggregates.be\/?s={search_term_string}\",\"query-input\":\"required name=search_term_string\"}],\"inLanguage\":\"fr-BE\"},{\"@type\":\"ImageObject\",\"@id\":\"https:\/\/ghentaggregates.be\/fr\/produits\/betons\/marne\/#primaryimage\",\"inLanguage\":\"fr-BE\",\"url\":\"https:\/\/ghentaggregates.be\/wp-content\/uploads\/2017\/01\/ghent-aggregates-mignonette-4-8r.jpg\",\"width\":1152,\"height\":768},{\"@type\":\"WebPage\",\"@id\":\"https:\/\/ghentaggregates.be\/fr\/produits\/betons\/marne\/#webpage\",\"url\":\"https:\/\/ghentaggregates.be\/fr\/produits\/betons\/marne\/\",\"name\":\"Roul\\u00e9 de Marne - Ghent Aggregates\",\"isPartOf\":{\"@id\":\"https:\/\/ghentaggregates.be\/#website\"},\"primaryImageOfPage\":{\"@id\":\"https:\/\/ghentaggregates.be\/fr\/produits\/betons\/marne\/#primaryimage\"},\"datePublished\":\"2017-01-30T20:19:01+00:00\",\"dateModified\":\"2024-09-10T13:16:01+00:00\",\"breadcrumb\":{\"@id\":\"https:\/\/ghentaggregates.be\/fr\/produits\/betons\/marne\/#breadcrumb\"},\"inLanguage\":\"fr-BE\",\"potentialAction\":[{\"@type\":\"ReadAction\",\"target\":[\"https:\/\/ghentaggregates.be\/fr\/produits\/betons\/marne\/\"]}]},{\"@type\":\"BreadcrumbList\",\"@id\":\"https:\/\/ghentaggregates.be\/fr\/produits\/betons\/marne\/#breadcrumb\",\"itemListElement\":[{\"@type\":\"ListItem\",\"position\":1,\"item\":{\"@type\":\"WebPage\",\"@id\":\"https:\/\/ghentaggregates.be\/fr\/\",\"url\":\"https:\/\/ghentaggregates.be\/fr\/\",\"name\":\"Home\"}},{\"@type\":\"ListItem\",\"position\":2,\"item\":{\"@type\":\"WebPage\",\"@id\":\"https:\/\/ghentaggregates.be\/fr\/produits\/betons\/\",\"url\":\"https:\/\/ghentaggregates.be\/fr\/produits\/betons\/\",\"name\":\"Granulats pour b\\u00e9tons\"}},{\"@type\":\"ListItem\",\"position\":3,\"item\":{\"@type\":\"WebPage\",\"@id\":\"https:\/\/ghentaggregates.be\/fr\/produits\/betons\/marne\/\",\"url\":\"https:\/\/ghentaggregates.be\/fr\/produits\/betons\/marne\/\",\"name\":\"Roul\\u00e9 de Marne\"}}]}]}<\/script>\n<!-- \/ Yoast SEO plugin. -->","_links":{"self":[{"href":"https:\/\/ghentaggregates.be\/fr\/wp-json\/wp\/v2\/product\/9784"}],"collection":[{"href":"https:\/\/ghentaggregates.be\/fr\/wp-json\/wp\/v2\/product"}],"about":[{"href":"https:\/\/ghentaggregates.be\/fr\/wp-json\/wp\/v2\/types\/product"}],"replies":[{"embeddable":true,"href":"https:\/\/ghentaggregates.be\/fr\/wp-json\/wp\/v2\/comments?post=9784"}],"version-history":[{"count":0,"href":"https:\/\/ghentaggregates.be\/fr\/wp-json\/wp\/v2\/product\/9784\/revisions"}],"wp:featuredmedia":[{"embeddable":true,"href":"https:\/\/ghentaggregates.be\/fr\/wp-json\/wp\/v2\/media\/9782"}],"wp:attachment":[{"href":"https:\/\/ghentaggregates.be\/fr\/wp-json\/wp\/v2\/media?parent=9784"}],"curies":[{"name":"wp","href":"https:\/\/api.w.org\/{rel}","templated":true}]}}