{"id":9797,"date":"2017-02-06T20:12:56","date_gmt":"2017-02-06T19:12:56","guid":{"rendered":"https:\/\/ghentaggregates2019.dazzle-qa.be\/product\/nero-ebano-pebble\/"},"modified":"2026-03-14T13:54:57","modified_gmt":"2026-03-14T12:54:57","slug":"noir-ebene","status":"publish","type":"product","link":"https:\/\/ghentaggregates.be\/fr\/produits\/betons\/noir-ebene\/","title":{"rendered":"Noir Eb\u00e8ne"},"content":{"rendered":"<table>\n<tbody>\n<tr>\n<td>Nom produit:<\/td>\n<td>NOIR EBENE<\/td>\n<\/tr>\n<tr>\n<td>Origine :<\/td>\n<td>Calcaire<\/td>\n<\/tr>\n<tr>\n<td>LA :<\/td>\n<td>21<\/td>\n<\/tr>\n<tr>\n<td>Granulom\u00e9trie :<\/td>\n<td>7\/15R<br \/>\n12\/18 roul\u00e9 (stock)<br \/>\n20\/40 roul\u00e9 (stock)<br \/>\n40\/60 roul\u00e9 (stock)<br \/>\n60\/100R<\/td>\n<\/tr>\n<\/tbody>\n<\/table>\n<p><strong>Remarques: <\/strong>uniquement pour emploi dans le paysagisme, jardin et d\u00e9coration. Aussi \u00e0 utiliser dans le b\u00e9ton d\u00e9coratif.<\/p>\n<p>Ce galet roul\u00e9 noir intense (humide) \u00e0 anthracite fonc\u00e9 (sec) est exclusif et magnifique dans n&rsquo;importe quel projet d\u00e9coratif. Toutes les granulom\u00e9tries sont disponibles sur demandes. Le roul\u00e9 le plus courant en 40-60mm est permanent en stock chez Ghent Aggregates!<\/p>\n","protected":false},"excerpt":{"rendered":"<p>Nom produit: NOIR EBENE Origine : Calcaire LA : 21 Granulom\u00e9trie : 7\/15R 12\/18 roul\u00e9 (stock) 20\/40 roul\u00e9 (stock) 40\/60 roul\u00e9 (stock) 60\/100R Remarques: uniquement pour emploi dans le paysagisme, jardin et d\u00e9coration. Aussi \u00e0 utiliser dans le b\u00e9ton d\u00e9coratif. Ce galet roul\u00e9 noir intense (humide) \u00e0 anthracite fonc\u00e9 (sec) est exclusif et magnifique dans [&hellip;]<\/p>\n","protected":false},"featured_media":9795,"comment_status":"open","ping_status":"closed","template":"","meta":[],"class_list":["post-9797","product","type-product","status-publish","has-post-thumbnail","hentry","product_cat-paysagisme","product_tag-black-fr","product_tag-round-fr","pa_color-noir","pa_grain_type-roule"],"yoast_head":"<!-- This site is optimized with the Yoast SEO plugin v15.9.2 - https:\/\/yoast.com\/wordpress\/plugins\/seo\/ -->\n<title>Noir Eb\u00e8ne - Ghent Aggregates<\/title>\n<link rel=\"canonical\" href=\"https:\/\/ghentaggregates.be\/fr\/produits\/betons\/noir-ebene\/\" \/>\n<meta property=\"og:locale\" content=\"fr_FR\" \/>\n<meta property=\"og:type\" content=\"article\" \/>\n<meta property=\"og:title\" content=\"Noir Eb\u00e8ne - Ghent Aggregates\" \/>\n<meta property=\"og:description\" content=\"Nom produit: NOIR EBENE Origine : Calcaire LA : 21 Granulom\u00e9trie : 7\/15R 12\/18 roul\u00e9 (stock) 20\/40 roul\u00e9 (stock) 40\/60 roul\u00e9 (stock) 60\/100R Remarques: uniquement pour emploi dans le paysagisme, jardin et d\u00e9coration. Aussi \u00e0 utiliser dans le b\u00e9ton d\u00e9coratif. Ce galet roul\u00e9 noir intense (humide) \u00e0 anthracite fonc\u00e9 (sec) est exclusif et magnifique dans [&hellip;]\" \/>\n<meta property=\"og:url\" content=\"https:\/\/ghentaggregates.be\/fr\/produits\/betons\/noir-ebene\/\" \/>\n<meta property=\"og:site_name\" content=\"Ghent Aggregates\" \/>\n<meta property=\"article:modified_time\" content=\"2026-03-14T12:54:57+00:00\" \/>\n<meta property=\"og:image\" content=\"https:\/\/ghentaggregates.be\/wp-content\/uploads\/2017\/02\/ghent-aggregates-nero-ebano-7-15r-it.jpg\" \/>\n\t<meta property=\"og:image:width\" content=\"1152\" \/>\n\t<meta property=\"og:image:height\" content=\"768\" \/>\n<meta name=\"twitter:card\" content=\"summary_large_image\" \/>\n<meta name=\"twitter:label1\" content=\"Dur\u00e9e de lecture est.\">\n\t<meta name=\"twitter:data1\" content=\"1 minute\">\n<script type=\"application\/ld+json\" class=\"yoast-schema-graph\">{\"@context\":\"https:\/\/schema.org\",\"@graph\":[{\"@type\":\"WebSite\",\"@id\":\"https:\/\/ghentaggregates.be\/#website\",\"url\":\"https:\/\/ghentaggregates.be\/\",\"name\":\"Ghent Aggregates\",\"description\":\"Votre partenaire pour tout granulats d\\u00e9co et techniques\",\"potentialAction\":[{\"@type\":\"SearchAction\",\"target\":\"https:\/\/ghentaggregates.be\/?s={search_term_string}\",\"query-input\":\"required name=search_term_string\"}],\"inLanguage\":\"fr-BE\"},{\"@type\":\"ImageObject\",\"@id\":\"https:\/\/ghentaggregates.be\/fr\/produits\/betons\/noir-ebene\/#primaryimage\",\"inLanguage\":\"fr-BE\",\"url\":\"https:\/\/ghentaggregates.be\/wp-content\/uploads\/2017\/02\/ghent-aggregates-nero-ebano-7-15r-it.jpg\",\"width\":1152,\"height\":768},{\"@type\":\"WebPage\",\"@id\":\"https:\/\/ghentaggregates.be\/fr\/produits\/betons\/noir-ebene\/#webpage\",\"url\":\"https:\/\/ghentaggregates.be\/fr\/produits\/betons\/noir-ebene\/\",\"name\":\"Noir Eb\\u00e8ne - Ghent Aggregates\",\"isPartOf\":{\"@id\":\"https:\/\/ghentaggregates.be\/#website\"},\"primaryImageOfPage\":{\"@id\":\"https:\/\/ghentaggregates.be\/fr\/produits\/betons\/noir-ebene\/#primaryimage\"},\"datePublished\":\"2017-02-06T19:12:56+00:00\",\"dateModified\":\"2026-03-14T12:54:57+00:00\",\"breadcrumb\":{\"@id\":\"https:\/\/ghentaggregates.be\/fr\/produits\/betons\/noir-ebene\/#breadcrumb\"},\"inLanguage\":\"fr-BE\",\"potentialAction\":[{\"@type\":\"ReadAction\",\"target\":[\"https:\/\/ghentaggregates.be\/fr\/produits\/betons\/noir-ebene\/\"]}]},{\"@type\":\"BreadcrumbList\",\"@id\":\"https:\/\/ghentaggregates.be\/fr\/produits\/betons\/noir-ebene\/#breadcrumb\",\"itemListElement\":[{\"@type\":\"ListItem\",\"position\":1,\"item\":{\"@type\":\"WebPage\",\"@id\":\"https:\/\/ghentaggregates.be\/fr\/\",\"url\":\"https:\/\/ghentaggregates.be\/fr\/\",\"name\":\"Home\"}},{\"@type\":\"ListItem\",\"position\":2,\"item\":{\"@type\":\"WebPage\",\"@id\":\"https:\/\/ghentaggregates.be\/fr\/produits\/betons\/\",\"url\":\"https:\/\/ghentaggregates.be\/fr\/produits\/betons\/\",\"name\":\"Granulats pour b\\u00e9tons\"}},{\"@type\":\"ListItem\",\"position\":3,\"item\":{\"@type\":\"WebPage\",\"@id\":\"https:\/\/ghentaggregates.be\/fr\/produits\/betons\/noir-ebene\/\",\"url\":\"https:\/\/ghentaggregates.be\/fr\/produits\/betons\/noir-ebene\/\",\"name\":\"Noir Eb\\u00e8ne\"}}]}]}<\/script>\n<!-- \/ Yoast SEO plugin. -->","_links":{"self":[{"href":"https:\/\/ghentaggregates.be\/fr\/wp-json\/wp\/v2\/product\/9797"}],"collection":[{"href":"https:\/\/ghentaggregates.be\/fr\/wp-json\/wp\/v2\/product"}],"about":[{"href":"https:\/\/ghentaggregates.be\/fr\/wp-json\/wp\/v2\/types\/product"}],"replies":[{"embeddable":true,"href":"https:\/\/ghentaggregates.be\/fr\/wp-json\/wp\/v2\/comments?post=9797"}],"version-history":[{"count":1,"href":"https:\/\/ghentaggregates.be\/fr\/wp-json\/wp\/v2\/product\/9797\/revisions"}],"predecessor-version":[{"id":20784,"href":"https:\/\/ghentaggregates.be\/fr\/wp-json\/wp\/v2\/product\/9797\/revisions\/20784"}],"wp:featuredmedia":[{"embeddable":true,"href":"https:\/\/ghentaggregates.be\/fr\/wp-json\/wp\/v2\/media\/9795"}],"wp:attachment":[{"href":"https:\/\/ghentaggregates.be\/fr\/wp-json\/wp\/v2\/media?parent=9797"}],"curies":[{"name":"wp","href":"https:\/\/api.w.org\/{rel}","templated":true}]}}