{"id":9805,"date":"2017-02-06T20:24:34","date_gmt":"2017-02-06T19:24:34","guid":{"rendered":"https:\/\/ghentaggregates2019.dazzle-qa.be\/product\/onyx-black\/"},"modified":"2021-02-27T18:07:27","modified_gmt":"2021-02-27T17:07:27","slug":"onyx-black","status":"publish","type":"product","link":"https:\/\/ghentaggregates.be\/fr\/produits\/construction-routiere\/onyx-black\/","title":{"rendered":"Onyx Noir"},"content":{"rendered":"<table>\n<tbody>\n<tr>\n<td>Nom produit:<\/td>\n<td>ONYX\u00a0NOIR<\/td>\n<\/tr>\n<tr>\n<td>Origine :<\/td>\n<td>Calcaire<\/td>\n<\/tr>\n<tr>\n<td>LA :<\/td>\n<td>17<\/td>\n<\/tr>\n<tr>\n<td>Granulom\u00e9trie :<\/td>\n<td>3\/5 (stock)<br \/>\n5\/15 (stock)<br \/>\n15\/25 (stock)<\/td>\n<\/tr>\n<\/tbody>\n<\/table>\n<p><strong>Remarques:\u00a0<\/strong>\u00e0 utiliser dans le routier, aussi dans les zones \u00e0 traffic lourd. A utiliser pour le paysagisme, applications b\u00e9tons, b\u00e9ton d\u00e9coratif, b\u00e9ton lav\u00e9, bouchard\u00e9, d\u00e9sactiv\u00e9 etc. Calcaire noir intense de haute qualit\u00e9 et stable en couleurs, concass\u00e9 kubique.<\/p>\n<p>Ce marbre concass\u00e9 noir intense peut \u00eatre utilis\u00e9 parfaitement dans un b\u00e9ton terrazzo et granito. Le pon\u00e7age de ce granulat est magnifique. Noir intense avec un souston noir-bleu magique.<\/p>\n","protected":false},"excerpt":{"rendered":"<p>Nom produit: ONYX\u00a0NOIR Origine : Calcaire LA : 17 Granulom\u00e9trie : 3\/5 (stock) 5\/15 (stock) 15\/25 (stock) Remarques:\u00a0\u00e0 utiliser dans le routier, aussi dans les zones \u00e0 traffic lourd. A utiliser pour le paysagisme, applications b\u00e9tons, b\u00e9ton d\u00e9coratif, b\u00e9ton lav\u00e9, bouchard\u00e9, d\u00e9sactiv\u00e9 etc. Calcaire noir intense de haute qualit\u00e9 et stable en couleurs, concass\u00e9 kubique. [&hellip;]<\/p>\n","protected":false},"featured_media":9803,"comment_status":"open","ping_status":"closed","template":"","meta":[],"class_list":["post-9805","product","type-product","status-publish","has-post-thumbnail","hentry","product_cat-construction-routiere","product_cat-betons","product_cat-paysagisme","product_tag-black-fr","product_tag-crushed-fr","pa_color-noir","pa_grain_type-concasse"],"yoast_head":"<!-- This site is optimized with the Yoast SEO plugin v15.9.2 - https:\/\/yoast.com\/wordpress\/plugins\/seo\/ -->\n<title>Onyx Noir - Ghent Aggregates<\/title>\n<link rel=\"canonical\" href=\"https:\/\/ghentaggregates.be\/fr\/produits\/construction-routiere\/onyx-black\/\" \/>\n<meta property=\"og:locale\" content=\"fr_FR\" \/>\n<meta property=\"og:type\" content=\"article\" \/>\n<meta property=\"og:title\" content=\"Onyx Noir - Ghent Aggregates\" \/>\n<meta property=\"og:description\" content=\"Nom produit: ONYX\u00a0NOIR Origine : Calcaire LA : 17 Granulom\u00e9trie : 3\/5 (stock) 5\/15 (stock) 15\/25 (stock) Remarques:\u00a0\u00e0 utiliser dans le routier, aussi dans les zones \u00e0 traffic lourd. A utiliser pour le paysagisme, applications b\u00e9tons, b\u00e9ton d\u00e9coratif, b\u00e9ton lav\u00e9, bouchard\u00e9, d\u00e9sactiv\u00e9 etc. Calcaire noir intense de haute qualit\u00e9 et stable en couleurs, concass\u00e9 kubique. [&hellip;]\" \/>\n<meta property=\"og:url\" content=\"https:\/\/ghentaggregates.be\/fr\/produits\/construction-routiere\/onyx-black\/\" \/>\n<meta property=\"og:site_name\" content=\"Ghent Aggregates\" \/>\n<meta property=\"article:modified_time\" content=\"2021-02-27T17:07:27+00:00\" \/>\n<meta property=\"og:image\" content=\"https:\/\/ghentaggregates.be\/wp-content\/uploads\/2017\/02\/ghent-aggregates-onyx-black-5-15.jpg\" \/>\n\t<meta property=\"og:image:width\" content=\"1152\" \/>\n\t<meta property=\"og:image:height\" content=\"768\" \/>\n<meta name=\"twitter:card\" content=\"summary_large_image\" \/>\n<meta name=\"twitter:label1\" content=\"Dur\u00e9e de lecture est.\">\n\t<meta name=\"twitter:data1\" content=\"1 minute\">\n<script type=\"application\/ld+json\" class=\"yoast-schema-graph\">{\"@context\":\"https:\/\/schema.org\",\"@graph\":[{\"@type\":\"WebSite\",\"@id\":\"https:\/\/ghentaggregates.be\/#website\",\"url\":\"https:\/\/ghentaggregates.be\/\",\"name\":\"Ghent Aggregates\",\"description\":\"Votre partenaire pour tout granulats d\\u00e9co et techniques\",\"potentialAction\":[{\"@type\":\"SearchAction\",\"target\":\"https:\/\/ghentaggregates.be\/?s={search_term_string}\",\"query-input\":\"required name=search_term_string\"}],\"inLanguage\":\"fr-BE\"},{\"@type\":\"ImageObject\",\"@id\":\"https:\/\/ghentaggregates.be\/fr\/produits\/construction-routiere\/onyx-black\/#primaryimage\",\"inLanguage\":\"fr-BE\",\"url\":\"https:\/\/ghentaggregates.be\/wp-content\/uploads\/2017\/02\/ghent-aggregates-onyx-black-5-15.jpg\",\"width\":1152,\"height\":768},{\"@type\":\"WebPage\",\"@id\":\"https:\/\/ghentaggregates.be\/fr\/produits\/construction-routiere\/onyx-black\/#webpage\",\"url\":\"https:\/\/ghentaggregates.be\/fr\/produits\/construction-routiere\/onyx-black\/\",\"name\":\"Onyx Noir - Ghent Aggregates\",\"isPartOf\":{\"@id\":\"https:\/\/ghentaggregates.be\/#website\"},\"primaryImageOfPage\":{\"@id\":\"https:\/\/ghentaggregates.be\/fr\/produits\/construction-routiere\/onyx-black\/#primaryimage\"},\"datePublished\":\"2017-02-06T19:24:34+00:00\",\"dateModified\":\"2021-02-27T17:07:27+00:00\",\"breadcrumb\":{\"@id\":\"https:\/\/ghentaggregates.be\/fr\/produits\/construction-routiere\/onyx-black\/#breadcrumb\"},\"inLanguage\":\"fr-BE\",\"potentialAction\":[{\"@type\":\"ReadAction\",\"target\":[\"https:\/\/ghentaggregates.be\/fr\/produits\/construction-routiere\/onyx-black\/\"]}]},{\"@type\":\"BreadcrumbList\",\"@id\":\"https:\/\/ghentaggregates.be\/fr\/produits\/construction-routiere\/onyx-black\/#breadcrumb\",\"itemListElement\":[{\"@type\":\"ListItem\",\"position\":1,\"item\":{\"@type\":\"WebPage\",\"@id\":\"https:\/\/ghentaggregates.be\/fr\/\",\"url\":\"https:\/\/ghentaggregates.be\/fr\/\",\"name\":\"Home\"}},{\"@type\":\"ListItem\",\"position\":2,\"item\":{\"@type\":\"WebPage\",\"@id\":\"https:\/\/ghentaggregates.be\/fr\/produits\/construction-routiere\/\",\"url\":\"https:\/\/ghentaggregates.be\/fr\/produits\/construction-routiere\/\",\"name\":\"Construction routi\\u00e8re\"}},{\"@type\":\"ListItem\",\"position\":3,\"item\":{\"@type\":\"WebPage\",\"@id\":\"https:\/\/ghentaggregates.be\/fr\/produits\/construction-routiere\/onyx-black\/\",\"url\":\"https:\/\/ghentaggregates.be\/fr\/produits\/construction-routiere\/onyx-black\/\",\"name\":\"Onyx Noir\"}}]}]}<\/script>\n<!-- \/ Yoast SEO plugin. -->","_links":{"self":[{"href":"https:\/\/ghentaggregates.be\/fr\/wp-json\/wp\/v2\/product\/9805"}],"collection":[{"href":"https:\/\/ghentaggregates.be\/fr\/wp-json\/wp\/v2\/product"}],"about":[{"href":"https:\/\/ghentaggregates.be\/fr\/wp-json\/wp\/v2\/types\/product"}],"replies":[{"embeddable":true,"href":"https:\/\/ghentaggregates.be\/fr\/wp-json\/wp\/v2\/comments?post=9805"}],"version-history":[{"count":0,"href":"https:\/\/ghentaggregates.be\/fr\/wp-json\/wp\/v2\/product\/9805\/revisions"}],"wp:featuredmedia":[{"embeddable":true,"href":"https:\/\/ghentaggregates.be\/fr\/wp-json\/wp\/v2\/media\/9803"}],"wp:attachment":[{"href":"https:\/\/ghentaggregates.be\/fr\/wp-json\/wp\/v2\/media?parent=9805"}],"curies":[{"name":"wp","href":"https:\/\/api.w.org\/{rel}","templated":true}]}}