{"id":9844,"date":"2017-02-06T21:24:57","date_gmt":"2017-02-06T20:24:57","guid":{"rendered":"https:\/\/ghentaggregates2019.dazzle-qa.be\/product\/glow-gravel-emerald-yellow\/"},"modified":"2020-07-27T10:19:03","modified_gmt":"2020-07-27T08:19:03","slug":"glow-gravel-emerald-yellow","status":"publish","type":"product","link":"https:\/\/ghentaggregates.be\/fr\/produits\/construction-routiere\/glow-gravel-emerald-yellow\/","title":{"rendered":"Glow Gravel Emerald Yellow"},"content":{"rendered":"<table>\n<tbody>\n<tr>\n<td>Nom produit:<\/td>\n<td>GLOW GRAVEL EMERALD YELLOW<\/td>\n<\/tr>\n<tr>\n<td>Origine :<\/td>\n<td>Gravillon photoluminescent<\/td>\n<\/tr>\n<tr>\n<td>LA :<\/td>\n<td>NPD<\/td>\n<\/tr>\n<tr>\n<td>Granulom\u00e9trie :<\/td>\n<td>0\/50\u00b5m \u00a0(poudre)<br \/>\n0,5\/1 \u00a0 (sable)<br \/>\n2\/4<br \/>\n5\/8<br \/>\n9\/12<br \/>\n19\/25 (sur demande)<br \/>\n30\/60 (galets)<\/td>\n<\/tr>\n<\/tbody>\n<\/table>\n<p><strong>Remarques: <\/strong>les gravillons et sables photoluminescents les plus performants au monde. Les gravillons sont semi concass\u00e9s et roul\u00e9s, d\u00e9velopp\u00e9s pour les applications b\u00e9tons et enrob\u00e9s, ou emploi d\u00e9coratif, ainsi que les applications tapis r\u00e9sines. Les produits sont photoluminescents pendant 10 \u00e0 12 heures apr\u00e8s chargement d&rsquo;au moins 10 minutes en lumi\u00e8re naturelle ou synth\u00e9tique. Dur\u00e9e de vie +15 ans. D\u00e9couvrez les photoluminescents les plus performants au monde chez Ghent Aggregates, votre dealer exclusif dans la r\u00e9gion.<\/p>\n<p>D\u00e9couvrez nos projets en Europe.<\/p>\n<p>A partir de\u00a0<strong>2018:<\/strong>\u00a0<strong>ULTRA GLOW\u00a0<\/strong>disponible avec +14 heure de photoluminescence et +20% d&rsquo;intensit\u00e9.<\/p>\n","protected":false},"excerpt":{"rendered":"<p>Nom produit: GLOW GRAVEL EMERALD YELLOW Origine : Gravillon photoluminescent LA : NPD Granulom\u00e9trie : 0\/50\u00b5m \u00a0(poudre) 0,5\/1 \u00a0 (sable) 2\/4 5\/8 9\/12 19\/25 (sur demande) 30\/60 (galets) Remarques: les gravillons et sables photoluminescents les plus performants au monde. Les gravillons sont semi concass\u00e9s et roul\u00e9s, d\u00e9velopp\u00e9s pour les applications b\u00e9tons et enrob\u00e9s, ou emploi [&hellip;]<\/p>\n","protected":false},"featured_media":9842,"comment_status":"open","ping_status":"closed","template":"","meta":[],"class_list":["post-9844","product","type-product","status-publish","has-post-thumbnail","hentry","product_cat-photoluminescents","product_tag-crushed-fr","product_tag-glow-fr","product_tag-yellow-fr","pa_color-jaune","pa_grain_type-concasse"],"yoast_head":"<!-- This site is optimized with the Yoast SEO plugin v15.9.2 - https:\/\/yoast.com\/wordpress\/plugins\/seo\/ -->\n<title>Glow Gravel Emerald Yellow - Ghent Aggregates<\/title>\n<meta name=\"description\" content=\"Gravillon photoluminescent plus performant au monde - rayonne durant la nuit, 100% en s\u00e9curit\u00e9 pour l&#039;environnement et la sant\u00e9\" \/>\n<link rel=\"canonical\" href=\"https:\/\/ghentaggregates.be\/fr\/produits\/construction-routiere\/glow-gravel-emerald-yellow\/\" \/>\n<meta property=\"og:locale\" content=\"fr_FR\" \/>\n<meta property=\"og:type\" content=\"article\" \/>\n<meta property=\"og:title\" content=\"Glow Gravel Emerald Yellow - Ghent Aggregates\" \/>\n<meta property=\"og:description\" content=\"Gravillon photoluminescent plus performant au monde - rayonne durant la nuit, 100% en s\u00e9curit\u00e9 pour l&#039;environnement et la sant\u00e9\" \/>\n<meta property=\"og:url\" content=\"https:\/\/ghentaggregates.be\/fr\/produits\/construction-routiere\/glow-gravel-emerald-yellow\/\" \/>\n<meta property=\"og:site_name\" content=\"Ghent Aggregates\" \/>\n<meta property=\"article:modified_time\" content=\"2020-07-27T08:19:03+00:00\" \/>\n<meta property=\"og:image\" content=\"https:\/\/ghentaggregates.be\/wp-content\/uploads\/2017\/02\/ghent-aggregates-glow-gravel-yellow-11-14.jpg\" \/>\n\t<meta property=\"og:image:width\" content=\"1296\" \/>\n\t<meta property=\"og:image:height\" content=\"864\" \/>\n<meta name=\"twitter:card\" content=\"summary_large_image\" \/>\n<meta name=\"twitter:label1\" content=\"Dur\u00e9e de lecture est.\">\n\t<meta name=\"twitter:data1\" content=\"1 minute\">\n<script type=\"application\/ld+json\" class=\"yoast-schema-graph\">{\"@context\":\"https:\/\/schema.org\",\"@graph\":[{\"@type\":\"WebSite\",\"@id\":\"https:\/\/ghentaggregates.be\/#website\",\"url\":\"https:\/\/ghentaggregates.be\/\",\"name\":\"Ghent Aggregates\",\"description\":\"Votre partenaire pour tout granulats d\\u00e9co et techniques\",\"potentialAction\":[{\"@type\":\"SearchAction\",\"target\":\"https:\/\/ghentaggregates.be\/?s={search_term_string}\",\"query-input\":\"required name=search_term_string\"}],\"inLanguage\":\"fr-BE\"},{\"@type\":\"ImageObject\",\"@id\":\"https:\/\/ghentaggregates.be\/fr\/produits\/construction-routiere\/glow-gravel-emerald-yellow\/#primaryimage\",\"inLanguage\":\"fr-BE\",\"url\":\"https:\/\/ghentaggregates.be\/wp-content\/uploads\/2017\/02\/ghent-aggregates-glow-gravel-yellow-11-14.jpg\",\"width\":1296,\"height\":864},{\"@type\":\"WebPage\",\"@id\":\"https:\/\/ghentaggregates.be\/fr\/produits\/construction-routiere\/glow-gravel-emerald-yellow\/#webpage\",\"url\":\"https:\/\/ghentaggregates.be\/fr\/produits\/construction-routiere\/glow-gravel-emerald-yellow\/\",\"name\":\"Glow Gravel Emerald Yellow - Ghent Aggregates\",\"isPartOf\":{\"@id\":\"https:\/\/ghentaggregates.be\/#website\"},\"primaryImageOfPage\":{\"@id\":\"https:\/\/ghentaggregates.be\/fr\/produits\/construction-routiere\/glow-gravel-emerald-yellow\/#primaryimage\"},\"datePublished\":\"2017-02-06T20:24:57+00:00\",\"dateModified\":\"2020-07-27T08:19:03+00:00\",\"description\":\"Gravillon photoluminescent plus performant au monde - rayonne durant la nuit, 100% en s\\u00e9curit\\u00e9 pour l'environnement et la sant\\u00e9\",\"breadcrumb\":{\"@id\":\"https:\/\/ghentaggregates.be\/fr\/produits\/construction-routiere\/glow-gravel-emerald-yellow\/#breadcrumb\"},\"inLanguage\":\"fr-BE\",\"potentialAction\":[{\"@type\":\"ReadAction\",\"target\":[\"https:\/\/ghentaggregates.be\/fr\/produits\/construction-routiere\/glow-gravel-emerald-yellow\/\"]}]},{\"@type\":\"BreadcrumbList\",\"@id\":\"https:\/\/ghentaggregates.be\/fr\/produits\/construction-routiere\/glow-gravel-emerald-yellow\/#breadcrumb\",\"itemListElement\":[{\"@type\":\"ListItem\",\"position\":1,\"item\":{\"@type\":\"WebPage\",\"@id\":\"https:\/\/ghentaggregates.be\/fr\/\",\"url\":\"https:\/\/ghentaggregates.be\/fr\/\",\"name\":\"Home\"}},{\"@type\":\"ListItem\",\"position\":2,\"item\":{\"@type\":\"WebPage\",\"@id\":\"https:\/\/ghentaggregates.be\/fr\/produits\/construction-routiere\/\",\"url\":\"https:\/\/ghentaggregates.be\/fr\/produits\/construction-routiere\/\",\"name\":\"Construction routi\\u00e8re\"}},{\"@type\":\"ListItem\",\"position\":3,\"item\":{\"@type\":\"WebPage\",\"@id\":\"https:\/\/ghentaggregates.be\/fr\/produits\/construction-routiere\/glow-gravel-emerald-yellow\/\",\"url\":\"https:\/\/ghentaggregates.be\/fr\/produits\/construction-routiere\/glow-gravel-emerald-yellow\/\",\"name\":\"Glow Gravel Emerald Yellow\"}}]}]}<\/script>\n<!-- \/ Yoast SEO plugin. -->","_links":{"self":[{"href":"https:\/\/ghentaggregates.be\/fr\/wp-json\/wp\/v2\/product\/9844"}],"collection":[{"href":"https:\/\/ghentaggregates.be\/fr\/wp-json\/wp\/v2\/product"}],"about":[{"href":"https:\/\/ghentaggregates.be\/fr\/wp-json\/wp\/v2\/types\/product"}],"replies":[{"embeddable":true,"href":"https:\/\/ghentaggregates.be\/fr\/wp-json\/wp\/v2\/comments?post=9844"}],"version-history":[{"count":0,"href":"https:\/\/ghentaggregates.be\/fr\/wp-json\/wp\/v2\/product\/9844\/revisions"}],"wp:featuredmedia":[{"embeddable":true,"href":"https:\/\/ghentaggregates.be\/fr\/wp-json\/wp\/v2\/media\/9842"}],"wp:attachment":[{"href":"https:\/\/ghentaggregates.be\/fr\/wp-json\/wp\/v2\/media?parent=9844"}],"curies":[{"name":"wp","href":"https:\/\/api.w.org\/{rel}","templated":true}]}}