{"id":9881,"date":"2017-02-16T20:27:21","date_gmt":"2017-02-16T19:27:21","guid":{"rendered":"https:\/\/ghentaggregates2019.dazzle-qa.be\/product\/mid-grey\/"},"modified":"2020-07-20T22:26:50","modified_gmt":"2020-07-20T20:26:50","slug":"gris-sambre","status":"publish","type":"product","link":"https:\/\/ghentaggregates.be\/fr\/produits\/construction-routiere\/gris-sambre\/","title":{"rendered":"Gris Sambre"},"content":{"rendered":"<table>\n<tbody>\n<tr>\n<td>Nom produit:<\/td>\n<td>GRIS SAMBRE<\/td>\n<\/tr>\n<tr>\n<td>Origine :<\/td>\n<td>Calcaire<\/td>\n<\/tr>\n<tr>\n<td>LA :<\/td>\n<td>23<\/td>\n<\/tr>\n<tr>\n<td>Granulom\u00e9trie :<\/td>\n<td>0\/2<br \/>\n2\/6<br \/>\n6\/14 (voorraad)<br \/>\n6\/20<br \/>\n60\/90<br \/>\n90\/150<br \/>\n2-10kg<br \/>\n10-60kg<br \/>\n5-40kg<br \/>\n40-200kg<\/td>\n<\/tr>\n<\/tbody>\n<\/table>\n<p><strong>Remarques: <\/strong>A utiliser dans le routier, zones traffic lourd exclus. Parfait pour les applications b\u00e9tons, d\u00e9coratif, paysagisme, parc et jardin, etc. Payable d&rsquo;un gris moyen des Ardennes pour une d\u00e9coration contemporaire.<\/p>\n<p>Ce gris moyen nuanc\u00e9 clair et fonc\u00e9 accompagne plein d&rsquo;applications en pierre naturelle, c\u00e9ramique, esth\u00e9tique etc.<\/p>\n<p>Aussi dans les b\u00e9tons et sols terrazzo et granito ce granulat donne des r\u00e9sultats splendids gr\u00e2ce \u00e0 sa composition de diff\u00e9rents tons gris et sa capacit\u00e9 de pon\u00e7age excellente.<\/p>\n","protected":false},"excerpt":{"rendered":"<p>Nom produit: GRIS SAMBRE Origine : Calcaire LA : 23 Granulom\u00e9trie : 0\/2 2\/6 6\/14 (voorraad) 6\/20 60\/90 90\/150 2-10kg 10-60kg 5-40kg 40-200kg Remarques: A utiliser dans le routier, zones traffic lourd exclus. Parfait pour les applications b\u00e9tons, d\u00e9coratif, paysagisme, parc et jardin, etc. Payable d&rsquo;un gris moyen des Ardennes pour une d\u00e9coration contemporaire. Ce [&hellip;]<\/p>\n","protected":false},"featured_media":9879,"comment_status":"open","ping_status":"closed","template":"","meta":[],"class_list":["post-9881","product","type-product","status-publish","has-post-thumbnail","hentry","product_cat-construction-routiere","product_cat-betons","product_cat-paysagisme","product_tag-crushed-fr","product_tag-grey-fr","pa_color-gris","pa_grain_type-concasse"],"yoast_head":"<!-- This site is optimized with the Yoast SEO plugin v15.9.2 - https:\/\/yoast.com\/wordpress\/plugins\/seo\/ -->\n<title>Gris Sambre - Ghent Aggregates<\/title>\n<link rel=\"canonical\" href=\"https:\/\/ghentaggregates.be\/fr\/produits\/construction-routiere\/gris-sambre\/\" \/>\n<meta property=\"og:locale\" content=\"fr_FR\" \/>\n<meta property=\"og:type\" content=\"article\" \/>\n<meta property=\"og:title\" content=\"Gris Sambre - Ghent Aggregates\" \/>\n<meta property=\"og:description\" content=\"Nom produit: GRIS SAMBRE Origine : Calcaire LA : 23 Granulom\u00e9trie : 0\/2 2\/6 6\/14 (voorraad) 6\/20 60\/90 90\/150 2-10kg 10-60kg 5-40kg 40-200kg Remarques: A utiliser dans le routier, zones traffic lourd exclus. Parfait pour les applications b\u00e9tons, d\u00e9coratif, paysagisme, parc et jardin, etc. Payable d&rsquo;un gris moyen des Ardennes pour une d\u00e9coration contemporaire. Ce [&hellip;]\" \/>\n<meta property=\"og:url\" content=\"https:\/\/ghentaggregates.be\/fr\/produits\/construction-routiere\/gris-sambre\/\" \/>\n<meta property=\"og:site_name\" content=\"Ghent Aggregates\" \/>\n<meta property=\"article:modified_time\" content=\"2020-07-20T20:26:50+00:00\" \/>\n<meta property=\"og:image\" content=\"https:\/\/ghentaggregates.be\/wp-content\/uploads\/2017\/02\/ghent-aggregates-samber-grijs-6-14.jpg\" \/>\n\t<meta property=\"og:image:width\" content=\"1152\" \/>\n\t<meta property=\"og:image:height\" content=\"768\" \/>\n<meta name=\"twitter:card\" content=\"summary_large_image\" \/>\n<meta name=\"twitter:label1\" content=\"Dur\u00e9e de lecture est.\">\n\t<meta name=\"twitter:data1\" content=\"1 minute\">\n<script type=\"application\/ld+json\" class=\"yoast-schema-graph\">{\"@context\":\"https:\/\/schema.org\",\"@graph\":[{\"@type\":\"WebSite\",\"@id\":\"https:\/\/ghentaggregates.be\/#website\",\"url\":\"https:\/\/ghentaggregates.be\/\",\"name\":\"Ghent Aggregates\",\"description\":\"Votre partenaire pour tout granulats d\\u00e9co et techniques\",\"potentialAction\":[{\"@type\":\"SearchAction\",\"target\":\"https:\/\/ghentaggregates.be\/?s={search_term_string}\",\"query-input\":\"required name=search_term_string\"}],\"inLanguage\":\"fr-BE\"},{\"@type\":\"ImageObject\",\"@id\":\"https:\/\/ghentaggregates.be\/fr\/produits\/construction-routiere\/gris-sambre\/#primaryimage\",\"inLanguage\":\"fr-BE\",\"url\":\"https:\/\/ghentaggregates.be\/wp-content\/uploads\/2017\/02\/ghent-aggregates-samber-grijs-6-14.jpg\",\"width\":1152,\"height\":768},{\"@type\":\"WebPage\",\"@id\":\"https:\/\/ghentaggregates.be\/fr\/produits\/construction-routiere\/gris-sambre\/#webpage\",\"url\":\"https:\/\/ghentaggregates.be\/fr\/produits\/construction-routiere\/gris-sambre\/\",\"name\":\"Gris Sambre - Ghent Aggregates\",\"isPartOf\":{\"@id\":\"https:\/\/ghentaggregates.be\/#website\"},\"primaryImageOfPage\":{\"@id\":\"https:\/\/ghentaggregates.be\/fr\/produits\/construction-routiere\/gris-sambre\/#primaryimage\"},\"datePublished\":\"2017-02-16T19:27:21+00:00\",\"dateModified\":\"2020-07-20T20:26:50+00:00\",\"breadcrumb\":{\"@id\":\"https:\/\/ghentaggregates.be\/fr\/produits\/construction-routiere\/gris-sambre\/#breadcrumb\"},\"inLanguage\":\"fr-BE\",\"potentialAction\":[{\"@type\":\"ReadAction\",\"target\":[\"https:\/\/ghentaggregates.be\/fr\/produits\/construction-routiere\/gris-sambre\/\"]}]},{\"@type\":\"BreadcrumbList\",\"@id\":\"https:\/\/ghentaggregates.be\/fr\/produits\/construction-routiere\/gris-sambre\/#breadcrumb\",\"itemListElement\":[{\"@type\":\"ListItem\",\"position\":1,\"item\":{\"@type\":\"WebPage\",\"@id\":\"https:\/\/ghentaggregates.be\/fr\/\",\"url\":\"https:\/\/ghentaggregates.be\/fr\/\",\"name\":\"Home\"}},{\"@type\":\"ListItem\",\"position\":2,\"item\":{\"@type\":\"WebPage\",\"@id\":\"https:\/\/ghentaggregates.be\/fr\/produits\/construction-routiere\/\",\"url\":\"https:\/\/ghentaggregates.be\/fr\/produits\/construction-routiere\/\",\"name\":\"Construction routi\\u00e8re\"}},{\"@type\":\"ListItem\",\"position\":3,\"item\":{\"@type\":\"WebPage\",\"@id\":\"https:\/\/ghentaggregates.be\/fr\/produits\/construction-routiere\/gris-sambre\/\",\"url\":\"https:\/\/ghentaggregates.be\/fr\/produits\/construction-routiere\/gris-sambre\/\",\"name\":\"Gris Sambre\"}}]}]}<\/script>\n<!-- \/ Yoast SEO plugin. -->","_links":{"self":[{"href":"https:\/\/ghentaggregates.be\/fr\/wp-json\/wp\/v2\/product\/9881"}],"collection":[{"href":"https:\/\/ghentaggregates.be\/fr\/wp-json\/wp\/v2\/product"}],"about":[{"href":"https:\/\/ghentaggregates.be\/fr\/wp-json\/wp\/v2\/types\/product"}],"replies":[{"embeddable":true,"href":"https:\/\/ghentaggregates.be\/fr\/wp-json\/wp\/v2\/comments?post=9881"}],"version-history":[{"count":0,"href":"https:\/\/ghentaggregates.be\/fr\/wp-json\/wp\/v2\/product\/9881\/revisions"}],"wp:featuredmedia":[{"embeddable":true,"href":"https:\/\/ghentaggregates.be\/fr\/wp-json\/wp\/v2\/media\/9879"}],"wp:attachment":[{"href":"https:\/\/ghentaggregates.be\/fr\/wp-json\/wp\/v2\/media?parent=9881"}],"curies":[{"name":"wp","href":"https:\/\/api.w.org\/{rel}","templated":true}]}}