{"id":9907,"date":"2017-02-26T17:06:45","date_gmt":"2017-02-26T16:06:45","guid":{"rendered":"https:\/\/ghentaggregates2019.dazzle-qa.be\/product\/tono-yellow\/"},"modified":"2020-07-20T21:47:47","modified_gmt":"2020-07-20T19:47:47","slug":"tono-yellow","status":"publish","type":"product","link":"https:\/\/ghentaggregates.be\/fr\/produits\/construction-routiere\/tono-yellow\/","title":{"rendered":"Tono Yellow"},"content":{"rendered":"<table>\n<tbody>\n<tr>\n<td>Nom produit:<\/td>\n<td>TONO YELLOW<\/td>\n<\/tr>\n<tr>\n<td>Connu comme :<\/td>\n<td>Quartz jaune, Saint Gillis, Taunus<\/td>\n<\/tr>\n<tr>\n<td>Origine :<\/td>\n<td>Quartz<\/td>\n<\/tr>\n<tr>\n<td>LA :<\/td>\n<td>48<\/td>\n<\/tr>\n<tr>\n<td>Granulom\u00e9trie :<\/td>\n<td>0\/2<br \/>\n2\/4<br \/>\n2\/8<br \/>\n4\/8<br \/>\n4\/12.5\u00a0 (stock)<br \/>\n8\/16<\/td>\n<\/tr>\n<\/tbody>\n<\/table>\n<p><strong>Remarques:\u00a0<\/strong>A utiliser dans les applications routiers, zone b\u00e9tons traffic lourd inclus. Quartz jaune-blanc rond parfait pour tous genres des b\u00e9tons d\u00e9sactiv\u00e9s, lav\u00e9s, d\u00e9co et esth\u00e9tiques. Aussi pour les applications paysagisme et applications r\u00e9sines. Quartz rond naturel tr\u00e8s joli et durable.<\/p>\n<p><strong>Contactez-nous\u00a0<\/strong>pour tout vos approvisionnements en quartz St Gillis \/ quartz jaune Taunus. Nous offrons des possibilit\u00e9s par la route ou voie d&rsquo;eau, directement ou via notre plate-forme \u00e0 Gand!<\/p>\n","protected":false},"excerpt":{"rendered":"<p>Nom produit: TONO YELLOW Connu comme : Quartz jaune, Saint Gillis, Taunus Origine : Quartz LA : 48 Granulom\u00e9trie : 0\/2 2\/4 2\/8 4\/8 4\/12.5\u00a0 (stock) 8\/16 Remarques:\u00a0A utiliser dans les applications routiers, zone b\u00e9tons traffic lourd inclus. Quartz jaune-blanc rond parfait pour tous genres des b\u00e9tons d\u00e9sactiv\u00e9s, lav\u00e9s, d\u00e9co et esth\u00e9tiques. Aussi pour les [&hellip;]<\/p>\n","protected":false},"featured_media":9905,"comment_status":"open","ping_status":"closed","template":"","meta":[],"class_list":["post-9907","product","type-product","status-publish","has-post-thumbnail","hentry","product_cat-construction-routiere","product_cat-betons","product_cat-paysagisme","product_tag-round-fr","product_tag-yellow-fr","pa_color-jaune","pa_grain_type-roule"],"yoast_head":"<!-- This site is optimized with the Yoast SEO plugin v15.9.2 - https:\/\/yoast.com\/wordpress\/plugins\/seo\/ -->\n<title>Tono Yellow - Ghent Aggregates<\/title>\n<link rel=\"canonical\" href=\"https:\/\/ghentaggregates.be\/fr\/produits\/construction-routiere\/tono-yellow\/\" \/>\n<meta property=\"og:locale\" content=\"fr_FR\" \/>\n<meta property=\"og:type\" content=\"article\" \/>\n<meta property=\"og:title\" content=\"Tono Yellow - Ghent Aggregates\" \/>\n<meta property=\"og:description\" content=\"Nom produit: TONO YELLOW Connu comme : Quartz jaune, Saint Gillis, Taunus Origine : Quartz LA : 48 Granulom\u00e9trie : 0\/2 2\/4 2\/8 4\/8 4\/12.5\u00a0 (stock) 8\/16 Remarques:\u00a0A utiliser dans les applications routiers, zone b\u00e9tons traffic lourd inclus. Quartz jaune-blanc rond parfait pour tous genres des b\u00e9tons d\u00e9sactiv\u00e9s, lav\u00e9s, d\u00e9co et esth\u00e9tiques. Aussi pour les [&hellip;]\" \/>\n<meta property=\"og:url\" content=\"https:\/\/ghentaggregates.be\/fr\/produits\/construction-routiere\/tono-yellow\/\" \/>\n<meta property=\"og:site_name\" content=\"Ghent Aggregates\" \/>\n<meta property=\"article:modified_time\" content=\"2020-07-20T19:47:47+00:00\" \/>\n<meta property=\"og:image\" content=\"https:\/\/ghentaggregates.be\/wp-content\/uploads\/2017\/02\/ghent-aggregates-tono-yellow-5-8r.jpg\" \/>\n\t<meta property=\"og:image:width\" content=\"1152\" \/>\n\t<meta property=\"og:image:height\" content=\"768\" \/>\n<meta name=\"twitter:card\" content=\"summary_large_image\" \/>\n<script type=\"application\/ld+json\" class=\"yoast-schema-graph\">{\"@context\":\"https:\/\/schema.org\",\"@graph\":[{\"@type\":\"WebSite\",\"@id\":\"https:\/\/ghentaggregates.be\/#website\",\"url\":\"https:\/\/ghentaggregates.be\/\",\"name\":\"Ghent Aggregates\",\"description\":\"Votre partenaire pour tout granulats d\\u00e9co et techniques\",\"potentialAction\":[{\"@type\":\"SearchAction\",\"target\":\"https:\/\/ghentaggregates.be\/?s={search_term_string}\",\"query-input\":\"required name=search_term_string\"}],\"inLanguage\":\"fr-BE\"},{\"@type\":\"ImageObject\",\"@id\":\"https:\/\/ghentaggregates.be\/fr\/produits\/construction-routiere\/tono-yellow\/#primaryimage\",\"inLanguage\":\"fr-BE\",\"url\":\"https:\/\/ghentaggregates.be\/wp-content\/uploads\/2017\/02\/ghent-aggregates-tono-yellow-5-8r.jpg\",\"width\":1152,\"height\":768},{\"@type\":\"WebPage\",\"@id\":\"https:\/\/ghentaggregates.be\/fr\/produits\/construction-routiere\/tono-yellow\/#webpage\",\"url\":\"https:\/\/ghentaggregates.be\/fr\/produits\/construction-routiere\/tono-yellow\/\",\"name\":\"Tono Yellow - Ghent Aggregates\",\"isPartOf\":{\"@id\":\"https:\/\/ghentaggregates.be\/#website\"},\"primaryImageOfPage\":{\"@id\":\"https:\/\/ghentaggregates.be\/fr\/produits\/construction-routiere\/tono-yellow\/#primaryimage\"},\"datePublished\":\"2017-02-26T16:06:45+00:00\",\"dateModified\":\"2020-07-20T19:47:47+00:00\",\"breadcrumb\":{\"@id\":\"https:\/\/ghentaggregates.be\/fr\/produits\/construction-routiere\/tono-yellow\/#breadcrumb\"},\"inLanguage\":\"fr-BE\",\"potentialAction\":[{\"@type\":\"ReadAction\",\"target\":[\"https:\/\/ghentaggregates.be\/fr\/produits\/construction-routiere\/tono-yellow\/\"]}]},{\"@type\":\"BreadcrumbList\",\"@id\":\"https:\/\/ghentaggregates.be\/fr\/produits\/construction-routiere\/tono-yellow\/#breadcrumb\",\"itemListElement\":[{\"@type\":\"ListItem\",\"position\":1,\"item\":{\"@type\":\"WebPage\",\"@id\":\"https:\/\/ghentaggregates.be\/fr\/\",\"url\":\"https:\/\/ghentaggregates.be\/fr\/\",\"name\":\"Home\"}},{\"@type\":\"ListItem\",\"position\":2,\"item\":{\"@type\":\"WebPage\",\"@id\":\"https:\/\/ghentaggregates.be\/fr\/produits\/construction-routiere\/\",\"url\":\"https:\/\/ghentaggregates.be\/fr\/produits\/construction-routiere\/\",\"name\":\"Construction routi\\u00e8re\"}},{\"@type\":\"ListItem\",\"position\":3,\"item\":{\"@type\":\"WebPage\",\"@id\":\"https:\/\/ghentaggregates.be\/fr\/produits\/construction-routiere\/tono-yellow\/\",\"url\":\"https:\/\/ghentaggregates.be\/fr\/produits\/construction-routiere\/tono-yellow\/\",\"name\":\"Tono Yellow\"}}]}]}<\/script>\n<!-- \/ Yoast SEO plugin. -->","_links":{"self":[{"href":"https:\/\/ghentaggregates.be\/fr\/wp-json\/wp\/v2\/product\/9907"}],"collection":[{"href":"https:\/\/ghentaggregates.be\/fr\/wp-json\/wp\/v2\/product"}],"about":[{"href":"https:\/\/ghentaggregates.be\/fr\/wp-json\/wp\/v2\/types\/product"}],"replies":[{"embeddable":true,"href":"https:\/\/ghentaggregates.be\/fr\/wp-json\/wp\/v2\/comments?post=9907"}],"version-history":[{"count":0,"href":"https:\/\/ghentaggregates.be\/fr\/wp-json\/wp\/v2\/product\/9907\/revisions"}],"wp:featuredmedia":[{"embeddable":true,"href":"https:\/\/ghentaggregates.be\/fr\/wp-json\/wp\/v2\/media\/9905"}],"wp:attachment":[{"href":"https:\/\/ghentaggregates.be\/fr\/wp-json\/wp\/v2\/media?parent=9907"}],"curies":[{"name":"wp","href":"https:\/\/api.w.org\/{rel}","templated":true}]}}