{"id":9916,"date":"2017-02-26T17:47:37","date_gmt":"2017-02-26T16:47:37","guid":{"rendered":"https:\/\/ghentaggregates2019.dazzle-qa.be\/product\/vigne-red\/"},"modified":"2020-07-20T21:42:45","modified_gmt":"2020-07-20T19:42:45","slug":"vigne-rouge","status":"publish","type":"product","link":"https:\/\/ghentaggregates.be\/fr\/produits\/construction-routiere\/vigne-rouge\/","title":{"rendered":"Vigne Rouge"},"content":{"rendered":"<table>\n<tbody>\n<tr>\n<td>Nom produit:<\/td>\n<td>VIGNE ROUGE<\/td>\n<\/tr>\n<tr>\n<td>Origine :<\/td>\n<td>Quartzite<\/td>\n<\/tr>\n<tr>\n<td>LA :<\/td>\n<td>18<\/td>\n<\/tr>\n<tr>\n<td>Granulom\u00e9trie :<\/td>\n<td>0\/4<br \/>\n4\/6<br \/>\n6\/10 (stock)<br \/>\n10\/14<\/td>\n<\/tr>\n<\/tbody>\n<\/table>\n<p><strong>Remarques:\u00a0<\/strong>\u00e0 utiliser dans les travaux routiers, b\u00e9ton traffic lourd inclus. Aussi pour les applications paysagisme, b\u00e9ton d\u00e9coratif, b\u00e9ton lav\u00e9 et d\u00e9sactiv\u00e9, b\u00e9ton de haute qualit\u00e9 rouge et durable. Ce quartzite rouge-orange a des performances extraordinaires et et tr\u00e8s d\u00fbr, couleur stable dans le temps. Pour toutes applications de haute qualit\u00e9.<\/p>\n<p>Ce type de granulat rouge-orang\u00e9 accompagne tout vos projets exclusifs et gr\u00e2ce \u00e0 ses caract\u00e9ristiques extr\u00e8mement durables ce concass\u00e9 restera de grande qualit\u00e9 votre vie enti\u00e8re, sans compromis.<\/p>\n","protected":false},"excerpt":{"rendered":"<p>Nom produit: VIGNE ROUGE Origine : Quartzite LA : 18 Granulom\u00e9trie : 0\/4 4\/6 6\/10 (stock) 10\/14 Remarques:\u00a0\u00e0 utiliser dans les travaux routiers, b\u00e9ton traffic lourd inclus. Aussi pour les applications paysagisme, b\u00e9ton d\u00e9coratif, b\u00e9ton lav\u00e9 et d\u00e9sactiv\u00e9, b\u00e9ton de haute qualit\u00e9 rouge et durable. Ce quartzite rouge-orange a des performances extraordinaires et et tr\u00e8s [&hellip;]<\/p>\n","protected":false},"featured_media":9914,"comment_status":"open","ping_status":"closed","template":"","meta":[],"class_list":["post-9916","product","type-product","status-publish","has-post-thumbnail","hentry","product_cat-construction-routiere","product_cat-betons","product_cat-paysagisme","product_tag-crushed-fr","product_tag-red-fr","pa_color-rouge","pa_grain_type-concasse"],"yoast_head":"<!-- This site is optimized with the Yoast SEO plugin v15.9.2 - https:\/\/yoast.com\/wordpress\/plugins\/seo\/ -->\n<title>Vigne Rouge - Ghent Aggregates<\/title>\n<link rel=\"canonical\" href=\"https:\/\/ghentaggregates.be\/fr\/produits\/construction-routiere\/vigne-rouge\/\" \/>\n<meta property=\"og:locale\" content=\"fr_FR\" \/>\n<meta property=\"og:type\" content=\"article\" \/>\n<meta property=\"og:title\" content=\"Vigne Rouge - Ghent Aggregates\" \/>\n<meta property=\"og:description\" content=\"Nom produit: VIGNE ROUGE Origine : Quartzite LA : 18 Granulom\u00e9trie : 0\/4 4\/6 6\/10 (stock) 10\/14 Remarques:\u00a0\u00e0 utiliser dans les travaux routiers, b\u00e9ton traffic lourd inclus. Aussi pour les applications paysagisme, b\u00e9ton d\u00e9coratif, b\u00e9ton lav\u00e9 et d\u00e9sactiv\u00e9, b\u00e9ton de haute qualit\u00e9 rouge et durable. Ce quartzite rouge-orange a des performances extraordinaires et et tr\u00e8s [&hellip;]\" \/>\n<meta property=\"og:url\" content=\"https:\/\/ghentaggregates.be\/fr\/produits\/construction-routiere\/vigne-rouge\/\" \/>\n<meta property=\"og:site_name\" content=\"Ghent Aggregates\" \/>\n<meta property=\"article:modified_time\" content=\"2020-07-20T19:42:45+00:00\" \/>\n<meta property=\"og:image\" content=\"https:\/\/ghentaggregates.be\/wp-content\/uploads\/2017\/02\/ghent-aggregates-vigne-rouge-6-10.jpg\" \/>\n\t<meta property=\"og:image:width\" content=\"1152\" \/>\n\t<meta property=\"og:image:height\" content=\"768\" \/>\n<meta name=\"twitter:card\" content=\"summary_large_image\" \/>\n<script type=\"application\/ld+json\" class=\"yoast-schema-graph\">{\"@context\":\"https:\/\/schema.org\",\"@graph\":[{\"@type\":\"WebSite\",\"@id\":\"https:\/\/ghentaggregates.be\/#website\",\"url\":\"https:\/\/ghentaggregates.be\/\",\"name\":\"Ghent Aggregates\",\"description\":\"Votre partenaire pour tout granulats d\\u00e9co et techniques\",\"potentialAction\":[{\"@type\":\"SearchAction\",\"target\":\"https:\/\/ghentaggregates.be\/?s={search_term_string}\",\"query-input\":\"required name=search_term_string\"}],\"inLanguage\":\"fr-BE\"},{\"@type\":\"ImageObject\",\"@id\":\"https:\/\/ghentaggregates.be\/fr\/produits\/construction-routiere\/vigne-rouge\/#primaryimage\",\"inLanguage\":\"fr-BE\",\"url\":\"https:\/\/ghentaggregates.be\/wp-content\/uploads\/2017\/02\/ghent-aggregates-vigne-rouge-6-10.jpg\",\"width\":1152,\"height\":768},{\"@type\":\"WebPage\",\"@id\":\"https:\/\/ghentaggregates.be\/fr\/produits\/construction-routiere\/vigne-rouge\/#webpage\",\"url\":\"https:\/\/ghentaggregates.be\/fr\/produits\/construction-routiere\/vigne-rouge\/\",\"name\":\"Vigne Rouge - Ghent Aggregates\",\"isPartOf\":{\"@id\":\"https:\/\/ghentaggregates.be\/#website\"},\"primaryImageOfPage\":{\"@id\":\"https:\/\/ghentaggregates.be\/fr\/produits\/construction-routiere\/vigne-rouge\/#primaryimage\"},\"datePublished\":\"2017-02-26T16:47:37+00:00\",\"dateModified\":\"2020-07-20T19:42:45+00:00\",\"breadcrumb\":{\"@id\":\"https:\/\/ghentaggregates.be\/fr\/produits\/construction-routiere\/vigne-rouge\/#breadcrumb\"},\"inLanguage\":\"fr-BE\",\"potentialAction\":[{\"@type\":\"ReadAction\",\"target\":[\"https:\/\/ghentaggregates.be\/fr\/produits\/construction-routiere\/vigne-rouge\/\"]}]},{\"@type\":\"BreadcrumbList\",\"@id\":\"https:\/\/ghentaggregates.be\/fr\/produits\/construction-routiere\/vigne-rouge\/#breadcrumb\",\"itemListElement\":[{\"@type\":\"ListItem\",\"position\":1,\"item\":{\"@type\":\"WebPage\",\"@id\":\"https:\/\/ghentaggregates.be\/fr\/\",\"url\":\"https:\/\/ghentaggregates.be\/fr\/\",\"name\":\"Home\"}},{\"@type\":\"ListItem\",\"position\":2,\"item\":{\"@type\":\"WebPage\",\"@id\":\"https:\/\/ghentaggregates.be\/fr\/produits\/construction-routiere\/\",\"url\":\"https:\/\/ghentaggregates.be\/fr\/produits\/construction-routiere\/\",\"name\":\"Construction routi\\u00e8re\"}},{\"@type\":\"ListItem\",\"position\":3,\"item\":{\"@type\":\"WebPage\",\"@id\":\"https:\/\/ghentaggregates.be\/fr\/produits\/construction-routiere\/vigne-rouge\/\",\"url\":\"https:\/\/ghentaggregates.be\/fr\/produits\/construction-routiere\/vigne-rouge\/\",\"name\":\"Vigne Rouge\"}}]}]}<\/script>\n<!-- \/ Yoast SEO plugin. -->","_links":{"self":[{"href":"https:\/\/ghentaggregates.be\/fr\/wp-json\/wp\/v2\/product\/9916"}],"collection":[{"href":"https:\/\/ghentaggregates.be\/fr\/wp-json\/wp\/v2\/product"}],"about":[{"href":"https:\/\/ghentaggregates.be\/fr\/wp-json\/wp\/v2\/types\/product"}],"replies":[{"embeddable":true,"href":"https:\/\/ghentaggregates.be\/fr\/wp-json\/wp\/v2\/comments?post=9916"}],"version-history":[{"count":0,"href":"https:\/\/ghentaggregates.be\/fr\/wp-json\/wp\/v2\/product\/9916\/revisions"}],"wp:featuredmedia":[{"embeddable":true,"href":"https:\/\/ghentaggregates.be\/fr\/wp-json\/wp\/v2\/media\/9914"}],"wp:attachment":[{"href":"https:\/\/ghentaggregates.be\/fr\/wp-json\/wp\/v2\/media?parent=9916"}],"curies":[{"name":"wp","href":"https:\/\/api.w.org\/{rel}","templated":true}]}}