{"id":9924,"date":"2017-02-26T17:58:15","date_gmt":"2017-02-26T16:58:15","guid":{"rendered":"https:\/\/ghentaggregates2019.dazzle-qa.be\/product\/visiwhite\/"},"modified":"2020-07-20T21:34:14","modified_gmt":"2020-07-20T19:34:14","slug":"visiwhite","status":"publish","type":"product","link":"https:\/\/ghentaggregates.be\/fr\/produits\/construction-routiere\/visiwhite\/","title":{"rendered":"Visiwhite"},"content":{"rendered":"<table>\n<tbody>\n<tr>\n<td>Nom produit:<\/td>\n<td>VISIWHITE<\/td>\n<\/tr>\n<tr>\n<td>Connu comme :<\/td>\n<td><\/td>\n<\/tr>\n<tr>\n<td>Origine :<\/td>\n<td>Silex<\/td>\n<\/tr>\n<tr>\n<td>LA :<\/td>\n<td>16<\/td>\n<\/tr>\n<tr>\n<td>Granulom\u00e9trie :<\/td>\n<td>0\/2<br \/>\n1\/3<br \/>\n2\/5<br \/>\n5\/8<br \/>\n8\/11<\/td>\n<\/tr>\n<\/tbody>\n<\/table>\n<p><strong>Remarques:\u00a0<\/strong>\u00e0 utiliser dans le routier, zones \u00e0 traffic lourd inclus. Ce granulat est cr\u00e9\u00e9 pour les applications de r\u00e9flexion lumi\u00e8re afin d&rsquo;augmenter la s\u00e9curit\u00e9 routi\u00e8re et d&rsquo;\u00e9pargner sur la consommation d&rsquo;\u00e9lectricit\u00e9 dans les communes. Aussi il contribue \u00e0 des b\u00e9tons et enrob\u00e9s plus durables dans le temps.<\/p>\n<p><strong>Contactez-nous<\/strong> pour le dossier Visiwhite et ses applications de r\u00e9flexion lumi\u00e8re-s\u00e9curit\u00e9.<\/p>\n","protected":false},"excerpt":{"rendered":"<p>Nom produit: VISIWHITE Connu comme : Origine : Silex LA : 16 Granulom\u00e9trie : 0\/2 1\/3 2\/5 5\/8 8\/11 Remarques:\u00a0\u00e0 utiliser dans le routier, zones \u00e0 traffic lourd inclus. Ce granulat est cr\u00e9\u00e9 pour les applications de r\u00e9flexion lumi\u00e8re afin d&rsquo;augmenter la s\u00e9curit\u00e9 routi\u00e8re et d&rsquo;\u00e9pargner sur la consommation d&rsquo;\u00e9lectricit\u00e9 dans les communes. Aussi il [&hellip;]<\/p>\n","protected":false},"featured_media":9922,"comment_status":"open","ping_status":"closed","template":"","meta":[],"class_list":["post-9924","product","type-product","status-publish","has-post-thumbnail","hentry","product_cat-construction-routiere","product_cat-betons","product_cat-paysagisme","product_tag-crushed-fr","product_tag-white-fr","pa_color-blanc","pa_grain_type-roule"],"yoast_head":"<!-- This site is optimized with the Yoast SEO plugin v15.9.2 - https:\/\/yoast.com\/wordpress\/plugins\/seo\/ -->\n<title>Visiwhite - Ghent Aggregates<\/title>\n<link rel=\"canonical\" href=\"https:\/\/ghentaggregates.be\/fr\/produits\/construction-routiere\/visiwhite\/\" \/>\n<meta property=\"og:locale\" content=\"fr_FR\" \/>\n<meta property=\"og:type\" content=\"article\" \/>\n<meta property=\"og:title\" content=\"Visiwhite - Ghent Aggregates\" \/>\n<meta property=\"og:description\" content=\"Nom produit: VISIWHITE Connu comme : Origine : Silex LA : 16 Granulom\u00e9trie : 0\/2 1\/3 2\/5 5\/8 8\/11 Remarques:\u00a0\u00e0 utiliser dans le routier, zones \u00e0 traffic lourd inclus. Ce granulat est cr\u00e9\u00e9 pour les applications de r\u00e9flexion lumi\u00e8re afin d&rsquo;augmenter la s\u00e9curit\u00e9 routi\u00e8re et d&rsquo;\u00e9pargner sur la consommation d&rsquo;\u00e9lectricit\u00e9 dans les communes. Aussi il [&hellip;]\" \/>\n<meta property=\"og:url\" content=\"https:\/\/ghentaggregates.be\/fr\/produits\/construction-routiere\/visiwhite\/\" \/>\n<meta property=\"og:site_name\" content=\"Ghent Aggregates\" \/>\n<meta property=\"article:modified_time\" content=\"2020-07-20T19:34:14+00:00\" \/>\n<meta property=\"og:image\" content=\"https:\/\/ghentaggregates.be\/wp-content\/uploads\/2017\/02\/ghent-aggregates-visiwhite-5-8.jpg\" \/>\n\t<meta property=\"og:image:width\" content=\"1152\" \/>\n\t<meta property=\"og:image:height\" content=\"768\" \/>\n<meta name=\"twitter:card\" content=\"summary_large_image\" \/>\n<script type=\"application\/ld+json\" class=\"yoast-schema-graph\">{\"@context\":\"https:\/\/schema.org\",\"@graph\":[{\"@type\":\"WebSite\",\"@id\":\"https:\/\/ghentaggregates.be\/#website\",\"url\":\"https:\/\/ghentaggregates.be\/\",\"name\":\"Ghent Aggregates\",\"description\":\"Votre partenaire pour tout granulats d\\u00e9co et techniques\",\"potentialAction\":[{\"@type\":\"SearchAction\",\"target\":\"https:\/\/ghentaggregates.be\/?s={search_term_string}\",\"query-input\":\"required name=search_term_string\"}],\"inLanguage\":\"fr-BE\"},{\"@type\":\"ImageObject\",\"@id\":\"https:\/\/ghentaggregates.be\/fr\/produits\/construction-routiere\/visiwhite\/#primaryimage\",\"inLanguage\":\"fr-BE\",\"url\":\"https:\/\/ghentaggregates.be\/wp-content\/uploads\/2017\/02\/ghent-aggregates-visiwhite-5-8.jpg\",\"width\":1152,\"height\":768},{\"@type\":\"WebPage\",\"@id\":\"https:\/\/ghentaggregates.be\/fr\/produits\/construction-routiere\/visiwhite\/#webpage\",\"url\":\"https:\/\/ghentaggregates.be\/fr\/produits\/construction-routiere\/visiwhite\/\",\"name\":\"Visiwhite - Ghent Aggregates\",\"isPartOf\":{\"@id\":\"https:\/\/ghentaggregates.be\/#website\"},\"primaryImageOfPage\":{\"@id\":\"https:\/\/ghentaggregates.be\/fr\/produits\/construction-routiere\/visiwhite\/#primaryimage\"},\"datePublished\":\"2017-02-26T16:58:15+00:00\",\"dateModified\":\"2020-07-20T19:34:14+00:00\",\"breadcrumb\":{\"@id\":\"https:\/\/ghentaggregates.be\/fr\/produits\/construction-routiere\/visiwhite\/#breadcrumb\"},\"inLanguage\":\"fr-BE\",\"potentialAction\":[{\"@type\":\"ReadAction\",\"target\":[\"https:\/\/ghentaggregates.be\/fr\/produits\/construction-routiere\/visiwhite\/\"]}]},{\"@type\":\"BreadcrumbList\",\"@id\":\"https:\/\/ghentaggregates.be\/fr\/produits\/construction-routiere\/visiwhite\/#breadcrumb\",\"itemListElement\":[{\"@type\":\"ListItem\",\"position\":1,\"item\":{\"@type\":\"WebPage\",\"@id\":\"https:\/\/ghentaggregates.be\/fr\/\",\"url\":\"https:\/\/ghentaggregates.be\/fr\/\",\"name\":\"Home\"}},{\"@type\":\"ListItem\",\"position\":2,\"item\":{\"@type\":\"WebPage\",\"@id\":\"https:\/\/ghentaggregates.be\/fr\/produits\/construction-routiere\/\",\"url\":\"https:\/\/ghentaggregates.be\/fr\/produits\/construction-routiere\/\",\"name\":\"Construction routi\\u00e8re\"}},{\"@type\":\"ListItem\",\"position\":3,\"item\":{\"@type\":\"WebPage\",\"@id\":\"https:\/\/ghentaggregates.be\/fr\/produits\/construction-routiere\/visiwhite\/\",\"url\":\"https:\/\/ghentaggregates.be\/fr\/produits\/construction-routiere\/visiwhite\/\",\"name\":\"Visiwhite\"}}]}]}<\/script>\n<!-- \/ Yoast SEO plugin. -->","_links":{"self":[{"href":"https:\/\/ghentaggregates.be\/fr\/wp-json\/wp\/v2\/product\/9924"}],"collection":[{"href":"https:\/\/ghentaggregates.be\/fr\/wp-json\/wp\/v2\/product"}],"about":[{"href":"https:\/\/ghentaggregates.be\/fr\/wp-json\/wp\/v2\/types\/product"}],"replies":[{"embeddable":true,"href":"https:\/\/ghentaggregates.be\/fr\/wp-json\/wp\/v2\/comments?post=9924"}],"version-history":[{"count":0,"href":"https:\/\/ghentaggregates.be\/fr\/wp-json\/wp\/v2\/product\/9924\/revisions"}],"wp:featuredmedia":[{"embeddable":true,"href":"https:\/\/ghentaggregates.be\/fr\/wp-json\/wp\/v2\/media\/9922"}],"wp:attachment":[{"href":"https:\/\/ghentaggregates.be\/fr\/wp-json\/wp\/v2\/media?parent=9924"}],"curies":[{"name":"wp","href":"https:\/\/api.w.org\/{rel}","templated":true}]}}