{"id":9932,"date":"2017-02-26T18:22:19","date_gmt":"2017-02-26T17:22:19","guid":{"rendered":"https:\/\/ghentaggregates2019.dazzle-qa.be\/product\/yellow-sun\/"},"modified":"2021-02-28T19:55:06","modified_gmt":"2021-02-28T18:55:06","slug":"yellow-sun","status":"publish","type":"product","link":"https:\/\/ghentaggregates.be\/fr\/produits\/betons\/yellow-sun\/","title":{"rendered":"Yellow Sun"},"content":{"rendered":"<table>\n<tbody>\n<tr>\n<td>Nom produit:<\/td>\n<td>YELLOW SUN<\/td>\n<\/tr>\n<tr>\n<td>Connu comme :<\/td>\n<td>&#8211;<\/td>\n<\/tr>\n<tr>\n<td>Origine :<\/td>\n<td>Limestone<\/td>\n<\/tr>\n<tr>\n<td>LA :<\/td>\n<td>20<\/td>\n<\/tr>\n<tr>\n<td>Granulom\u00e9trie :<\/td>\n<td>5\/11<br \/>\n8\/11 (stock)<br \/>\n8\/16 (stock)<br \/>\n11\/16 (stock)<br \/>\n11\/22<\/td>\n<\/tr>\n<\/tbody>\n<\/table>\n<p><strong>Remarques:\u00a0<\/strong>\u00e0 utiliser dans les b\u00e9tons routiers et enrob\u00e9s, sauf zones \u00e0 traffic lourd. Granulat jaune claire ram\u00e8ne de la fraicheur et belle couleur l\u00e9g\u00e8re dans votre environnement sans ennuyer rapidement. \u00a0A utiliser \u00e9galement dans les b\u00e9tons d\u00e9sactiv\u00e9s, b\u00e9tons lav\u00e9s, bouchard\u00e9s, d\u00e9coratifs etc. Calcaire de tr\u00e8s haute qualit\u00e9 avec une mise en place exceptionnellement facile. Ce jaune soleil rend votre projet chic et classe.<\/p>\n","protected":false},"excerpt":{"rendered":"<p>Nom produit: YELLOW SUN Connu comme : &#8211; Origine : Limestone LA : 20 Granulom\u00e9trie : 5\/11 8\/11 (stock) 8\/16 (stock) 11\/16 (stock) 11\/22 Remarques:\u00a0\u00e0 utiliser dans les b\u00e9tons routiers et enrob\u00e9s, sauf zones \u00e0 traffic lourd. Granulat jaune claire ram\u00e8ne de la fraicheur et belle couleur l\u00e9g\u00e8re dans votre environnement sans ennuyer rapidement. \u00a0A [&hellip;]<\/p>\n","protected":false},"featured_media":9930,"comment_status":"open","ping_status":"closed","template":"","meta":[],"class_list":["post-9932","product","type-product","status-publish","has-post-thumbnail","hentry","product_cat-betons","product_cat-paysagisme","product_cat-terrazzo-fr","product_tag-crushed-fr","product_tag-yellow-fr","pa_color-jaune","pa_grain_type-concasse"],"yoast_head":"<!-- This site is optimized with the Yoast SEO plugin v15.9.2 - https:\/\/yoast.com\/wordpress\/plugins\/seo\/ -->\n<title>Yellow Sun - Ghent Aggregates<\/title>\n<link rel=\"canonical\" href=\"https:\/\/ghentaggregates.be\/fr\/produits\/betons\/yellow-sun\/\" \/>\n<meta property=\"og:locale\" content=\"fr_FR\" \/>\n<meta property=\"og:type\" content=\"article\" \/>\n<meta property=\"og:title\" content=\"Yellow Sun - Ghent Aggregates\" \/>\n<meta property=\"og:description\" content=\"Nom produit: YELLOW SUN Connu comme : &#8211; Origine : Limestone LA : 20 Granulom\u00e9trie : 5\/11 8\/11 (stock) 8\/16 (stock) 11\/16 (stock) 11\/22 Remarques:\u00a0\u00e0 utiliser dans les b\u00e9tons routiers et enrob\u00e9s, sauf zones \u00e0 traffic lourd. Granulat jaune claire ram\u00e8ne de la fraicheur et belle couleur l\u00e9g\u00e8re dans votre environnement sans ennuyer rapidement. \u00a0A [&hellip;]\" \/>\n<meta property=\"og:url\" content=\"https:\/\/ghentaggregates.be\/fr\/produits\/betons\/yellow-sun\/\" \/>\n<meta property=\"og:site_name\" content=\"Ghent Aggregates\" \/>\n<meta property=\"article:modified_time\" content=\"2021-02-28T18:55:06+00:00\" \/>\n<meta property=\"og:image\" content=\"https:\/\/ghentaggregates.be\/wp-content\/uploads\/2017\/02\/ghent-aggregates-yellow-sun-5-11.jpg\" \/>\n\t<meta property=\"og:image:width\" content=\"1152\" \/>\n\t<meta property=\"og:image:height\" content=\"768\" \/>\n<meta name=\"twitter:card\" content=\"summary_large_image\" \/>\n<meta name=\"twitter:label1\" content=\"Dur\u00e9e de lecture est.\">\n\t<meta name=\"twitter:data1\" content=\"1 minute\">\n<script type=\"application\/ld+json\" class=\"yoast-schema-graph\">{\"@context\":\"https:\/\/schema.org\",\"@graph\":[{\"@type\":\"WebSite\",\"@id\":\"https:\/\/ghentaggregates.be\/#website\",\"url\":\"https:\/\/ghentaggregates.be\/\",\"name\":\"Ghent Aggregates\",\"description\":\"Votre partenaire pour tout granulats d\\u00e9co et techniques\",\"potentialAction\":[{\"@type\":\"SearchAction\",\"target\":\"https:\/\/ghentaggregates.be\/?s={search_term_string}\",\"query-input\":\"required name=search_term_string\"}],\"inLanguage\":\"fr-BE\"},{\"@type\":\"ImageObject\",\"@id\":\"https:\/\/ghentaggregates.be\/fr\/produits\/betons\/yellow-sun\/#primaryimage\",\"inLanguage\":\"fr-BE\",\"url\":\"https:\/\/ghentaggregates.be\/wp-content\/uploads\/2017\/02\/ghent-aggregates-yellow-sun-5-11.jpg\",\"width\":1152,\"height\":768},{\"@type\":\"WebPage\",\"@id\":\"https:\/\/ghentaggregates.be\/fr\/produits\/betons\/yellow-sun\/#webpage\",\"url\":\"https:\/\/ghentaggregates.be\/fr\/produits\/betons\/yellow-sun\/\",\"name\":\"Yellow Sun - Ghent Aggregates\",\"isPartOf\":{\"@id\":\"https:\/\/ghentaggregates.be\/#website\"},\"primaryImageOfPage\":{\"@id\":\"https:\/\/ghentaggregates.be\/fr\/produits\/betons\/yellow-sun\/#primaryimage\"},\"datePublished\":\"2017-02-26T17:22:19+00:00\",\"dateModified\":\"2021-02-28T18:55:06+00:00\",\"breadcrumb\":{\"@id\":\"https:\/\/ghentaggregates.be\/fr\/produits\/betons\/yellow-sun\/#breadcrumb\"},\"inLanguage\":\"fr-BE\",\"potentialAction\":[{\"@type\":\"ReadAction\",\"target\":[\"https:\/\/ghentaggregates.be\/fr\/produits\/betons\/yellow-sun\/\"]}]},{\"@type\":\"BreadcrumbList\",\"@id\":\"https:\/\/ghentaggregates.be\/fr\/produits\/betons\/yellow-sun\/#breadcrumb\",\"itemListElement\":[{\"@type\":\"ListItem\",\"position\":1,\"item\":{\"@type\":\"WebPage\",\"@id\":\"https:\/\/ghentaggregates.be\/fr\/\",\"url\":\"https:\/\/ghentaggregates.be\/fr\/\",\"name\":\"Home\"}},{\"@type\":\"ListItem\",\"position\":2,\"item\":{\"@type\":\"WebPage\",\"@id\":\"https:\/\/ghentaggregates.be\/fr\/produits\/betons\/\",\"url\":\"https:\/\/ghentaggregates.be\/fr\/produits\/betons\/\",\"name\":\"Granulats pour b\\u00e9tons\"}},{\"@type\":\"ListItem\",\"position\":3,\"item\":{\"@type\":\"WebPage\",\"@id\":\"https:\/\/ghentaggregates.be\/fr\/produits\/betons\/yellow-sun\/\",\"url\":\"https:\/\/ghentaggregates.be\/fr\/produits\/betons\/yellow-sun\/\",\"name\":\"Yellow Sun\"}}]}]}<\/script>\n<!-- \/ Yoast SEO plugin. -->","_links":{"self":[{"href":"https:\/\/ghentaggregates.be\/fr\/wp-json\/wp\/v2\/product\/9932"}],"collection":[{"href":"https:\/\/ghentaggregates.be\/fr\/wp-json\/wp\/v2\/product"}],"about":[{"href":"https:\/\/ghentaggregates.be\/fr\/wp-json\/wp\/v2\/types\/product"}],"replies":[{"embeddable":true,"href":"https:\/\/ghentaggregates.be\/fr\/wp-json\/wp\/v2\/comments?post=9932"}],"version-history":[{"count":0,"href":"https:\/\/ghentaggregates.be\/fr\/wp-json\/wp\/v2\/product\/9932\/revisions"}],"wp:featuredmedia":[{"embeddable":true,"href":"https:\/\/ghentaggregates.be\/fr\/wp-json\/wp\/v2\/media\/9930"}],"wp:attachment":[{"href":"https:\/\/ghentaggregates.be\/fr\/wp-json\/wp\/v2\/media?parent=9932"}],"curies":[{"name":"wp","href":"https:\/\/api.w.org\/{rel}","templated":true}]}}