{"id":9998,"date":"2017-06-01T20:03:11","date_gmt":"2017-06-01T20:03:11","guid":{"rendered":"https:\/\/ghentaggregates2019.dazzle-qa.be\/product\/grindmat-zwart\/"},"modified":"2019-10-15T09:16:20","modified_gmt":"2019-10-15T09:16:20","slug":"stabilisateur-gravier-noir","status":"publish","type":"product","link":"https:\/\/ghentaggregates.be\/fr\/produits\/paysagisme\/stabilisateur-gravier-noir\/","title":{"rendered":"Stabilisateur Gravier noir"},"content":{"rendered":"<table>\n<tr>\n<td>Nom produit:<\/td>\n<td>Stabilisateur Gravier\u00a0noir<\/td>\n<\/tr>\n<\/table>\n<p><strong>Propri\u00e9t\u00e9s\u00a0:<br \/>\n<\/strong>&#8211; Dimensions : 119 x 78,6\u00a0(= 0,935 m\u00b2)<br \/>\n&#8211; Hauteur: 3 cm \u00a0&#8211; recouvrir\u00a0min. 5 \u00e0 6cm (+- 75kg\/m\u00b2)<br \/>\n&#8211; Fibre anti-racine incluse coll\u00e9e<br \/>\n&#8211; Palette = 37 pc.<br \/>\n&#8211; Tr\u00e8s d\u00fbr, r\u00e9sistant au traffic voiture et camion l\u00e9ger \u00e0 vide!<\/p>\n<p><strong>Description:\u00a0<\/strong>Utilisez le stabilisateur gravier sur une sous-fondation d\u00fbre \u00e9galis\u00e9e pour la cr\u00e9ation d&rsquo;une all\u00e9e ou entr\u00e9e de garage ou terrasse parfaite. Plus de soucis avec les talons sur le gravier, ou traces de v\u00e9los. Qualit\u00e9 au top, au prix concurrentiel.<\/p>\n","protected":false},"excerpt":{"rendered":"<p>Nom produit: Stabilisateur Gravier\u00a0noir Propri\u00e9t\u00e9s\u00a0: &#8211; Dimensions : 119 x 78,6\u00a0(= 0,935 m\u00b2) &#8211; Hauteur: 3 cm \u00a0&#8211; recouvrir\u00a0min. 5 \u00e0 6cm (+- 75kg\/m\u00b2) &#8211; Fibre anti-racine incluse coll\u00e9e &#8211; Palette = 37 pc. &#8211; Tr\u00e8s d\u00fbr, r\u00e9sistant au traffic voiture et camion l\u00e9ger \u00e0 vide! Description:\u00a0Utilisez le stabilisateur gravier sur une sous-fondation d\u00fbre \u00e9galis\u00e9e [&hellip;]<\/p>\n","protected":false},"featured_media":9996,"comment_status":"open","ping_status":"closed","template":"","meta":[],"class_list":["post-9998","product","type-product","status-publish","has-post-thumbnail","hentry","product_cat-paysagisme","pa_grain_type-stabilisateur-gravier"],"yoast_head":"<!-- This site is optimized with the Yoast SEO plugin v15.9.2 - https:\/\/yoast.com\/wordpress\/plugins\/seo\/ -->\n<title>Stabilisateur Gravier noir - Ghent Aggregates<\/title>\n<link rel=\"canonical\" href=\"https:\/\/ghentaggregates.be\/fr\/produits\/paysagisme\/stabilisateur-gravier-noir\/\" \/>\n<meta property=\"og:locale\" content=\"fr_FR\" \/>\n<meta property=\"og:type\" content=\"article\" \/>\n<meta property=\"og:title\" content=\"Stabilisateur Gravier noir - Ghent Aggregates\" \/>\n<meta property=\"og:description\" content=\"Nom produit: Stabilisateur Gravier\u00a0noir Propri\u00e9t\u00e9s\u00a0: &#8211; Dimensions : 119 x 78,6\u00a0(= 0,935 m\u00b2) &#8211; Hauteur: 3 cm \u00a0&#8211; recouvrir\u00a0min. 5 \u00e0 6cm (+- 75kg\/m\u00b2) &#8211; Fibre anti-racine incluse coll\u00e9e &#8211; Palette = 37 pc. &#8211; Tr\u00e8s d\u00fbr, r\u00e9sistant au traffic voiture et camion l\u00e9ger \u00e0 vide! Description:\u00a0Utilisez le stabilisateur gravier sur une sous-fondation d\u00fbre \u00e9galis\u00e9e [&hellip;]\" \/>\n<meta property=\"og:url\" content=\"https:\/\/ghentaggregates.be\/fr\/produits\/paysagisme\/stabilisateur-gravier-noir\/\" \/>\n<meta property=\"og:site_name\" content=\"Ghent Aggregates\" \/>\n<meta property=\"article:modified_time\" content=\"2019-10-15T09:16:20+00:00\" \/>\n<meta property=\"og:image\" content=\"https:\/\/ghentaggregates.be\/wp-content\/uploads\/2017\/06\/ghent_aggregates_grindmat_zwart.jpg\" \/>\n\t<meta property=\"og:image:width\" content=\"436\" \/>\n\t<meta property=\"og:image:height\" content=\"311\" \/>\n<meta name=\"twitter:card\" content=\"summary_large_image\" \/>\n<script type=\"application\/ld+json\" class=\"yoast-schema-graph\">{\"@context\":\"https:\/\/schema.org\",\"@graph\":[{\"@type\":\"WebSite\",\"@id\":\"https:\/\/ghentaggregates.be\/#website\",\"url\":\"https:\/\/ghentaggregates.be\/\",\"name\":\"Ghent Aggregates\",\"description\":\"Votre partenaire pour tout granulats d\\u00e9co et techniques\",\"potentialAction\":[{\"@type\":\"SearchAction\",\"target\":\"https:\/\/ghentaggregates.be\/?s={search_term_string}\",\"query-input\":\"required name=search_term_string\"}],\"inLanguage\":\"fr-BE\"},{\"@type\":\"ImageObject\",\"@id\":\"https:\/\/ghentaggregates.be\/fr\/produits\/paysagisme\/stabilisateur-gravier-noir\/#primaryimage\",\"inLanguage\":\"fr-BE\",\"url\":\"https:\/\/ghentaggregates.be\/wp-content\/uploads\/2017\/06\/ghent_aggregates_grindmat_zwart.jpg\",\"width\":436,\"height\":311},{\"@type\":\"WebPage\",\"@id\":\"https:\/\/ghentaggregates.be\/fr\/produits\/paysagisme\/stabilisateur-gravier-noir\/#webpage\",\"url\":\"https:\/\/ghentaggregates.be\/fr\/produits\/paysagisme\/stabilisateur-gravier-noir\/\",\"name\":\"Stabilisateur Gravier noir - Ghent Aggregates\",\"isPartOf\":{\"@id\":\"https:\/\/ghentaggregates.be\/#website\"},\"primaryImageOfPage\":{\"@id\":\"https:\/\/ghentaggregates.be\/fr\/produits\/paysagisme\/stabilisateur-gravier-noir\/#primaryimage\"},\"datePublished\":\"2017-06-01T20:03:11+00:00\",\"dateModified\":\"2019-10-15T09:16:20+00:00\",\"breadcrumb\":{\"@id\":\"https:\/\/ghentaggregates.be\/fr\/produits\/paysagisme\/stabilisateur-gravier-noir\/#breadcrumb\"},\"inLanguage\":\"fr-BE\",\"potentialAction\":[{\"@type\":\"ReadAction\",\"target\":[\"https:\/\/ghentaggregates.be\/fr\/produits\/paysagisme\/stabilisateur-gravier-noir\/\"]}]},{\"@type\":\"BreadcrumbList\",\"@id\":\"https:\/\/ghentaggregates.be\/fr\/produits\/paysagisme\/stabilisateur-gravier-noir\/#breadcrumb\",\"itemListElement\":[{\"@type\":\"ListItem\",\"position\":1,\"item\":{\"@type\":\"WebPage\",\"@id\":\"https:\/\/ghentaggregates.be\/fr\/\",\"url\":\"https:\/\/ghentaggregates.be\/fr\/\",\"name\":\"Home\"}},{\"@type\":\"ListItem\",\"position\":2,\"item\":{\"@type\":\"WebPage\",\"@id\":\"https:\/\/ghentaggregates.be\/fr\/produits\/paysagisme\/\",\"url\":\"https:\/\/ghentaggregates.be\/fr\/produits\/paysagisme\/\",\"name\":\"Paysagisme\"}},{\"@type\":\"ListItem\",\"position\":3,\"item\":{\"@type\":\"WebPage\",\"@id\":\"https:\/\/ghentaggregates.be\/fr\/produits\/paysagisme\/stabilisateur-gravier-noir\/\",\"url\":\"https:\/\/ghentaggregates.be\/fr\/produits\/paysagisme\/stabilisateur-gravier-noir\/\",\"name\":\"Stabilisateur Gravier noir\"}}]}]}<\/script>\n<!-- \/ Yoast SEO plugin. -->","_links":{"self":[{"href":"https:\/\/ghentaggregates.be\/fr\/wp-json\/wp\/v2\/product\/9998"}],"collection":[{"href":"https:\/\/ghentaggregates.be\/fr\/wp-json\/wp\/v2\/product"}],"about":[{"href":"https:\/\/ghentaggregates.be\/fr\/wp-json\/wp\/v2\/types\/product"}],"replies":[{"embeddable":true,"href":"https:\/\/ghentaggregates.be\/fr\/wp-json\/wp\/v2\/comments?post=9998"}],"version-history":[{"count":0,"href":"https:\/\/ghentaggregates.be\/fr\/wp-json\/wp\/v2\/product\/9998\/revisions"}],"wp:featuredmedia":[{"embeddable":true,"href":"https:\/\/ghentaggregates.be\/fr\/wp-json\/wp\/v2\/media\/9996"}],"wp:attachment":[{"href":"https:\/\/ghentaggregates.be\/fr\/wp-json\/wp\/v2\/media?parent=9998"}],"curies":[{"name":"wp","href":"https:\/\/api.w.org\/{rel}","templated":true}]}}